{"id":457,"date":"2022-04-10T21:06:29","date_gmt":"2022-04-10T21:06:29","guid":{"rendered":"http:\/\/techtronik.store\/?post_type=product&#038;p=457"},"modified":"2023-04-13T20:46:12","modified_gmt":"2023-04-13T20:46:12","slug":"lm7805","status":"publish","type":"product","link":"https:\/\/techtronik.store\/?product=lm7805","title":{"rendered":"LM7805"},"content":{"rendered":"<div align=\"justify\">\n<div align=\"justify\">\n<p>Es un regulador de voltaje lineal positivo con voltaje de salida de 5V DC y corriente de salida m\u00e1xima 1.5A. Tiene un encapsulado de TO-220 de tres pines.<\/p>\n<p>Sirve para suministrar voltaje constante de 5V a partir de un voltaje de entrada mayor que puede ser m\u00ednimo 7V y m\u00e1ximo 35V, recomendable ingresar voltaje de entrada \u226418V DC. Ideal para utilizarlo en proyectos y pr\u00e1cticas de electr\u00f3nica. Puedes int\u00e9gralo en placas de pruebas como protoboards, placas PCBs, fen\u00f3licas as\u00ed como tener el repuesto ideal si se ha da\u00f1ado tu regulador de voltaje.<\/p>\n<\/div>\n<\/div>\n","protected":false},"excerpt":{"rendered":"<p>Es un regulador de voltaje lineal positivo con voltaje de salida de 5V DC y corriente de salida m\u00e1xima 1.5A. Tiene un encapsulado de TO-220 de tres pines. Sirve para suministrar voltaje constante de 5V a partir de un voltaje de entrada mayor que puede ser m\u00ednimo 7V y m\u00e1ximo&hellip; <\/p>\n","protected":false},"featured_media":187,"comment_status":"open","ping_status":"closed","template":"","meta":{"om_disable_all_campaigns":false,"_monsterinsights_skip_tracking":false,"_monsterinsights_sitenote_active":false,"_monsterinsights_sitenote_note":"","_monsterinsights_sitenote_category":0},"product_cat":[35,25],"product_tag":[],"class_list":{"0":"post-457","1":"product","2":"type-product","3":"status-publish","4":"has-post-thumbnail","6":"product_cat-reguladores-lineales","7":"product_cat-fuentes-y-reguladores","9":"first","10":"instock","11":"taxable","12":"shipping-taxable","13":"purchasable","14":"product-type-simple"},"aioseo_notices":[],"_links":{"self":[{"href":"https:\/\/techtronik.store\/index.php?rest_route=\/wp\/v3\/product\/457","targetHints":{"allow":["GET"]}}],"collection":[{"href":"https:\/\/techtronik.store\/index.php?rest_route=\/wp\/v3\/product"}],"about":[{"href":"https:\/\/techtronik.store\/index.php?rest_route=\/wp\/v2\/types\/product"}],"replies":[{"embeddable":true,"href":"https:\/\/techtronik.store\/index.php?rest_route=%2Fwp%2Fv2%2Fcomments&post=457"}],"wp:featuredmedia":[{"embeddable":true,"href":"https:\/\/techtronik.store\/index.php?rest_route=\/wp\/v2\/media\/187"}],"wp:attachment":[{"href":"https:\/\/techtronik.store\/index.php?rest_route=%2Fwp%2Fv2%2Fmedia&parent=457"}],"wp:term":[{"taxonomy":"product_cat","embeddable":true,"href":"https:\/\/techtronik.store\/index.php?rest_route=%2Fwp%2Fv2%2Fproduct_cat&post=457"},{"taxonomy":"product_tag","embeddable":true,"href":"https:\/\/techtronik.store\/index.php?rest_route=%2Fwp%2Fv2%2Fproduct_tag&post=457"}],"curies":[{"name":"wp","href":"https:\/\/api.w.org\/{rel}","templated":true}]}}