{"id":455,"date":"2022-04-10T21:01:30","date_gmt":"2022-04-10T21:01:30","guid":{"rendered":"http:\/\/techtronik.store\/?post_type=product&#038;p=455"},"modified":"2022-10-27T01:20:38","modified_gmt":"2022-10-27T01:20:38","slug":"mt3608-step-up-boost","status":"publish","type":"product","link":"https:\/\/techtronik.store\/?product=mt3608-step-up-boost","title":{"rendered":"MT3608 Step-Up Boost"},"content":{"rendered":"<div align=\"justify\">\n<div align=\"justify\">\n<p>El MT3608 Elevador de Voltaje Boost Step-Up 6W 2A tiene como funci\u00f3n entregar un voltaje de salida (5V a 28V) superior al voltaje de entrada( 2V a 24V) soportando corrientes de salida de hasta 2A. Este voltaje de salida se puede variar mediante un potenci\u00f3metro. Cuenta con una alta eficiencia de conversi\u00f3n, excelente regulaci\u00f3n de l\u00ednea y bajo voltaje de rizado.<\/p>\n<p>El Elevador de Voltaje es \u00fatil para proyectos de rob\u00f3tica en donde se requieren voltajes de alimentaci\u00f3n en los microcontroladores y\/o tarjetas de desarrollo estable.<\/p>\n<\/div>\n<hr \/>\n<h3><strong>ESPECIFICACIONES Y CARACTERISTICAS\u00a0<\/strong><\/h3>\n<ul>\n<li>Convertidor DC-DC\u00a0Boost: MT3608<\/li>\n<li>Voltaje\n<ul>\n<li>Entrada: 2V a 24V DC<\/li>\n<li>Salida: 5V a 28V DC<\/li>\n<\/ul>\n<\/li>\n<li>Corriente de salida: m\u00e1x. 2A (usar disipador para corrientes mayores a 1.5A)<\/li>\n<li>Frecuencia de Trabajo: 1.2MHz<\/li>\n<li>Protecci\u00f3n\u00a0de sobre-temperatura: SI (apaga la salida)<\/li>\n<li>Protecci\u00f3n de corto circuito: NO<\/li>\n<li>Eficiencia de conversi\u00f3n: 93% m\u00e1x.<\/li>\n<li>Protecci\u00f3n limitadora de corriente: SI\u00a0(4A)<\/li>\n<li>Protecci\u00f3n frente a inversi\u00f3n de polaridad: NO<\/li>\n<li>Dimensiones: 36mm x 17 mm x 7mm<\/li>\n<li>Peso: 5 g<\/li>\n<\/ul>\n<\/div>\n","protected":false},"excerpt":{"rendered":"<p>El MT3608 Elevador de Voltaje Boost Step-Up 6W 2A tiene como funci\u00f3n entregar un voltaje de salida (5V a 28V) superior al voltaje de entrada( 2V a 24V) soportando corrientes de salida de hasta 2A. Este voltaje de salida se puede variar mediante un potenci\u00f3metro. Cuenta con una alta eficiencia&hellip; <\/p>\n","protected":false},"featured_media":215,"comment_status":"open","ping_status":"closed","template":"","meta":{"om_disable_all_campaigns":false,"_monsterinsights_skip_tracking":false,"_monsterinsights_sitenote_active":false,"_monsterinsights_sitenote_note":"","_monsterinsights_sitenote_category":0},"product_cat":[34,25],"product_tag":[],"class_list":{"0":"post-455","1":"product","2":"type-product","3":"status-publish","4":"has-post-thumbnail","6":"product_cat-convertidor-dc-dc","7":"product_cat-fuentes-y-reguladores","9":"first","10":"instock","11":"taxable","12":"shipping-taxable","13":"purchasable","14":"product-type-simple"},"aioseo_notices":[],"_links":{"self":[{"href":"https:\/\/techtronik.store\/index.php?rest_route=\/wp\/v3\/product\/455","targetHints":{"allow":["GET"]}}],"collection":[{"href":"https:\/\/techtronik.store\/index.php?rest_route=\/wp\/v3\/product"}],"about":[{"href":"https:\/\/techtronik.store\/index.php?rest_route=\/wp\/v2\/types\/product"}],"replies":[{"embeddable":true,"href":"https:\/\/techtronik.store\/index.php?rest_route=%2Fwp%2Fv2%2Fcomments&post=455"}],"wp:featuredmedia":[{"embeddable":true,"href":"https:\/\/techtronik.store\/index.php?rest_route=\/wp\/v2\/media\/215"}],"wp:attachment":[{"href":"https:\/\/techtronik.store\/index.php?rest_route=%2Fwp%2Fv2%2Fmedia&parent=455"}],"wp:term":[{"taxonomy":"product_cat","embeddable":true,"href":"https:\/\/techtronik.store\/index.php?rest_route=%2Fwp%2Fv2%2Fproduct_cat&post=455"},{"taxonomy":"product_tag","embeddable":true,"href":"https:\/\/techtronik.store\/index.php?rest_route=%2Fwp%2Fv2%2Fproduct_tag&post=455"}],"curies":[{"name":"wp","href":"https:\/\/api.w.org\/{rel}","templated":true}]}}