{"id":445,"date":"2022-04-10T05:34:20","date_gmt":"2022-04-10T05:34:20","guid":{"rendered":"http:\/\/techtronik.store\/?post_type=product&#038;p=445"},"modified":"2023-01-20T09:23:16","modified_gmt":"2023-01-20T09:23:16","slug":"bateria-18650-3-7v-2200ma-steren","status":"publish","type":"product","link":"https:\/\/techtronik.store\/?product=bateria-18650-3-7v-2200ma-steren","title":{"rendered":"Bater\u00eda 18650 3.7v 2200mA Steren"},"content":{"rendered":"<h4><strong>\u00bfQu\u00e9 es la Bater\u00eda 18650 2200mAh?<\/strong><\/h4>\n<p>Es una bater\u00eda recargable de iones de litio, tambi\u00e9n denominada bater\u00eda Li-Ion (la abreviatura es Litio y Iones), de modelo 18650 que denota las dimensiones de la bater\u00eda, el primer numero se refiere al di\u00e1metro de la bater\u00eda que es de 18mm y el numero 65 indica la longitud que tiene la bater\u00eda que es 65mm. Este tipo de bater\u00edas tiene una forma cilindra parecidas a las pilas\u00a0<strong>AA<\/strong>, pero con tama\u00f1o m\u00e1s grande, mayor capacidad y durabilidad.<\/p>\n<p>Esta bater\u00eda tiene gran eficiencia y calidad, puede proporcionar un voltaje nominal de 3.7V DC y capacidad de almacenamiento de 2200mAh. La bater\u00eda 18650 tiene un encapsulado met\u00e1lico para mayor seguridad y elemento activo de iones de litio.<\/p>\n<h4><strong>\u00bfPara qu\u00e9 sirve la Bater\u00eda 18650 2200mAh?<\/strong><\/h4>\n<p>Son utilizadas en diversos dispositivos electr\u00f3nicos como linternas port\u00e1tiles, paquetes de bater\u00edas para laptop o taladros el\u00e9ctricos, carritos de control remoto RF, altavoz Bluetooth electr\u00f3nica para autom\u00f3viles, GPS, productos digitales, DVD port\u00e1til, terminal POS, PDA, radio bidireccional, banco de energ\u00eda, juguetes RC, dispositivo m\u00e9dico, bicicleta el\u00e9ctrica, scooter el\u00e9ctrico, farola solar, productos de seguridad, sistema de almacenamiento de energ\u00eda solar y e\u00f3lica, etc. En el \u00e1mbito de la electr\u00f3nica y desarrollo de proyectos son utilizadas para amar tu propio paquete de bater\u00edas para energizar diferentes proyectos ya sea de rob\u00f3tica, sistemas aut\u00f3nomos y embebidos as\u00ed como tener una fuente de alimentaci\u00f3n externa que sea recargable.<\/p>\n","protected":false},"excerpt":{"rendered":"<p>\u00bfQu\u00e9 es la Bater\u00eda 18650 2200mAh? Es una bater\u00eda recargable de iones de litio, tambi\u00e9n denominada bater\u00eda Li-Ion (la abreviatura es Litio y Iones), de modelo 18650 que denota las dimensiones de la bater\u00eda, el primer numero se refiere al di\u00e1metro de la bater\u00eda que es de 18mm y el&hellip; <\/p>\n","protected":false},"featured_media":446,"comment_status":"open","ping_status":"closed","template":"","meta":{"om_disable_all_campaigns":false,"_monsterinsights_skip_tracking":false,"_monsterinsights_sitenote_active":false,"_monsterinsights_sitenote_note":"","_monsterinsights_sitenote_category":0},"product_cat":[32,25],"product_tag":[],"class_list":{"0":"post-445","1":"product","2":"type-product","3":"status-publish","4":"has-post-thumbnail","6":"product_cat-baterias","7":"product_cat-fuentes-y-reguladores","9":"first","10":"instock","11":"taxable","12":"shipping-taxable","13":"purchasable","14":"product-type-simple"},"aioseo_notices":[],"_links":{"self":[{"href":"https:\/\/techtronik.store\/index.php?rest_route=\/wp\/v3\/product\/445","targetHints":{"allow":["GET"]}}],"collection":[{"href":"https:\/\/techtronik.store\/index.php?rest_route=\/wp\/v3\/product"}],"about":[{"href":"https:\/\/techtronik.store\/index.php?rest_route=\/wp\/v2\/types\/product"}],"replies":[{"embeddable":true,"href":"https:\/\/techtronik.store\/index.php?rest_route=%2Fwp%2Fv2%2Fcomments&post=445"}],"wp:featuredmedia":[{"embeddable":true,"href":"https:\/\/techtronik.store\/index.php?rest_route=\/wp\/v2\/media\/446"}],"wp:attachment":[{"href":"https:\/\/techtronik.store\/index.php?rest_route=%2Fwp%2Fv2%2Fmedia&parent=445"}],"wp:term":[{"taxonomy":"product_cat","embeddable":true,"href":"https:\/\/techtronik.store\/index.php?rest_route=%2Fwp%2Fv2%2Fproduct_cat&post=445"},{"taxonomy":"product_tag","embeddable":true,"href":"https:\/\/techtronik.store\/index.php?rest_route=%2Fwp%2Fv2%2Fproduct_tag&post=445"}],"curies":[{"name":"wp","href":"https:\/\/api.w.org\/{rel}","templated":true}]}}