{"id":433,"date":"2022-04-10T04:56:36","date_gmt":"2022-04-10T04:56:36","guid":{"rendered":"http:\/\/techtronik.store\/?post_type=product&#038;p=433"},"modified":"2022-09-26T00:51:11","modified_gmt":"2022-09-26T00:51:11","slug":"display-7-segmento","status":"publish","type":"product","link":"https:\/\/techtronik.store\/?product=display-7-segmento","title":{"rendered":"Display 7 Segmentos"},"content":{"rendered":"<p>Display 7 segmentos disponible en \u00c1nodo com\u00fan y C\u00e1todo com\u00fan, ambos son de color rojo de acuerdo a tu proyecto podr\u00e1s elegir uno de estos dos modelos.<\/p>\n<div align=\"justify\">\n<h4><b>\u00bfQu\u00e9 es un display 7 segmentos rojo?<\/b><\/h4>\n<p>El display 7 Segmentos rojo es un dispositivo opto-electr\u00f3nico que permite visualizar n\u00fameros del 0 al 9. Se utiliza para representar visualmente n\u00fameros y algunos caracteres. Este tipo de elemento es de salida digital, utilizaba en los primeros dispositivos electr\u00f3nicos de la d\u00e9cada de los 70\u2019s y 80\u2019s. Hoy en d\u00eda es muy utilizado en proyectos educativos para realizar practicas de contadores o aplicaci\u00f3n de reloj.<\/p>\n<h4><strong>\u00bfC\u00f3mo est\u00e1 formado el display de 7 segmentos?<\/strong><\/h4>\n<p>Los display de 7 segmentos est\u00e1n construidos con siete diodos LED y uno extra que representa un punto, requieren una corriente m\u00e1xima. Por esta raz\u00f3n se deben colocar resistencias para limitar el paso de corriente.<\/p>\n<h3><strong>ESPECIFICACIONES Y CARACTER\u00cdSTICAS<\/strong><\/h3>\n<ul>\n<li>Tipo de display: \u00c1nodo y C\u00e1todo<\/li>\n<li>Voltaje en directo (Vf) t\u00edpico: 2.2 V<\/li>\n<li>Voltaje Max: 5V<\/li>\n<li>Corriente por segmento Max: 40 mA<\/li>\n<li>Corriente de operaci\u00f3n por segmento: 30 mA<\/li>\n<li>Vida: aprox. 10.000 horas.<\/li>\n<li>N\u00famero de pines: 10<\/li>\n<li>Color del diodo: Rojo<\/li>\n<li>Color de la superficie frontal: negro<\/li>\n<li>Dimensiones: 19 x 12.6 x 7.6 mm<\/li>\n<li>Peso: 2 g<\/li>\n<\/ul>\n<\/div>\n","protected":false},"excerpt":{"rendered":"<p>Display 7 segmentos disponible en \u00c1nodo com\u00fan y C\u00e1todo com\u00fan, ambos son de color rojo de acuerdo a tu proyecto podr\u00e1s elegir uno de estos dos modelos. \u00bfQu\u00e9 es un display 7 segmentos rojo? El display 7 Segmentos rojo es un dispositivo opto-electr\u00f3nico que permite visualizar n\u00fameros del 0 al&hellip; <\/p>\n","protected":false},"featured_media":438,"comment_status":"open","ping_status":"closed","template":"","meta":{"om_disable_all_campaigns":false,"_monsterinsights_skip_tracking":false,"_monsterinsights_sitenote_active":false,"_monsterinsights_sitenote_note":"","_monsterinsights_sitenote_category":0},"product_cat":[23],"product_tag":[],"class_list":{"0":"post-433","1":"product","2":"type-product","3":"status-publish","4":"has-post-thumbnail","6":"product_cat-displays","8":"first","9":"instock","10":"taxable","11":"shipping-taxable","12":"purchasable","13":"product-type-variable","14":"has-default-attributes"},"aioseo_notices":[],"_links":{"self":[{"href":"https:\/\/techtronik.store\/index.php?rest_route=\/wp\/v3\/product\/433","targetHints":{"allow":["GET"]}}],"collection":[{"href":"https:\/\/techtronik.store\/index.php?rest_route=\/wp\/v3\/product"}],"about":[{"href":"https:\/\/techtronik.store\/index.php?rest_route=\/wp\/v2\/types\/product"}],"replies":[{"embeddable":true,"href":"https:\/\/techtronik.store\/index.php?rest_route=%2Fwp%2Fv2%2Fcomments&post=433"}],"wp:featuredmedia":[{"embeddable":true,"href":"https:\/\/techtronik.store\/index.php?rest_route=\/wp\/v2\/media\/438"}],"wp:attachment":[{"href":"https:\/\/techtronik.store\/index.php?rest_route=%2Fwp%2Fv2%2Fmedia&parent=433"}],"wp:term":[{"taxonomy":"product_cat","embeddable":true,"href":"https:\/\/techtronik.store\/index.php?rest_route=%2Fwp%2Fv2%2Fproduct_cat&post=433"},{"taxonomy":"product_tag","embeddable":true,"href":"https:\/\/techtronik.store\/index.php?rest_route=%2Fwp%2Fv2%2Fproduct_tag&post=433"}],"curies":[{"name":"wp","href":"https:\/\/api.w.org\/{rel}","templated":true}]}}