{"id":428,"date":"2022-04-10T04:40:47","date_gmt":"2022-04-10T04:40:47","guid":{"rendered":"http:\/\/techtronik.store\/?post_type=product&#038;p=428"},"modified":"2023-10-11T15:16:21","modified_gmt":"2023-10-11T15:16:21","slug":"lcd-16x2","status":"publish","type":"product","link":"https:\/\/techtronik.store\/?product=lcd-16x2","title":{"rendered":"LCD 16&#215;2"},"content":{"rendered":"<p><strong>INFORMACI\u00d3N<\/strong><\/p>\n<p>Pantalla alfanum\u00e9rica ideal para interactuar con un microcontrolador, ya que el microcontrolador nos entrega informaci\u00f3n en forma binaria, la pantalla posee un procesador capaz de interpretar este c\u00f3digo e imprimirlo de manera alfanum\u00e9rica. La pantalla est\u00e1 compuesta por 2 filas y 16 columnas.<\/p>\n<p>La comunicaci\u00f3n con el microcontrolador se lleva a cabo de manera paralela requiriendo 3 bits para el control de la pantalla y 8 bits de datos.<\/p>\n<hr \/>\n<h3><strong>ESPECIFICACI\u00d3N Y CARACTER\u00cdSTICAS<\/strong><\/h3>\n<ul>\n<li>Tipo: Pantalla LCD Monocrom\u00e1tica<\/li>\n<li>Voltaje de alimentaci\u00f3n: 5V DC<\/li>\n<li>Interfaz de comunicaci\u00f3n: Paralelo 4 u 8 bits<\/li>\n<li>Filas: 2<\/li>\n<li>Columnas:16<\/li>\n<li>Controlador: HD44780<\/li>\n<li>Color: Fondo azul y texto blanco<\/li>\n<li>Modo de operaci\u00f3n: 4 y 8 bits<\/li>\n<li>Corriente m\u00e1ximo: 25mA<\/li>\n<li>Peso: 32 g<\/li>\n<\/ul>\n","protected":false},"excerpt":{"rendered":"<p>INFORMACI\u00d3N Pantalla alfanum\u00e9rica ideal para interactuar con un microcontrolador, ya que el microcontrolador nos entrega informaci\u00f3n en forma binaria, la pantalla posee un procesador capaz de interpretar este c\u00f3digo e imprimirlo de manera alfanum\u00e9rica. La pantalla est\u00e1 compuesta por 2 filas y 16 columnas. La comunicaci\u00f3n con el microcontrolador se&hellip; <\/p>\n","protected":false},"featured_media":158,"comment_status":"open","ping_status":"closed","template":"","meta":{"om_disable_all_campaigns":false,"_monsterinsights_skip_tracking":false,"_monsterinsights_sitenote_active":false,"_monsterinsights_sitenote_note":"","_monsterinsights_sitenote_category":0},"product_cat":[23],"product_tag":[],"class_list":{"0":"post-428","1":"product","2":"type-product","3":"status-publish","4":"has-post-thumbnail","6":"product_cat-displays","8":"first","9":"instock","10":"taxable","11":"shipping-taxable","12":"purchasable","13":"product-type-simple"},"aioseo_notices":[],"_links":{"self":[{"href":"https:\/\/techtronik.store\/index.php?rest_route=\/wp\/v3\/product\/428","targetHints":{"allow":["GET"]}}],"collection":[{"href":"https:\/\/techtronik.store\/index.php?rest_route=\/wp\/v3\/product"}],"about":[{"href":"https:\/\/techtronik.store\/index.php?rest_route=\/wp\/v2\/types\/product"}],"replies":[{"embeddable":true,"href":"https:\/\/techtronik.store\/index.php?rest_route=%2Fwp%2Fv2%2Fcomments&post=428"}],"wp:featuredmedia":[{"embeddable":true,"href":"https:\/\/techtronik.store\/index.php?rest_route=\/wp\/v2\/media\/158"}],"wp:attachment":[{"href":"https:\/\/techtronik.store\/index.php?rest_route=%2Fwp%2Fv2%2Fmedia&parent=428"}],"wp:term":[{"taxonomy":"product_cat","embeddable":true,"href":"https:\/\/techtronik.store\/index.php?rest_route=%2Fwp%2Fv2%2Fproduct_cat&post=428"},{"taxonomy":"product_tag","embeddable":true,"href":"https:\/\/techtronik.store\/index.php?rest_route=%2Fwp%2Fv2%2Fproduct_tag&post=428"}],"curies":[{"name":"wp","href":"https:\/\/api.w.org\/{rel}","templated":true}]}}