{"id":425,"date":"2022-04-10T04:35:17","date_gmt":"2022-04-10T04:35:17","guid":{"rendered":"http:\/\/techtronik.store\/?post_type=product&#038;p=425"},"modified":"2022-04-10T04:40:36","modified_gmt":"2022-04-10T04:40:36","slug":"lcd-20x4","status":"publish","type":"product","link":"https:\/\/techtronik.store\/?product=lcd-20x4","title":{"rendered":"LCD 20&#215;4"},"content":{"rendered":"<p><strong>INFORMACI\u00d3N<\/strong><\/p>\n<p>Pantalla alfanum\u00e9rica ideal para interactuar con un microcontrolador, ya que el microcontrolador nos entrega informaci\u00f3n en forma binaria, la pantalla posee un procesador capaz de interpretar este c\u00f3digo e imprimirlo de manera alfanum\u00e9rica. La pantalla est\u00e1 compuesta por 4 filas y 20 columnas.<\/p>\n<p>La comunicaci\u00f3n con el microcontrolador se lleva a cabo de manera paralela requiriendo 3 bits para el control de la pantalla y 8 bits de datos.<\/p>\n<hr \/>\n<p><strong>ESPECIFICACIONES T\u00c9CNICAS<\/strong><\/p>\n<ul>\n<li>Voltaje de entrada: 5 V<\/li>\n<li>Corriente de entrada: 75 mA<\/li>\n<li>Potencia: 375 mW<\/li>\n<li>Dispositivo base: HD44780<\/li>\n<li>Dimensiones: 9.8 * 6 * 1.3 cm<\/li>\n<\/ul>\n","protected":false},"excerpt":{"rendered":"<p>INFORMACI\u00d3N Pantalla alfanum\u00e9rica ideal para interactuar con un microcontrolador, ya que el microcontrolador nos entrega informaci\u00f3n en forma binaria, la pantalla posee un procesador capaz de interpretar este c\u00f3digo e imprimirlo de manera alfanum\u00e9rica. La pantalla est\u00e1 compuesta por 4 filas y 20 columnas. La comunicaci\u00f3n con el microcontrolador se&hellip; <\/p>\n","protected":false},"featured_media":158,"comment_status":"open","ping_status":"closed","template":"","meta":{"om_disable_all_campaigns":false,"_monsterinsights_skip_tracking":false,"_monsterinsights_sitenote_active":false,"_monsterinsights_sitenote_note":"","_monsterinsights_sitenote_category":0},"product_cat":[23],"product_tag":[],"class_list":{"0":"post-425","1":"product","2":"type-product","3":"status-publish","4":"has-post-thumbnail","6":"product_cat-displays","8":"first","9":"instock","10":"taxable","11":"shipping-taxable","12":"purchasable","13":"product-type-simple"},"aioseo_notices":[],"_links":{"self":[{"href":"https:\/\/techtronik.store\/index.php?rest_route=\/wp\/v3\/product\/425","targetHints":{"allow":["GET"]}}],"collection":[{"href":"https:\/\/techtronik.store\/index.php?rest_route=\/wp\/v3\/product"}],"about":[{"href":"https:\/\/techtronik.store\/index.php?rest_route=\/wp\/v2\/types\/product"}],"replies":[{"embeddable":true,"href":"https:\/\/techtronik.store\/index.php?rest_route=%2Fwp%2Fv2%2Fcomments&post=425"}],"wp:featuredmedia":[{"embeddable":true,"href":"https:\/\/techtronik.store\/index.php?rest_route=\/wp\/v2\/media\/158"}],"wp:attachment":[{"href":"https:\/\/techtronik.store\/index.php?rest_route=%2Fwp%2Fv2%2Fmedia&parent=425"}],"wp:term":[{"taxonomy":"product_cat","embeddable":true,"href":"https:\/\/techtronik.store\/index.php?rest_route=%2Fwp%2Fv2%2Fproduct_cat&post=425"},{"taxonomy":"product_tag","embeddable":true,"href":"https:\/\/techtronik.store\/index.php?rest_route=%2Fwp%2Fv2%2Fproduct_tag&post=425"}],"curies":[{"name":"wp","href":"https:\/\/api.w.org\/{rel}","templated":true}]}}