{"id":423,"date":"2022-04-10T04:27:24","date_gmt":"2022-04-10T04:27:24","guid":{"rendered":"http:\/\/techtronik.store\/?post_type=product&#038;p=423"},"modified":"2023-10-24T21:12:31","modified_gmt":"2023-10-24T21:12:31","slug":"push-button-2-pines","status":"publish","type":"product","link":"https:\/\/techtronik.store\/?product=push-button-2-pines","title":{"rendered":"Push Button 2 Pines"},"content":{"rendered":"<div align=\"justify\">\n<h4><b>\u00bfQu\u00e9 es un Push Button<\/b><b>?<\/b><\/h4>\n<p>Un P<strong>ush<\/strong>\u00a0Button\u00a0o\u00a0<b>pulsador<\/b>\u00a0es un\u00a0dispositivo\u00a0utilizado para realizar cierta funci\u00f3n. Los botones son de diversas formas y tama\u00f1os y se encuentran en todo tipo de dispositivos, aunque principalmente en aparatos el\u00e9ctricos y electr\u00f3nicos.<\/p>\n<h4><b>\u00bfPara qu\u00e9 sirve<\/b><b>?<\/b><\/h4>\n<p>Los microswitch son por lo general activados, al ser pulsados con un dedo y permiten el flujo de corriente mientras son accionados. Cuando ya no se presiona sobre \u00e9l vuelve a su posici\u00f3n de reposo.<\/p>\n<h4><b>\u00bfC\u00f3mo<\/b><strong>\u00a0funciona?<\/strong><\/h4>\n<p>Microswitch de tipo Push-Button (boton pulsador) de 2 terminales, con activaci\u00f3n al presionar (normalmente abierto) Puede ser un contacto normalmente abierto en reposo NA (Normalmente abierto), o con un contacto NC (normalmente cerrado) en reposo. Consta del bot\u00f3n pulsador; una l\u00e1mina conductora que establece contacto con los dos terminales al oprimir el bot\u00f3n, y un muelle que hace recobrar a la l\u00e1mina su posici\u00f3n primitiva al cesar la presi\u00f3n sobre el bot\u00f3n pulsador.<\/p>\n<\/div>\n","protected":false},"excerpt":{"rendered":"<p>\u00bfQu\u00e9 es un Push Button? Un Push\u00a0Button\u00a0o\u00a0pulsador\u00a0es un\u00a0dispositivo\u00a0utilizado para realizar cierta funci\u00f3n. Los botones son de diversas formas y tama\u00f1os y se encuentran en todo tipo de dispositivos, aunque principalmente en aparatos el\u00e9ctricos y electr\u00f3nicos. \u00bfPara qu\u00e9 sirve? Los microswitch son por lo general activados, al ser pulsados con un&hellip; <\/p>\n","protected":false},"featured_media":231,"comment_status":"open","ping_status":"closed","template":"","meta":{"om_disable_all_campaigns":false,"_monsterinsights_skip_tracking":false,"_monsterinsights_sitenote_active":false,"_monsterinsights_sitenote_note":"","_monsterinsights_sitenote_category":0},"product_cat":[30,22],"product_tag":[],"class_list":{"0":"post-423","1":"product","2":"type-product","3":"status-publish","4":"has-post-thumbnail","6":"product_cat-dip-switch","7":"product_cat-conectores-e-interruptores","9":"first","10":"instock","11":"taxable","12":"shipping-taxable","13":"purchasable","14":"product-type-simple"},"aioseo_notices":[],"_links":{"self":[{"href":"https:\/\/techtronik.store\/index.php?rest_route=\/wp\/v3\/product\/423","targetHints":{"allow":["GET"]}}],"collection":[{"href":"https:\/\/techtronik.store\/index.php?rest_route=\/wp\/v3\/product"}],"about":[{"href":"https:\/\/techtronik.store\/index.php?rest_route=\/wp\/v2\/types\/product"}],"replies":[{"embeddable":true,"href":"https:\/\/techtronik.store\/index.php?rest_route=%2Fwp%2Fv2%2Fcomments&post=423"}],"wp:featuredmedia":[{"embeddable":true,"href":"https:\/\/techtronik.store\/index.php?rest_route=\/wp\/v2\/media\/231"}],"wp:attachment":[{"href":"https:\/\/techtronik.store\/index.php?rest_route=%2Fwp%2Fv2%2Fmedia&parent=423"}],"wp:term":[{"taxonomy":"product_cat","embeddable":true,"href":"https:\/\/techtronik.store\/index.php?rest_route=%2Fwp%2Fv2%2Fproduct_cat&post=423"},{"taxonomy":"product_tag","embeddable":true,"href":"https:\/\/techtronik.store\/index.php?rest_route=%2Fwp%2Fv2%2Fproduct_tag&post=423"}],"curies":[{"name":"wp","href":"https:\/\/api.w.org\/{rel}","templated":true}]}}