{"id":417,"date":"2022-04-10T04:09:13","date_gmt":"2022-04-10T04:09:13","guid":{"rendered":"http:\/\/techtronik.store\/?post_type=product&#038;p=417"},"modified":"2023-04-13T17:36:23","modified_gmt":"2023-04-13T17:36:23","slug":"dip-switch-3-posiciones","status":"publish","type":"product","link":"https:\/\/techtronik.store\/?product=dip-switch-3-posiciones","title":{"rendered":"Dip Switch 3 Posiciones"},"content":{"rendered":"<div align=\"justify\">\n<p>El Dip Switch de 3 posiciones se trata de un conjunto de micro-interruptores el\u00e9ctricos que se presenta en un formato encapsulado (que se denomina Dual In \u2013 Line Package \u2013 DIP).<\/p>\n<p>Este tipo de DIP Switch se dise\u00f1a para ser utilizado en un tablero similar al circuito impreso junto con otros componentes electr\u00f3nicos (placas base, impresoras, m\u00f3dems,) y se utiliza com\u00fanmente para modificar\/personalizar el comportamiento de un dispositivo electr\u00f3nico en ciertas situaciones espec\u00edficas.<\/p>\n<p>Para abrir puertas utilizado en garajes, ventiladores de techo, transmisores de radio y sistemas de automatizaci\u00f3n caseros. Esta dise\u00f1ado con una separaci\u00f3n de pines est\u00e1ndar (2.54mm) para poder ser utilizados en Protoboards y tarjetas PCB.<\/p>\n<\/div>\n<hr \/>\n<h3><strong>ESPECIFICACIONES Y CARACTER\u00cdSTICAS<\/strong><\/h3>\n<ul>\n<li>Voltaje de entrada: 24 VCD<\/li>\n<li>Corriente de entrada: 50mA<\/li>\n<li>Potencia: 1.2W<\/li>\n<li>N\u00famero de Posiciones: 3 posiciones.<\/li>\n<li>Tipo: Deslizable<\/li>\n<li>Encapsulado: DIP<\/li>\n<li>Color: Azul<\/li>\n<\/ul>\n<hr \/>\n<h3><strong>INFORMACI\u00d3N ADICIONAL<\/strong><\/h3>\n<h4><strong>\u00bfComo funciona?<\/strong><\/h4>\n<p>El Dip Switch de 3 palancas, tipo circuito integrado. Se puede mover una peque\u00f1a palanca arriba y abajo para una posici\u00f3n de encendido o apagado. Los interruptores DIP son siempre interruptores de tipo palanca en los cuales los centrales tienen dos posiciones posibles \u201cON\u201d o \u201cOFF\u201d (en vez de por intervalos) y generalmente se puede ver los n\u00fameros 1 y 0.<\/p>\n","protected":false},"excerpt":{"rendered":"<p>El Dip Switch de 3 posiciones se trata de un conjunto de micro-interruptores el\u00e9ctricos que se presenta en un formato encapsulado (que se denomina Dual In \u2013 Line Package \u2013 DIP). Este tipo de DIP Switch se dise\u00f1a para ser utilizado en un tablero similar al circuito impreso junto con&hellip; <\/p>\n","protected":false},"featured_media":114,"comment_status":"open","ping_status":"closed","template":"","meta":{"om_disable_all_campaigns":false,"_monsterinsights_skip_tracking":false,"_monsterinsights_sitenote_active":false,"_monsterinsights_sitenote_note":"","_monsterinsights_sitenote_category":0},"product_cat":[30,22],"product_tag":[],"class_list":{"0":"post-417","1":"product","2":"type-product","3":"status-publish","4":"has-post-thumbnail","6":"product_cat-dip-switch","7":"product_cat-conectores-e-interruptores","9":"first","10":"instock","11":"taxable","12":"shipping-taxable","13":"purchasable","14":"product-type-simple"},"aioseo_notices":[],"_links":{"self":[{"href":"https:\/\/techtronik.store\/index.php?rest_route=\/wp\/v3\/product\/417","targetHints":{"allow":["GET"]}}],"collection":[{"href":"https:\/\/techtronik.store\/index.php?rest_route=\/wp\/v3\/product"}],"about":[{"href":"https:\/\/techtronik.store\/index.php?rest_route=\/wp\/v2\/types\/product"}],"replies":[{"embeddable":true,"href":"https:\/\/techtronik.store\/index.php?rest_route=%2Fwp%2Fv2%2Fcomments&post=417"}],"wp:featuredmedia":[{"embeddable":true,"href":"https:\/\/techtronik.store\/index.php?rest_route=\/wp\/v2\/media\/114"}],"wp:attachment":[{"href":"https:\/\/techtronik.store\/index.php?rest_route=%2Fwp%2Fv2%2Fmedia&parent=417"}],"wp:term":[{"taxonomy":"product_cat","embeddable":true,"href":"https:\/\/techtronik.store\/index.php?rest_route=%2Fwp%2Fv2%2Fproduct_cat&post=417"},{"taxonomy":"product_tag","embeddable":true,"href":"https:\/\/techtronik.store\/index.php?rest_route=%2Fwp%2Fv2%2Fproduct_tag&post=417"}],"curies":[{"name":"wp","href":"https:\/\/api.w.org\/{rel}","templated":true}]}}