{"id":415,"date":"2022-04-10T04:02:16","date_gmt":"2022-04-10T04:02:16","guid":{"rendered":"http:\/\/techtronik.store\/?post_type=product&#038;p=415"},"modified":"2023-07-18T17:18:06","modified_gmt":"2023-07-18T17:18:06","slug":"header-40-pin-macho","status":"publish","type":"product","link":"https:\/\/techtronik.store\/?product=header-40-pin-macho","title":{"rendered":"Header 40 Pin Macho"},"content":{"rendered":"<p>Este conector es ideal para utilizarse en pantallas LCD, shields de arduino y desarrollos propios que requieran facilitar la conexi\u00f3n de sus pines, inclusive pueden servirte para practicar tus habilidades con la soldadura, son compatibles con todos los dispositivos electr\u00f3nicos con estructura de pines Through-Hole de medida est\u00e1ndar, por lo cual siempre ser\u00e1n necesarios para tus proyectos.<\/p>\n<p>Tira de pines macho sencilla de 40 pines (pin header). Este tipo de conector es ampliamente usado en m\u00faltiples aplicaciones. Pueden separarse en segmentos para adecuarse a la cantidad de conexiones requeridas.<\/p>\n<hr \/>\n<h3><strong>ESPECIFICACIONES Y CARACTER\u00cdSTICAS\u00a0<\/strong><\/h3>\n<ul>\n<li>Tipo Macho<\/li>\n<li>Espacio entre pines: 2.54mm<\/li>\n<li>Tira de 40 Pines<\/li>\n<li>F\u00e1ciles de desprender<\/li>\n<li>Peso: 2 g<\/li>\n<\/ul>\n","protected":false},"excerpt":{"rendered":"<p>Este conector es ideal para utilizarse en pantallas LCD, shields de arduino y desarrollos propios que requieran facilitar la conexi\u00f3n de sus pines, inclusive pueden servirte para practicar tus habilidades con la soldadura, son compatibles con todos los dispositivos electr\u00f3nicos con estructura de pines Through-Hole de medida est\u00e1ndar, por lo&hellip; <\/p>\n","protected":false},"featured_media":135,"comment_status":"open","ping_status":"closed","template":"","meta":{"om_disable_all_campaigns":false,"_monsterinsights_skip_tracking":false,"_monsterinsights_sitenote_active":false,"_monsterinsights_sitenote_note":"","_monsterinsights_sitenote_category":0},"product_cat":[56,22],"product_tag":[],"class_list":{"0":"post-415","1":"product","2":"type-product","3":"status-publish","4":"has-post-thumbnail","6":"product_cat-headers","7":"product_cat-conectores-e-interruptores","9":"first","10":"instock","11":"taxable","12":"shipping-taxable","13":"purchasable","14":"product-type-simple"},"aioseo_notices":[],"_links":{"self":[{"href":"https:\/\/techtronik.store\/index.php?rest_route=\/wp\/v3\/product\/415","targetHints":{"allow":["GET"]}}],"collection":[{"href":"https:\/\/techtronik.store\/index.php?rest_route=\/wp\/v3\/product"}],"about":[{"href":"https:\/\/techtronik.store\/index.php?rest_route=\/wp\/v2\/types\/product"}],"replies":[{"embeddable":true,"href":"https:\/\/techtronik.store\/index.php?rest_route=%2Fwp%2Fv2%2Fcomments&post=415"}],"wp:featuredmedia":[{"embeddable":true,"href":"https:\/\/techtronik.store\/index.php?rest_route=\/wp\/v2\/media\/135"}],"wp:attachment":[{"href":"https:\/\/techtronik.store\/index.php?rest_route=%2Fwp%2Fv2%2Fmedia&parent=415"}],"wp:term":[{"taxonomy":"product_cat","embeddable":true,"href":"https:\/\/techtronik.store\/index.php?rest_route=%2Fwp%2Fv2%2Fproduct_cat&post=415"},{"taxonomy":"product_tag","embeddable":true,"href":"https:\/\/techtronik.store\/index.php?rest_route=%2Fwp%2Fv2%2Fproduct_tag&post=415"}],"curies":[{"name":"wp","href":"https:\/\/api.w.org\/{rel}","templated":true}]}}