{"id":414,"date":"2022-04-10T03:57:18","date_gmt":"2022-04-10T03:57:18","guid":{"rendered":"http:\/\/techtronik.store\/?post_type=product&#038;p=414"},"modified":"2023-09-13T16:03:35","modified_gmt":"2023-09-13T16:03:35","slug":"header-40-pin-hembra","status":"publish","type":"product","link":"https:\/\/techtronik.store\/?product=header-40-pin-hembra","title":{"rendered":"Header 40 Pin Hembra"},"content":{"rendered":"<p>Tira Header Hembra de paso 2.54mm, disponible en 40 Pines. Estas tiras headers son ideales para conectar cosas entre s\u00ed, soldar sobre PCBs, enchufar cables o usar como cabezales, etc. Se conectan f\u00e1cilmente con los headers macho.<\/p>\n<h3><strong>ESPECIFICACIONES Y CARACTER\u00cdSTICAS<\/strong><\/h3>\n<ul>\n<li>Tipo de montaje: A trav\u00e9s del orificio THT<\/li>\n<li>Corriente Nominal: 3A<\/li>\n<li>Resistencia de Contacto: &lt;20m\u03a9<\/li>\n<li>Resistencia de Aislamiento: 1000M\u03a9<\/li>\n<li>Posici\u00f3n de montaje: Vertical<\/li>\n<li>Temperatura de Trabajo: -55\u00b0C a 105\u00b0C<\/li>\n<li>Temperatura de soldado: 220\u00b0C<\/li>\n<li>RoHS: Libre de plomo<\/li>\n<\/ul>\n","protected":false},"excerpt":{"rendered":"<p>Tira Header Hembra de paso 2.54mm, disponible en 40 Pines. Estas tiras headers son ideales para conectar cosas entre s\u00ed, soldar sobre PCBs, enchufar cables o usar como cabezales, etc. Se conectan f\u00e1cilmente con los headers macho. ESPECIFICACIONES Y CARACTER\u00cdSTICAS Tipo de montaje: A trav\u00e9s del orificio THT Corriente Nominal:&hellip; <\/p>\n","protected":false},"featured_media":133,"comment_status":"open","ping_status":"closed","template":"","meta":{"om_disable_all_campaigns":false,"_monsterinsights_skip_tracking":false,"_monsterinsights_sitenote_active":false,"_monsterinsights_sitenote_note":"","_monsterinsights_sitenote_category":0},"product_cat":[56,22],"product_tag":[],"class_list":{"0":"post-414","1":"product","2":"type-product","3":"status-publish","4":"has-post-thumbnail","6":"product_cat-headers","7":"product_cat-conectores-e-interruptores","9":"first","10":"instock","11":"taxable","12":"shipping-taxable","13":"purchasable","14":"product-type-simple"},"aioseo_notices":[],"_links":{"self":[{"href":"https:\/\/techtronik.store\/index.php?rest_route=\/wp\/v3\/product\/414","targetHints":{"allow":["GET"]}}],"collection":[{"href":"https:\/\/techtronik.store\/index.php?rest_route=\/wp\/v3\/product"}],"about":[{"href":"https:\/\/techtronik.store\/index.php?rest_route=\/wp\/v2\/types\/product"}],"replies":[{"embeddable":true,"href":"https:\/\/techtronik.store\/index.php?rest_route=%2Fwp%2Fv2%2Fcomments&post=414"}],"wp:featuredmedia":[{"embeddable":true,"href":"https:\/\/techtronik.store\/index.php?rest_route=\/wp\/v2\/media\/133"}],"wp:attachment":[{"href":"https:\/\/techtronik.store\/index.php?rest_route=%2Fwp%2Fv2%2Fmedia&parent=414"}],"wp:term":[{"taxonomy":"product_cat","embeddable":true,"href":"https:\/\/techtronik.store\/index.php?rest_route=%2Fwp%2Fv2%2Fproduct_cat&post=414"},{"taxonomy":"product_tag","embeddable":true,"href":"https:\/\/techtronik.store\/index.php?rest_route=%2Fwp%2Fv2%2Fproduct_tag&post=414"}],"curies":[{"name":"wp","href":"https:\/\/api.w.org\/{rel}","templated":true}]}}