{"id":3130,"date":"2023-09-21T22:21:14","date_gmt":"2023-09-21T22:21:14","guid":{"rendered":"https:\/\/techtronik.store\/?post_type=product&#038;p=3130"},"modified":"2025-12-21T11:33:48","modified_gmt":"2025-12-21T11:33:48","slug":"motor-a-pasos-28byj-48","status":"publish","type":"product","link":"https:\/\/techtronik.store\/?product=motor-a-pasos-28byj-48","title":{"rendered":"Motor a Pasos 28BYJ-48"},"content":{"rendered":"<p>El Motor a pasos 28BYJ-48 es un peque\u00f1o dispositivo electromec\u00e1nico paso a paso unipolar integrado por \u00a0un driver o etapa de potencia basado en el chip ULN2003A. Este componente nos permite suministrar la energ\u00eda suficiente al motor paso a paso para que se mueva.<\/p>\n<p>Este tipo de motores son \u00fatiles para proyectos de rob\u00f3tica o automatizaci\u00f3n. El motor ya viene con su modulo de control que esta basado en circuito integrado ULN2003, el cual permite controlar f\u00e1cilmente el motor desde un microcontrolador ya sea con las tarjetas de desarrollo Arduino. Este m\u00f3dulo incorpora un z\u00f3calo de 5 cables donde se engancha el cable del motor paso a paso y 4 LED\u00b4S para indicar qu\u00e9 bobina est\u00e1 alimentada.<\/p>\n","protected":false},"excerpt":{"rendered":"<p>El Motor a pasos 28BYJ-48 es un peque\u00f1o dispositivo electromec\u00e1nico paso a paso unipolar integrado por \u00a0un driver o etapa de potencia basado en el chip ULN2003A. Este componente nos permite suministrar la energ\u00eda suficiente al motor paso a paso para que se mueva. Este tipo de motores son \u00fatiles&hellip; <\/p>\n","protected":false},"featured_media":3132,"comment_status":"open","ping_status":"closed","template":"","meta":{"om_disable_all_campaigns":false,"_monsterinsights_skip_tracking":false,"_monsterinsights_sitenote_active":false,"_monsterinsights_sitenote_note":"","_monsterinsights_sitenote_category":0},"product_cat":[38],"product_tag":[],"class_list":{"0":"post-3130","1":"product","2":"type-product","3":"status-publish","4":"has-post-thumbnail","6":"product_cat-motores","8":"first","9":"instock","10":"taxable","11":"shipping-taxable","12":"purchasable","13":"product-type-simple"},"aioseo_notices":[],"_links":{"self":[{"href":"https:\/\/techtronik.store\/index.php?rest_route=\/wp\/v3\/product\/3130","targetHints":{"allow":["GET"]}}],"collection":[{"href":"https:\/\/techtronik.store\/index.php?rest_route=\/wp\/v3\/product"}],"about":[{"href":"https:\/\/techtronik.store\/index.php?rest_route=\/wp\/v2\/types\/product"}],"replies":[{"embeddable":true,"href":"https:\/\/techtronik.store\/index.php?rest_route=%2Fwp%2Fv2%2Fcomments&post=3130"}],"wp:featuredmedia":[{"embeddable":true,"href":"https:\/\/techtronik.store\/index.php?rest_route=\/wp\/v2\/media\/3132"}],"wp:attachment":[{"href":"https:\/\/techtronik.store\/index.php?rest_route=%2Fwp%2Fv2%2Fmedia&parent=3130"}],"wp:term":[{"taxonomy":"product_cat","embeddable":true,"href":"https:\/\/techtronik.store\/index.php?rest_route=%2Fwp%2Fv2%2Fproduct_cat&post=3130"},{"taxonomy":"product_tag","embeddable":true,"href":"https:\/\/techtronik.store\/index.php?rest_route=%2Fwp%2Fv2%2Fproduct_tag&post=3130"}],"curies":[{"name":"wp","href":"https:\/\/api.w.org\/{rel}","templated":true}]}}