{"id":3060,"date":"2023-04-19T07:22:08","date_gmt":"2023-04-19T07:22:08","guid":{"rendered":"https:\/\/techtronik.store\/?post_type=product&#038;p=3060"},"modified":"2025-11-02T00:13:39","modified_gmt":"2025-11-02T00:13:39","slug":"bornera-trt-chica","status":"publish","type":"product","link":"https:\/\/techtronik.store\/?product=bornera-trt-chica","title":{"rendered":"Bornera TRT Chica"},"content":{"rendered":"<p>Bornera\/Terminal ideal para sujetar cable por medio de un tornillo en su parte superior garantiz\u00e1ndote una conexi\u00f3n segura.<\/p>\n<p>Cuenta con gu\u00edas para empotrarse con terminales similares a ellas. Podr\u00e1s elegir la bornera que m\u00e1s se ajuste a tus necesidades o proyectos.<\/p>\n<hr \/>\n<h3><strong>ESPECIFICACIONES Y CARACTERISTICAS\u00a0<\/strong><\/h3>\n<ul>\n<li>Tipo: Bornera<\/li>\n<li>Pines: Disponible 2, 3<\/li>\n<li>Voltaje: 250V<\/li>\n<li>Corriente: 16 A<\/li>\n<li>Terminal tipo: Block<\/li>\n<li>N\u00famero de tornillos: 2, 3<\/li>\n<li>Para chasis o protoboard<\/li>\n<li>Para cable calibre: 26 \u2013 14 AWG<\/li>\n<li>Tornillo de paleta<\/li>\n<li>Color: Verde<\/li>\n<li>Peso: 1 g<\/li>\n<\/ul>\n","protected":false},"excerpt":{"rendered":"<p>Bornera\/Terminal ideal para sujetar cable por medio de un tornillo en su parte superior garantiz\u00e1ndote una conexi\u00f3n segura. Cuenta con gu\u00edas para empotrarse con terminales similares a ellas. Podr\u00e1s elegir la bornera que m\u00e1s se ajuste a tus necesidades o proyectos. ESPECIFICACIONES Y CARACTERISTICAS\u00a0 Tipo: Bornera Pines: Disponible 2, 3&hellip; <\/p>\n","protected":false},"featured_media":93,"comment_status":"open","ping_status":"closed","template":"","meta":{"om_disable_all_campaigns":false,"_monsterinsights_skip_tracking":false,"_monsterinsights_sitenote_active":false,"_monsterinsights_sitenote_note":"","_monsterinsights_sitenote_category":0},"product_cat":[26,22],"product_tag":[],"class_list":{"0":"post-3060","1":"product","2":"type-product","3":"status-publish","4":"has-post-thumbnail","6":"product_cat-borneras","7":"product_cat-conectores-e-interruptores","9":"first","10":"instock","11":"taxable","12":"shipping-taxable","13":"purchasable","14":"product-type-variable"},"aioseo_notices":[],"_links":{"self":[{"href":"https:\/\/techtronik.store\/index.php?rest_route=\/wp\/v3\/product\/3060","targetHints":{"allow":["GET"]}}],"collection":[{"href":"https:\/\/techtronik.store\/index.php?rest_route=\/wp\/v3\/product"}],"about":[{"href":"https:\/\/techtronik.store\/index.php?rest_route=\/wp\/v2\/types\/product"}],"replies":[{"embeddable":true,"href":"https:\/\/techtronik.store\/index.php?rest_route=%2Fwp%2Fv2%2Fcomments&post=3060"}],"wp:featuredmedia":[{"embeddable":true,"href":"https:\/\/techtronik.store\/index.php?rest_route=\/wp\/v2\/media\/93"}],"wp:attachment":[{"href":"https:\/\/techtronik.store\/index.php?rest_route=%2Fwp%2Fv2%2Fmedia&parent=3060"}],"wp:term":[{"taxonomy":"product_cat","embeddable":true,"href":"https:\/\/techtronik.store\/index.php?rest_route=%2Fwp%2Fv2%2Fproduct_cat&post=3060"},{"taxonomy":"product_tag","embeddable":true,"href":"https:\/\/techtronik.store\/index.php?rest_route=%2Fwp%2Fv2%2Fproduct_tag&post=3060"}],"curies":[{"name":"wp","href":"https:\/\/api.w.org\/{rel}","templated":true}]}}