{"id":3044,"date":"2023-04-19T06:50:59","date_gmt":"2023-04-19T06:50:59","guid":{"rendered":"https:\/\/techtronik.store\/?post_type=product&#038;p=3044"},"modified":"2026-03-01T03:07:35","modified_gmt":"2026-03-01T03:07:35","slug":"bc548-npn","status":"publish","type":"product","link":"https:\/\/techtronik.store\/?product=bc548-npn","title":{"rendered":"BC548 NPN"},"content":{"rendered":"<p>El BC548 NPN es un dispositivo electr\u00f3nico de estado solido de uni\u00f3n bipolar BJT por sus siglas en ingl\u00e9s (Bipolar Junction Transistor) que utiliza las propiedades del silicio para amplificar se\u00f1ales de voltaje o corriente. Este transistor es de tipo \u201cNPN\u201d, formado por dos capas de material tipo \u201cN\u201d, separadas por otra de tipo \u201cP\u201d. El BC548 NPN esta protegido por un encapsulado de pl\u00e1stico color negro conocido como TO-92 y cuenta con 3 pines que son base, colector y emisor, donde el emisor se encarga de emitir o inyectar electrones, la base permite transferir o pasar los electrones y el colector se encarga de colectar electrones.<\/p>\n","protected":false},"excerpt":{"rendered":"<p>El BC548 NPN es un dispositivo electr\u00f3nico de estado solido de uni\u00f3n bipolar BJT por sus siglas en ingl\u00e9s (Bipolar Junction Transistor) que utiliza las propiedades del silicio para amplificar se\u00f1ales de voltaje o corriente. Este transistor es de tipo \u201cNPN\u201d, formado por dos capas de material tipo \u201cN\u201d, separadas&hellip; <\/p>\n","protected":false},"featured_media":3047,"comment_status":"open","ping_status":"closed","template":"","meta":{"om_disable_all_campaigns":false,"_monsterinsights_skip_tracking":false,"_monsterinsights_sitenote_active":false,"_monsterinsights_sitenote_note":"","_monsterinsights_sitenote_category":0},"product_cat":[46,342,51],"product_tag":[],"class_list":{"0":"post-3044","1":"product","2":"type-product","3":"status-publish","4":"has-post-thumbnail","6":"product_cat-semiconductores","7":"product_cat-tht","8":"product_cat-transistores-bjt","10":"first","11":"instock","12":"taxable","13":"shipping-taxable","14":"purchasable","15":"product-type-variable"},"aioseo_notices":[],"_links":{"self":[{"href":"https:\/\/techtronik.store\/index.php?rest_route=\/wp\/v3\/product\/3044","targetHints":{"allow":["GET"]}}],"collection":[{"href":"https:\/\/techtronik.store\/index.php?rest_route=\/wp\/v3\/product"}],"about":[{"href":"https:\/\/techtronik.store\/index.php?rest_route=\/wp\/v2\/types\/product"}],"replies":[{"embeddable":true,"href":"https:\/\/techtronik.store\/index.php?rest_route=%2Fwp%2Fv2%2Fcomments&post=3044"}],"wp:featuredmedia":[{"embeddable":true,"href":"https:\/\/techtronik.store\/index.php?rest_route=\/wp\/v2\/media\/3047"}],"wp:attachment":[{"href":"https:\/\/techtronik.store\/index.php?rest_route=%2Fwp%2Fv2%2Fmedia&parent=3044"}],"wp:term":[{"taxonomy":"product_cat","embeddable":true,"href":"https:\/\/techtronik.store\/index.php?rest_route=%2Fwp%2Fv2%2Fproduct_cat&post=3044"},{"taxonomy":"product_tag","embeddable":true,"href":"https:\/\/techtronik.store\/index.php?rest_route=%2Fwp%2Fv2%2Fproduct_tag&post=3044"}],"curies":[{"name":"wp","href":"https:\/\/api.w.org\/{rel}","templated":true}]}}