{"id":2968,"date":"2023-02-06T00:02:21","date_gmt":"2023-02-06T00:02:21","guid":{"rendered":"https:\/\/techtronik.store\/?post_type=product&#038;p=2968"},"modified":"2023-02-06T00:02:21","modified_gmt":"2023-02-06T00:02:21","slug":"modulo-ky-003-sensor-efecto-hall","status":"publish","type":"product","link":"https:\/\/techtronik.store\/?product=modulo-ky-003-sensor-efecto-hall","title":{"rendered":"Modulo KY-003 Sensor Efecto Hall"},"content":{"rendered":"<p>El Sensor Magn\u00e9tico KY-003\u00a0es un m\u00f3dulo que integra un sensor magn\u00e9tico de Efecto Hall con salida digital. Permite detectar de forma f\u00e1cil, r\u00e1pida y precisa campos magn\u00e9ticos producidos cerca de sensor.<\/p>\n<p>El El Sensor Magn\u00e9tico KY-003 es muy \u00fatil en proyectos de electr\u00f3nica, rob\u00f3tica y automatizaci\u00f3n por ejemplo: para medir posiciones sin\u00a0 tener contacto, un contador de ciclos, es muy com\u00fan verlos en aplicaciones como veloc\u00edmetros sobre todo en bicicletas.<\/p>\n","protected":false},"excerpt":{"rendered":"<p>El Sensor Magn\u00e9tico KY-003\u00a0es un m\u00f3dulo que integra un sensor magn\u00e9tico de Efecto Hall con salida digital. Permite detectar de forma f\u00e1cil, r\u00e1pida y precisa campos magn\u00e9ticos producidos cerca de sensor. El El Sensor Magn\u00e9tico KY-003 es muy \u00fatil en proyectos de electr\u00f3nica, rob\u00f3tica y automatizaci\u00f3n por ejemplo: para medir&hellip; <\/p>\n","protected":false},"featured_media":2970,"comment_status":"open","ping_status":"closed","template":"","meta":{"om_disable_all_campaigns":false,"_monsterinsights_skip_tracking":false,"_monsterinsights_sitenote_active":false,"_monsterinsights_sitenote_note":"","_monsterinsights_sitenote_category":0},"product_cat":[37,53],"product_tag":[],"class_list":{"0":"post-2968","1":"product","2":"type-product","3":"status-publish","4":"has-post-thumbnail","6":"product_cat-modulos","7":"product_cat-sensores","9":"first","10":"instock","11":"taxable","12":"shipping-taxable","13":"purchasable","14":"product-type-simple"},"aioseo_notices":[],"_links":{"self":[{"href":"https:\/\/techtronik.store\/index.php?rest_route=\/wp\/v3\/product\/2968","targetHints":{"allow":["GET"]}}],"collection":[{"href":"https:\/\/techtronik.store\/index.php?rest_route=\/wp\/v3\/product"}],"about":[{"href":"https:\/\/techtronik.store\/index.php?rest_route=\/wp\/v2\/types\/product"}],"replies":[{"embeddable":true,"href":"https:\/\/techtronik.store\/index.php?rest_route=%2Fwp%2Fv2%2Fcomments&post=2968"}],"wp:featuredmedia":[{"embeddable":true,"href":"https:\/\/techtronik.store\/index.php?rest_route=\/wp\/v2\/media\/2970"}],"wp:attachment":[{"href":"https:\/\/techtronik.store\/index.php?rest_route=%2Fwp%2Fv2%2Fmedia&parent=2968"}],"wp:term":[{"taxonomy":"product_cat","embeddable":true,"href":"https:\/\/techtronik.store\/index.php?rest_route=%2Fwp%2Fv2%2Fproduct_cat&post=2968"},{"taxonomy":"product_tag","embeddable":true,"href":"https:\/\/techtronik.store\/index.php?rest_route=%2Fwp%2Fv2%2Fproduct_tag&post=2968"}],"curies":[{"name":"wp","href":"https:\/\/api.w.org\/{rel}","templated":true}]}}