{"id":2721,"date":"2022-10-17T05:23:50","date_gmt":"2022-10-17T05:23:50","guid":{"rendered":"https:\/\/techtronik.store\/?post_type=product&#038;p=2721"},"modified":"2025-11-02T00:13:38","modified_gmt":"2025-11-02T00:13:38","slug":"modulo-ky-040-encoder-rotativo","status":"publish","type":"product","link":"https:\/\/techtronik.store\/?product=modulo-ky-040-encoder-rotativo","title":{"rendered":"Modulo KY-040 Encoder Rotativo"},"content":{"rendered":"<p>El M\u00f3dulo KY-040 es un Encoder rotativo es un codificador incremental con dos salidas desfasadas que nos indicara la direcci\u00f3n en la que se esta girando el eje. Cuenta con 12 posiciones (cada 30\u00ba) e infinito, es decir, que podemos dar vueltas hacia ambos lados sin l\u00edmite. Cuando pasamos por cada paso se nota un peque\u00f1o resalte que indica que se ha llegado a la nueva posici\u00f3n.<\/p>\n<p>Este Encoder rotatorio es ampliamente utilizado en el control de motores paso a paso, servomotores, control de potenci\u00f3metros digitales, controles de m\u00e1quinas industriales tales como los husillos de tornos y fresadoras CNC, brazos rob\u00f3ticos, controles de instrumentos electr\u00f3nicos (diales) y hasta es posible verlos todav\u00eda en los viejos ratones de computadoras o en algunos TrackBall.<\/p>\n","protected":false},"excerpt":{"rendered":"<p>El M\u00f3dulo KY-040 es un Encoder rotativo es un codificador incremental con dos salidas desfasadas que nos indicara la direcci\u00f3n en la que se esta girando el eje. Cuenta con 12 posiciones (cada 30\u00ba) e infinito, es decir, que podemos dar vueltas hacia ambos lados sin l\u00edmite. Cuando pasamos por&hellip; <\/p>\n","protected":false},"featured_media":2724,"comment_status":"open","ping_status":"closed","template":"","meta":{"om_disable_all_campaigns":false,"_monsterinsights_skip_tracking":false,"_monsterinsights_sitenote_active":false,"_monsterinsights_sitenote_note":"","_monsterinsights_sitenote_category":0},"product_cat":[37,53],"product_tag":[],"class_list":{"0":"post-2721","1":"product","2":"type-product","3":"status-publish","4":"has-post-thumbnail","6":"product_cat-modulos","7":"product_cat-sensores","9":"first","10":"instock","11":"taxable","12":"shipping-taxable","13":"purchasable","14":"product-type-simple"},"aioseo_notices":[],"_links":{"self":[{"href":"https:\/\/techtronik.store\/index.php?rest_route=\/wp\/v3\/product\/2721","targetHints":{"allow":["GET"]}}],"collection":[{"href":"https:\/\/techtronik.store\/index.php?rest_route=\/wp\/v3\/product"}],"about":[{"href":"https:\/\/techtronik.store\/index.php?rest_route=\/wp\/v2\/types\/product"}],"replies":[{"embeddable":true,"href":"https:\/\/techtronik.store\/index.php?rest_route=%2Fwp%2Fv2%2Fcomments&post=2721"}],"wp:featuredmedia":[{"embeddable":true,"href":"https:\/\/techtronik.store\/index.php?rest_route=\/wp\/v2\/media\/2724"}],"wp:attachment":[{"href":"https:\/\/techtronik.store\/index.php?rest_route=%2Fwp%2Fv2%2Fmedia&parent=2721"}],"wp:term":[{"taxonomy":"product_cat","embeddable":true,"href":"https:\/\/techtronik.store\/index.php?rest_route=%2Fwp%2Fv2%2Fproduct_cat&post=2721"},{"taxonomy":"product_tag","embeddable":true,"href":"https:\/\/techtronik.store\/index.php?rest_route=%2Fwp%2Fv2%2Fproduct_tag&post=2721"}],"curies":[{"name":"wp","href":"https:\/\/api.w.org\/{rel}","templated":true}]}}