{"id":2703,"date":"2022-10-17T05:02:47","date_gmt":"2022-10-17T05:02:47","guid":{"rendered":"https:\/\/techtronik.store\/?post_type=product&#038;p=2703"},"modified":"2023-10-24T21:21:33","modified_gmt":"2023-10-24T21:21:33","slug":"base-socket-circuito-integrado","status":"publish","type":"product","link":"https:\/\/techtronik.store\/?product=base-socket-circuito-integrado","title":{"rendered":"Base Socket Circuito Integrado"},"content":{"rendered":"<p>Una base tipo socket es un componente sobre el cual podemos montar un circuito l\u00f3gico cuando no queremos que este se da\u00f1e al momento de a\u00f1adirlo en una placa de cobre, las patas o pines del socket se soldan en lugar de las del circuito l\u00f3gico y de esta manera, si hay alg\u00fan error al momento de soldar el socket, al circuito l\u00f3gico no le ocurre nada ya que solo puede retirarse de los pines y se sustituye por un nuevo socket.<\/p>\n","protected":false},"excerpt":{"rendered":"<p>Una base tipo socket es un componente sobre el cual podemos montar un circuito l\u00f3gico cuando no queremos que este se da\u00f1e al momento de a\u00f1adirlo en una placa de cobre, las patas o pines del socket se soldan en lugar de las del circuito l\u00f3gico y de esta manera,&hellip; <\/p>\n","protected":false},"featured_media":2712,"comment_status":"open","ping_status":"closed","template":"","meta":{"om_disable_all_campaigns":false,"_monsterinsights_skip_tracking":false,"_monsterinsights_sitenote_active":false,"_monsterinsights_sitenote_note":"","_monsterinsights_sitenote_category":0},"product_cat":[36],"product_tag":[],"class_list":{"0":"post-2703","1":"product","2":"type-product","3":"status-publish","4":"has-post-thumbnail","6":"product_cat-herramientas","8":"first","9":"instock","10":"taxable","11":"shipping-taxable","12":"purchasable","13":"product-type-variable"},"aioseo_notices":[],"_links":{"self":[{"href":"https:\/\/techtronik.store\/index.php?rest_route=\/wp\/v3\/product\/2703","targetHints":{"allow":["GET"]}}],"collection":[{"href":"https:\/\/techtronik.store\/index.php?rest_route=\/wp\/v3\/product"}],"about":[{"href":"https:\/\/techtronik.store\/index.php?rest_route=\/wp\/v2\/types\/product"}],"replies":[{"embeddable":true,"href":"https:\/\/techtronik.store\/index.php?rest_route=%2Fwp%2Fv2%2Fcomments&post=2703"}],"wp:featuredmedia":[{"embeddable":true,"href":"https:\/\/techtronik.store\/index.php?rest_route=\/wp\/v2\/media\/2712"}],"wp:attachment":[{"href":"https:\/\/techtronik.store\/index.php?rest_route=%2Fwp%2Fv2%2Fmedia&parent=2703"}],"wp:term":[{"taxonomy":"product_cat","embeddable":true,"href":"https:\/\/techtronik.store\/index.php?rest_route=%2Fwp%2Fv2%2Fproduct_cat&post=2703"},{"taxonomy":"product_tag","embeddable":true,"href":"https:\/\/techtronik.store\/index.php?rest_route=%2Fwp%2Fv2%2Fproduct_tag&post=2703"}],"curies":[{"name":"wp","href":"https:\/\/api.w.org\/{rel}","templated":true}]}}