{"id":2649,"date":"2022-09-26T16:32:13","date_gmt":"2022-09-26T16:32:13","guid":{"rendered":"https:\/\/techtronik.store\/?post_type=product&#038;p=2649"},"modified":"2023-04-13T17:43:17","modified_gmt":"2023-04-13T17:43:17","slug":"modulo-a4988-driver-motor-a-pasos","status":"publish","type":"product","link":"https:\/\/techtronik.store\/?product=modulo-a4988-driver-motor-a-pasos","title":{"rendered":"Modulo A4988 Driver Motor a Pasos"},"content":{"rendered":"<p>Es un peque\u00f1o m\u00f3dulo puente h que permiten controlar motores paso a paso, est\u00e1 basado en el chip A4988 de Allegro, el cual soporta microsteping para motores bipolares. Puede proporcionar hasta 2A por bobinado y opera desde 8 a 35V. Tiene salidas auto reguladas de 5V y 3.3V para alimentar la l\u00f3gica externa sin necesita de un regulador adicional, lo cual lo hace extremadamente sencillo de manejar. Con tan s\u00f3lo dos pines (direcci\u00f3n y pulso), podr\u00e1s controlar f\u00e1cilmente un motor paso a paso bipolar.<\/p>\n<p>Incluye disipador el cual se recomienda utilizar para controlar motores a pasos que requieran corrientes mayores a 1A.<\/p>\n","protected":false},"excerpt":{"rendered":"<p>Es un peque\u00f1o m\u00f3dulo puente h que permiten controlar motores paso a paso, est\u00e1 basado en el chip A4988 de Allegro, el cual soporta microsteping para motores bipolares. Puede proporcionar hasta 2A por bobinado y opera desde 8 a 35V. Tiene salidas auto reguladas de 5V y 3.3V para alimentar&hellip; <\/p>\n","protected":false},"featured_media":2650,"comment_status":"open","ping_status":"closed","template":"","meta":{"om_disable_all_campaigns":false,"_monsterinsights_skip_tracking":false,"_monsterinsights_sitenote_active":false,"_monsterinsights_sitenote_note":"","_monsterinsights_sitenote_category":0},"product_cat":[37,38,24],"product_tag":[],"class_list":{"0":"post-2649","1":"product","2":"type-product","3":"status-publish","4":"has-post-thumbnail","6":"product_cat-modulos","7":"product_cat-motores","8":"product_cat-drivers","10":"first","11":"instock","12":"taxable","13":"shipping-taxable","14":"purchasable","15":"product-type-simple"},"aioseo_notices":[],"_links":{"self":[{"href":"https:\/\/techtronik.store\/index.php?rest_route=\/wp\/v3\/product\/2649","targetHints":{"allow":["GET"]}}],"collection":[{"href":"https:\/\/techtronik.store\/index.php?rest_route=\/wp\/v3\/product"}],"about":[{"href":"https:\/\/techtronik.store\/index.php?rest_route=\/wp\/v2\/types\/product"}],"replies":[{"embeddable":true,"href":"https:\/\/techtronik.store\/index.php?rest_route=%2Fwp%2Fv2%2Fcomments&post=2649"}],"wp:featuredmedia":[{"embeddable":true,"href":"https:\/\/techtronik.store\/index.php?rest_route=\/wp\/v2\/media\/2650"}],"wp:attachment":[{"href":"https:\/\/techtronik.store\/index.php?rest_route=%2Fwp%2Fv2%2Fmedia&parent=2649"}],"wp:term":[{"taxonomy":"product_cat","embeddable":true,"href":"https:\/\/techtronik.store\/index.php?rest_route=%2Fwp%2Fv2%2Fproduct_cat&post=2649"},{"taxonomy":"product_tag","embeddable":true,"href":"https:\/\/techtronik.store\/index.php?rest_route=%2Fwp%2Fv2%2Fproduct_tag&post=2649"}],"curies":[{"name":"wp","href":"https:\/\/api.w.org\/{rel}","templated":true}]}}