{"id":2633,"date":"2022-09-26T13:21:15","date_gmt":"2022-09-26T13:21:15","guid":{"rendered":"https:\/\/techtronik.store\/?post_type=product&#038;p=2633"},"modified":"2022-09-26T13:25:42","modified_gmt":"2022-09-26T13:25:42","slug":"protoboard-400-puntos-presion-mb-102","status":"publish","type":"product","link":"https:\/\/techtronik.store\/?product=protoboard-400-puntos-presion-mb-102","title":{"rendered":"Protoboard 400 Puntos Presion MB-102"},"content":{"rendered":"<div align=\"justify\">\n<div align=\"justify\">\n<p>La Protoboard 400pts MB-102, es una tablilla de pl\u00e1stico con orificios, en la cual se pueden armar de manera f\u00e1cil circuitos electr\u00f3nicos mediante la utilizaci\u00f3n de <strong>componentes electr\u00f3nicos<\/strong>\u00a0y cables.<\/p>\n<p>El Protoboard 400pts MB-102 es una tablilla de pruebas, que cuenta con 400 perforaciones divididas en filas horizontales y columnas verticales para realizar conexiones el\u00e9ctricas, puedes conectar cualquier elemento electr\u00f3nico para realizar prototipos, practicas y simulaciones de circuitos electr\u00f3nicos.<\/p>\n<p>La Protoboard 400Pts MB-102 se puede realizar cualquier tipo de proyecto electr\u00f3nico, generalmente se utiliza en practicas escolares como en proyectos de control, compuertas l\u00f3gicas, rob\u00f3tica, utilizaci\u00f3n con las placas de desarrollo <strong>Arduino<\/strong>, etc.<\/p>\n<hr \/>\n<h4><b>ESPECIFICACIONES T\u00c9CNICAS Y CARACTER\u00cdSTICAS<\/b><\/h4>\n<\/div>\n<ul>\n<li>Tipo: Protoboard<\/li>\n<li>Puntos: 400 puntos<\/li>\n<li>Color: Blanco<\/li>\n<li>Material: Pl\u00e1stico ABS<\/li>\n<li>Longitud: 16.5 cm<\/li>\n<li>Ancho: 5.5 cm<\/li>\n<li>Altura: 1 cm<\/li>\n<li>Autoadherible<\/li>\n<\/ul>\n<p>&nbsp;<\/p>\n<\/div>\n","protected":false},"excerpt":{"rendered":"<p>La Protoboard 400pts MB-102, es una tablilla de pl\u00e1stico con orificios, en la cual se pueden armar de manera f\u00e1cil circuitos electr\u00f3nicos mediante la utilizaci\u00f3n de componentes electr\u00f3nicos\u00a0y cables. El Protoboard 400pts MB-102 es una tablilla de pruebas, que cuenta con 400 perforaciones divididas en filas horizontales y columnas verticales&hellip; <\/p>\n","protected":false},"featured_media":2634,"comment_status":"open","ping_status":"closed","template":"","meta":{"om_disable_all_campaigns":false,"_monsterinsights_skip_tracking":false,"_monsterinsights_sitenote_active":false,"_monsterinsights_sitenote_note":"","_monsterinsights_sitenote_category":0},"product_cat":[36,211],"product_tag":[],"class_list":{"0":"post-2633","1":"product","2":"type-product","3":"status-publish","4":"has-post-thumbnail","6":"product_cat-herramientas","7":"product_cat-placas-de-desarrollo","9":"first","10":"instock","11":"taxable","12":"shipping-taxable","13":"purchasable","14":"product-type-simple"},"aioseo_notices":[],"_links":{"self":[{"href":"https:\/\/techtronik.store\/index.php?rest_route=\/wp\/v3\/product\/2633","targetHints":{"allow":["GET"]}}],"collection":[{"href":"https:\/\/techtronik.store\/index.php?rest_route=\/wp\/v3\/product"}],"about":[{"href":"https:\/\/techtronik.store\/index.php?rest_route=\/wp\/v2\/types\/product"}],"replies":[{"embeddable":true,"href":"https:\/\/techtronik.store\/index.php?rest_route=%2Fwp%2Fv2%2Fcomments&post=2633"}],"wp:featuredmedia":[{"embeddable":true,"href":"https:\/\/techtronik.store\/index.php?rest_route=\/wp\/v2\/media\/2634"}],"wp:attachment":[{"href":"https:\/\/techtronik.store\/index.php?rest_route=%2Fwp%2Fv2%2Fmedia&parent=2633"}],"wp:term":[{"taxonomy":"product_cat","embeddable":true,"href":"https:\/\/techtronik.store\/index.php?rest_route=%2Fwp%2Fv2%2Fproduct_cat&post=2633"},{"taxonomy":"product_tag","embeddable":true,"href":"https:\/\/techtronik.store\/index.php?rest_route=%2Fwp%2Fv2%2Fproduct_tag&post=2633"}],"curies":[{"name":"wp","href":"https:\/\/api.w.org\/{rel}","templated":true}]}}