{"id":2572,"date":"2022-09-26T04:32:43","date_gmt":"2022-09-26T04:32:43","guid":{"rendered":"https:\/\/techtronik.store\/?post_type=product&#038;p=2572"},"modified":"2022-11-18T00:23:53","modified_gmt":"2022-11-18T00:23:53","slug":"perilla-para-potenciometro","status":"publish","type":"product","link":"https:\/\/techtronik.store\/?product=perilla-para-potenciometro","title":{"rendered":"Perilla para Potenciometro"},"content":{"rendered":"<p>La perilla es una excelente manera de darle un acabo profesional a tus proyectos y facilita ajustar el potenci\u00f3metro. La perilla se desliza sobre el potenci\u00f3metro y se sujeta firmemente mediante fricci\u00f3n.<\/p>\n","protected":false},"excerpt":{"rendered":"<p>La perilla es una excelente manera de darle un acabo profesional a tus proyectos y facilita ajustar el potenci\u00f3metro. La perilla se desliza sobre el potenci\u00f3metro y se sujeta firmemente mediante fricci\u00f3n.<\/p>\n","protected":false},"featured_media":2573,"comment_status":"open","ping_status":"closed","template":"","meta":{"om_disable_all_campaigns":false,"_monsterinsights_skip_tracking":false,"_monsterinsights_sitenote_active":false,"_monsterinsights_sitenote_note":"","_monsterinsights_sitenote_category":0},"product_cat":[36,42],"product_tag":[],"class_list":{"0":"post-2572","1":"product","2":"type-product","3":"status-publish","4":"has-post-thumbnail","6":"product_cat-herramientas","7":"product_cat-pasivos","9":"first","10":"instock","11":"taxable","12":"shipping-taxable","13":"purchasable","14":"product-type-simple"},"aioseo_notices":[],"_links":{"self":[{"href":"https:\/\/techtronik.store\/index.php?rest_route=\/wp\/v3\/product\/2572","targetHints":{"allow":["GET"]}}],"collection":[{"href":"https:\/\/techtronik.store\/index.php?rest_route=\/wp\/v3\/product"}],"about":[{"href":"https:\/\/techtronik.store\/index.php?rest_route=\/wp\/v2\/types\/product"}],"replies":[{"embeddable":true,"href":"https:\/\/techtronik.store\/index.php?rest_route=%2Fwp%2Fv2%2Fcomments&post=2572"}],"wp:featuredmedia":[{"embeddable":true,"href":"https:\/\/techtronik.store\/index.php?rest_route=\/wp\/v2\/media\/2573"}],"wp:attachment":[{"href":"https:\/\/techtronik.store\/index.php?rest_route=%2Fwp%2Fv2%2Fmedia&parent=2572"}],"wp:term":[{"taxonomy":"product_cat","embeddable":true,"href":"https:\/\/techtronik.store\/index.php?rest_route=%2Fwp%2Fv2%2Fproduct_cat&post=2572"},{"taxonomy":"product_tag","embeddable":true,"href":"https:\/\/techtronik.store\/index.php?rest_route=%2Fwp%2Fv2%2Fproduct_tag&post=2572"}],"curies":[{"name":"wp","href":"https:\/\/api.w.org\/{rel}","templated":true}]}}