{"id":2561,"date":"2022-09-22T18:37:21","date_gmt":"2022-09-22T18:37:21","guid":{"rendered":"https:\/\/techtronik.store\/?post_type=product&#038;p=2561"},"modified":"2024-03-11T23:18:36","modified_gmt":"2024-03-11T23:18:36","slug":"soporte-motorreductor-n20-pololu","status":"publish","type":"product","link":"https:\/\/techtronik.store\/?product=soporte-motorreductor-n20-pololu","title":{"rendered":"Soporte Motorreductor N20 Pololu"},"content":{"rendered":"<p>Soporte Motorreductor\/Motor reductor N20<\/p>\n<p>Este elemento est\u00e1 fabricado de pl\u00e1stico, con una altura de 11.5 mm, anchura de 25 mm y con un di\u00e1metro de abertura de 2 mm. Viene incluido con dos tornillos y sus respectivas tuercas.<\/p>\n<p><strong>\u00a0<\/strong>En t\u00e9rminos simples este soporte su funci\u00f3n principal es darle al motorreductor una rigidez estable en una superficie, sujet\u00e1ndolo a trav\u00e9s de sus tornillos de sujeci\u00f3n.<\/p>\n<p>Se utiliza para sujetar los motorreductores Pololu. Por ejemplo: en un robot seguidor de l\u00edneas, m\u00e1quinas de evasi\u00f3n de obst\u00e1culos, y etc. Estos soportes son compatibles para los motores con las dimensiones del modelo N20 y N30.<\/p>\n<p><strong>NO INCLUYE MOTORREDUCTOR<\/strong>.<\/p>\n","protected":false},"excerpt":{"rendered":"<p>Soporte Motorreductor\/Motor reductor N20 Este elemento est\u00e1 fabricado de pl\u00e1stico, con una altura de 11.5 mm, anchura de 25 mm y con un di\u00e1metro de abertura de 2 mm. Viene incluido con dos tornillos y sus respectivas tuercas. \u00a0En t\u00e9rminos simples este soporte su funci\u00f3n principal es darle al motorreductor&hellip; <\/p>\n","protected":false},"featured_media":2562,"comment_status":"open","ping_status":"closed","template":"","meta":{"om_disable_all_campaigns":false,"_monsterinsights_skip_tracking":false,"_monsterinsights_sitenote_active":false,"_monsterinsights_sitenote_note":"","_monsterinsights_sitenote_category":0},"product_cat":[36,38],"product_tag":[],"class_list":{"0":"post-2561","1":"product","2":"type-product","3":"status-publish","4":"has-post-thumbnail","6":"product_cat-herramientas","7":"product_cat-motores","9":"first","10":"instock","11":"taxable","12":"shipping-taxable","13":"purchasable","14":"product-type-simple"},"aioseo_notices":[],"_links":{"self":[{"href":"https:\/\/techtronik.store\/index.php?rest_route=\/wp\/v3\/product\/2561","targetHints":{"allow":["GET"]}}],"collection":[{"href":"https:\/\/techtronik.store\/index.php?rest_route=\/wp\/v3\/product"}],"about":[{"href":"https:\/\/techtronik.store\/index.php?rest_route=\/wp\/v2\/types\/product"}],"replies":[{"embeddable":true,"href":"https:\/\/techtronik.store\/index.php?rest_route=%2Fwp%2Fv2%2Fcomments&post=2561"}],"wp:featuredmedia":[{"embeddable":true,"href":"https:\/\/techtronik.store\/index.php?rest_route=\/wp\/v2\/media\/2562"}],"wp:attachment":[{"href":"https:\/\/techtronik.store\/index.php?rest_route=%2Fwp%2Fv2%2Fmedia&parent=2561"}],"wp:term":[{"taxonomy":"product_cat","embeddable":true,"href":"https:\/\/techtronik.store\/index.php?rest_route=%2Fwp%2Fv2%2Fproduct_cat&post=2561"},{"taxonomy":"product_tag","embeddable":true,"href":"https:\/\/techtronik.store\/index.php?rest_route=%2Fwp%2Fv2%2Fproduct_tag&post=2561"}],"curies":[{"name":"wp","href":"https:\/\/api.w.org\/{rel}","templated":true}]}}