{"id":2515,"date":"2022-09-22T15:10:08","date_gmt":"2022-09-22T15:10:08","guid":{"rendered":"https:\/\/techtronik.store\/?post_type=product&#038;p=2515"},"modified":"2023-04-13T21:42:33","modified_gmt":"2023-04-13T21:42:33","slug":"tuerca-milimetrica-m","status":"publish","type":"product","link":"https:\/\/techtronik.store\/?product=tuerca-milimetrica-m","title":{"rendered":"Tuerca Milimetrica M"},"content":{"rendered":"<p>Tuerca Milim\u00e9trica M de carbono, compatible con los tornillos M de cualquier medida ideales para utilizarlos con los<strong> separadores de lat\u00f3n M3<\/strong>. En conjunto son ideales para tener aislamiento, empalme y sujeci\u00f3n a superficies, ya sea para tarjetas electronicas, PCBs, m\u00f3dulos y m\u00e1s.<\/p>\n","protected":false},"excerpt":{"rendered":"<p>Tuerca Milim\u00e9trica M de carbono, compatible con los tornillos M de cualquier medida ideales para utilizarlos con los separadores de lat\u00f3n M3. En conjunto son ideales para tener aislamiento, empalme y sujeci\u00f3n a superficies, ya sea para tarjetas electronicas, PCBs, m\u00f3dulos y m\u00e1s.<\/p>\n","protected":false},"featured_media":2542,"comment_status":"open","ping_status":"closed","template":"","meta":{"om_disable_all_campaigns":false,"_monsterinsights_skip_tracking":false,"_monsterinsights_sitenote_active":false,"_monsterinsights_sitenote_note":"","_monsterinsights_sitenote_category":0},"product_cat":[36],"product_tag":[],"class_list":{"0":"post-2515","1":"product","2":"type-product","3":"status-publish","4":"has-post-thumbnail","6":"product_cat-herramientas","8":"first","9":"instock","10":"taxable","11":"shipping-taxable","12":"purchasable","13":"product-type-variable"},"aioseo_notices":[],"_links":{"self":[{"href":"https:\/\/techtronik.store\/index.php?rest_route=\/wp\/v3\/product\/2515","targetHints":{"allow":["GET"]}}],"collection":[{"href":"https:\/\/techtronik.store\/index.php?rest_route=\/wp\/v3\/product"}],"about":[{"href":"https:\/\/techtronik.store\/index.php?rest_route=\/wp\/v2\/types\/product"}],"replies":[{"embeddable":true,"href":"https:\/\/techtronik.store\/index.php?rest_route=%2Fwp%2Fv2%2Fcomments&post=2515"}],"wp:featuredmedia":[{"embeddable":true,"href":"https:\/\/techtronik.store\/index.php?rest_route=\/wp\/v2\/media\/2542"}],"wp:attachment":[{"href":"https:\/\/techtronik.store\/index.php?rest_route=%2Fwp%2Fv2%2Fmedia&parent=2515"}],"wp:term":[{"taxonomy":"product_cat","embeddable":true,"href":"https:\/\/techtronik.store\/index.php?rest_route=%2Fwp%2Fv2%2Fproduct_cat&post=2515"},{"taxonomy":"product_tag","embeddable":true,"href":"https:\/\/techtronik.store\/index.php?rest_route=%2Fwp%2Fv2%2Fproduct_tag&post=2515"}],"curies":[{"name":"wp","href":"https:\/\/api.w.org\/{rel}","templated":true}]}}