{"id":2409,"date":"2022-09-22T13:42:25","date_gmt":"2022-09-22T13:42:25","guid":{"rendered":"https:\/\/techtronik.store\/?post_type=product&#038;p=2409"},"modified":"2023-01-19T02:18:45","modified_gmt":"2023-01-19T02:18:45","slug":"terminal-crimp-jst-xh2-54","status":"publish","type":"product","link":"https:\/\/techtronik.store\/?product=terminal-crimp-jst-xh2-54","title":{"rendered":"Terminal Crimp JST XH2.54"},"content":{"rendered":"<p>Terminal crimp, te ayudar\u00e1 a realizar arneses\/cables JST, as\u00ed como tus propios cables al tama\u00f1o que necesites para facilitar conexi\u00f3n con placas PCBs, m\u00f3dulos, y conectar todo tipo de proyectos. Estas terminales se venden por pieza.<\/p>\n<p>\u00datiles para realizar tu propio arn\u00e9s\/cable JST, con esta terminal podr\u00e1s hacer empalme con los cables el\u00e9ctricos de calibre 22-26 AWG\u00a0te recomendamos utilizar las\u00a0pinzas terminal crimper\u00a0o de igual manera pinzas planas. Esta terminal es solo la parte conductiva, contamos con diferentes\u00a0conectores JST hembra\u00a0que van desde 2 hasta 8 pines.<\/p>\n","protected":false},"excerpt":{"rendered":"<p>Terminal crimp, te ayudar\u00e1 a realizar arneses\/cables JST, as\u00ed como tus propios cables al tama\u00f1o que necesites para facilitar conexi\u00f3n con placas PCBs, m\u00f3dulos, y conectar todo tipo de proyectos. Estas terminales se venden por pieza. \u00datiles para realizar tu propio arn\u00e9s\/cable JST, con esta terminal podr\u00e1s hacer empalme con&hellip; <\/p>\n","protected":false},"featured_media":2410,"comment_status":"open","ping_status":"closed","template":"","meta":{"om_disable_all_campaigns":false,"_monsterinsights_skip_tracking":false,"_monsterinsights_sitenote_active":false,"_monsterinsights_sitenote_note":"","_monsterinsights_sitenote_category":0},"product_cat":[36],"product_tag":[],"class_list":{"0":"post-2409","1":"product","2":"type-product","3":"status-publish","4":"has-post-thumbnail","6":"product_cat-herramientas","8":"first","9":"instock","10":"taxable","11":"shipping-taxable","12":"purchasable","13":"product-type-simple"},"aioseo_notices":[],"_links":{"self":[{"href":"https:\/\/techtronik.store\/index.php?rest_route=\/wp\/v3\/product\/2409","targetHints":{"allow":["GET"]}}],"collection":[{"href":"https:\/\/techtronik.store\/index.php?rest_route=\/wp\/v3\/product"}],"about":[{"href":"https:\/\/techtronik.store\/index.php?rest_route=\/wp\/v2\/types\/product"}],"replies":[{"embeddable":true,"href":"https:\/\/techtronik.store\/index.php?rest_route=%2Fwp%2Fv2%2Fcomments&post=2409"}],"wp:featuredmedia":[{"embeddable":true,"href":"https:\/\/techtronik.store\/index.php?rest_route=\/wp\/v2\/media\/2410"}],"wp:attachment":[{"href":"https:\/\/techtronik.store\/index.php?rest_route=%2Fwp%2Fv2%2Fmedia&parent=2409"}],"wp:term":[{"taxonomy":"product_cat","embeddable":true,"href":"https:\/\/techtronik.store\/index.php?rest_route=%2Fwp%2Fv2%2Fproduct_cat&post=2409"},{"taxonomy":"product_tag","embeddable":true,"href":"https:\/\/techtronik.store\/index.php?rest_route=%2Fwp%2Fv2%2Fproduct_tag&post=2409"}],"curies":[{"name":"wp","href":"https:\/\/api.w.org\/{rel}","templated":true}]}}