{"id":2388,"date":"2022-09-22T13:17:15","date_gmt":"2022-09-22T13:17:15","guid":{"rendered":"https:\/\/techtronik.store\/?post_type=product&#038;p=2388"},"modified":"2023-01-27T02:03:52","modified_gmt":"2023-01-27T02:03:52","slug":"conector-jst-xh2-54-macho","status":"publish","type":"product","link":"https:\/\/techtronik.store\/?product=conector-jst-xh2-54-macho","title":{"rendered":"Conector JST XH2.54 Macho"},"content":{"rendered":"<p>Conectores Housing XH2.54mm disponible con conector tipo hembra JST de 2,3,4,5, 6, 7 y 8 pines. Con una separaci\u00f3n entre pines de 2.54mm. Estos conectores son ideales para armar tu propio cable de conexi\u00f3n as\u00ed como tener el repuesto ideal si sea roto tu viejo conector<\/p>\n<p>Puedes utilizar estos conectores para facilitar conexiones con bater\u00edas recargables, balanceadores de carga, impresoras 3D, servos y\/o motores brusshless. De igual manera podr\u00e1s hacer empalmes con terminales XH y cable de calibre 26AWG.<\/p>\n","protected":false},"excerpt":{"rendered":"<p>Conectores Housing XH2.54mm disponible con conector tipo hembra JST de 2,3,4,5, 6, 7 y 8 pines. Con una separaci\u00f3n entre pines de 2.54mm. Estos conectores son ideales para armar tu propio cable de conexi\u00f3n as\u00ed como tener el repuesto ideal si sea roto tu viejo conector Puedes utilizar estos conectores&hellip; <\/p>\n","protected":false},"featured_media":2399,"comment_status":"open","ping_status":"closed","template":"","meta":{"om_disable_all_campaigns":false,"_monsterinsights_skip_tracking":false,"_monsterinsights_sitenote_active":false,"_monsterinsights_sitenote_note":"","_monsterinsights_sitenote_category":0},"product_cat":[36],"product_tag":[],"class_list":{"0":"post-2388","1":"product","2":"type-product","3":"status-publish","4":"has-post-thumbnail","6":"product_cat-herramientas","8":"first","9":"instock","10":"taxable","11":"shipping-taxable","12":"purchasable","13":"product-type-variable"},"aioseo_notices":[],"_links":{"self":[{"href":"https:\/\/techtronik.store\/index.php?rest_route=\/wp\/v3\/product\/2388","targetHints":{"allow":["GET"]}}],"collection":[{"href":"https:\/\/techtronik.store\/index.php?rest_route=\/wp\/v3\/product"}],"about":[{"href":"https:\/\/techtronik.store\/index.php?rest_route=\/wp\/v2\/types\/product"}],"replies":[{"embeddable":true,"href":"https:\/\/techtronik.store\/index.php?rest_route=%2Fwp%2Fv2%2Fcomments&post=2388"}],"wp:featuredmedia":[{"embeddable":true,"href":"https:\/\/techtronik.store\/index.php?rest_route=\/wp\/v2\/media\/2399"}],"wp:attachment":[{"href":"https:\/\/techtronik.store\/index.php?rest_route=%2Fwp%2Fv2%2Fmedia&parent=2388"}],"wp:term":[{"taxonomy":"product_cat","embeddable":true,"href":"https:\/\/techtronik.store\/index.php?rest_route=%2Fwp%2Fv2%2Fproduct_cat&post=2388"},{"taxonomy":"product_tag","embeddable":true,"href":"https:\/\/techtronik.store\/index.php?rest_route=%2Fwp%2Fv2%2Fproduct_tag&post=2388"}],"curies":[{"name":"wp","href":"https:\/\/api.w.org\/{rel}","templated":true}]}}