{"id":2374,"date":"2022-09-22T12:40:28","date_gmt":"2022-09-22T12:40:28","guid":{"rendered":"https:\/\/techtronik.store\/?post_type=product&#038;p=2374"},"modified":"2023-01-11T00:21:37","modified_gmt":"2023-01-11T00:21:37","slug":"modulo-ky-008-laser","status":"publish","type":"product","link":"https:\/\/techtronik.store\/?product=modulo-ky-008-laser","title":{"rendered":"Modulo KY-008 Laser"},"content":{"rendered":"<p>El M\u00f3dulo Laser KY-008 es un emisor de luz l\u00e1ser\u00a0 de color rojo que cuenta con un cabezal de cobre para darle mayor resistencia y una disipaci\u00f3n de calor que se produce por el l\u00e1ser. Ya que no cuenta con un pin de activaci\u00f3n por el cual se lleva acabo con el pin de alimentaci\u00f3n que env\u00eda el pulso de activaci\u00f3n mediante el pin de salida de Arduino que suministra 5V.<\/p>\n<p>Este m\u00f3dulo es \u00fatil para determinar la distancia de un objeto o la detecci\u00f3n o alarma de movimiento en caso de ser necesario. Es \u00fatil para trabajos con Arduino, Esp8266 ya que es f\u00e1cil de conectar ; ya que cuenta con 3 pines de los cuales solo se trabaja con 2 (Vcc y GND). El cual tiene un alcance de 1.5m a 2m.<\/p>\n","protected":false},"excerpt":{"rendered":"<p>El M\u00f3dulo Laser KY-008 es un emisor de luz l\u00e1ser\u00a0 de color rojo que cuenta con un cabezal de cobre para darle mayor resistencia y una disipaci\u00f3n de calor que se produce por el l\u00e1ser. Ya que no cuenta con un pin de activaci\u00f3n por el cual se lleva acabo&hellip; <\/p>\n","protected":false},"featured_media":2376,"comment_status":"open","ping_status":"closed","template":"","meta":{"om_disable_all_campaigns":false,"_monsterinsights_skip_tracking":false,"_monsterinsights_sitenote_active":false,"_monsterinsights_sitenote_note":"","_monsterinsights_sitenote_category":0},"product_cat":[37,39],"product_tag":[],"class_list":{"0":"post-2374","1":"product","2":"type-product","3":"status-publish","4":"has-post-thumbnail","6":"product_cat-modulos","7":"product_cat-optoelectronica","9":"first","10":"instock","11":"taxable","12":"shipping-taxable","13":"purchasable","14":"product-type-simple"},"aioseo_notices":[],"_links":{"self":[{"href":"https:\/\/techtronik.store\/index.php?rest_route=\/wp\/v3\/product\/2374","targetHints":{"allow":["GET"]}}],"collection":[{"href":"https:\/\/techtronik.store\/index.php?rest_route=\/wp\/v3\/product"}],"about":[{"href":"https:\/\/techtronik.store\/index.php?rest_route=\/wp\/v2\/types\/product"}],"replies":[{"embeddable":true,"href":"https:\/\/techtronik.store\/index.php?rest_route=%2Fwp%2Fv2%2Fcomments&post=2374"}],"wp:featuredmedia":[{"embeddable":true,"href":"https:\/\/techtronik.store\/index.php?rest_route=\/wp\/v2\/media\/2376"}],"wp:attachment":[{"href":"https:\/\/techtronik.store\/index.php?rest_route=%2Fwp%2Fv2%2Fmedia&parent=2374"}],"wp:term":[{"taxonomy":"product_cat","embeddable":true,"href":"https:\/\/techtronik.store\/index.php?rest_route=%2Fwp%2Fv2%2Fproduct_cat&post=2374"},{"taxonomy":"product_tag","embeddable":true,"href":"https:\/\/techtronik.store\/index.php?rest_route=%2Fwp%2Fv2%2Fproduct_tag&post=2374"}],"curies":[{"name":"wp","href":"https:\/\/api.w.org\/{rel}","templated":true}]}}