{"id":2292,"date":"2022-09-15T04:35:09","date_gmt":"2022-09-15T04:35:09","guid":{"rendered":"https:\/\/techtronik.store\/?post_type=product&#038;p=2292"},"modified":"2023-02-06T07:26:20","modified_gmt":"2023-02-06T07:26:20","slug":"capacitor-smd-0603","status":"publish","type":"product","link":"https:\/\/techtronik.store\/?product=capacitor-smd-0603","title":{"rendered":"Capacitor SMD 0603 50V"},"content":{"rendered":"<p><span lang=\"ES\">El capacitor es un elemento pasivo\u00a0que almacena energ\u00eda en forma de campo el\u00e9ctrico, adquiriendo carga el\u00e9ctrica. El capacitor est\u00e1 formado por dos l\u00e1minas conductoras, separadas por un aislante o diel\u00e9ctrico, de tal modo que puedan estar cargados con el mismo valor, pero con signos contrarios.<\/span><\/p>\n<p><strong>USOS DEL CAPACITOR<\/strong><\/p>\n<p>Para aplicaciones de descarga r\u00e1pida: como un Flash, en donde el condensador se tiene que descargar a gran velocidad para generar la luz necesaria (algo que hace muy f\u00e1cilmente cuando se le conecta en paralelo un medio de baja resistencia)<\/p>\n<p>Como Filtro: un condensador de gran valor (1,000 uF \u2013 12,000 uF) se utiliza para eliminar el \u201c<em>rizado<\/em>\u201d que se generan el proceso de conversi\u00f3n de\u00a0<em>corriente alterna a corriente continua.<\/em><\/p>\n<p>Aislar etapas o \u00e1reas de un circuito: un condensador se comporta (idealmente) como un corto circuito para la se\u00f1al alterna y como un circuito abierto para se\u00f1ales de corriente continua, etc.<\/p>\n<p>Para motores el\u00e9ctricos: genera el par de fuerza en un motor monof\u00e1sico.<\/p>\n<p>Para corregir el factor de potencia: compensa las cargas inductivas en las instalaciones el\u00e9ctricas.<\/p>\n<p>Como temporizador: en conjunto con la resistencia o inductancia se utiliza en osciladores.<\/p>\n<p>Como memoria: al cargarse a una determinada tensi\u00f3n, se lo utiliza como un bit de memoria digital .<\/p>\n","protected":false},"excerpt":{"rendered":"<p>El capacitor es un elemento pasivo\u00a0que almacena energ\u00eda en forma de campo el\u00e9ctrico, adquiriendo carga el\u00e9ctrica. El capacitor est\u00e1 formado por dos l\u00e1minas conductoras, separadas por un aislante o diel\u00e9ctrico, de tal modo que puedan estar cargados con el mismo valor, pero con signos contrarios. USOS DEL CAPACITOR Para aplicaciones&hellip; <\/p>\n","protected":false},"featured_media":2323,"comment_status":"open","ping_status":"closed","template":"","meta":{"om_disable_all_campaigns":false,"_monsterinsights_skip_tracking":false,"_monsterinsights_sitenote_active":false,"_monsterinsights_sitenote_note":"","_monsterinsights_sitenote_category":0},"product_cat":[333,331,328],"product_tag":[],"class_list":{"0":"post-2292","1":"product","2":"type-product","3":"status-publish","4":"has-post-thumbnail","6":"product_cat-capacitores-pasivos-smd","7":"product_cat-pasivos-smd","8":"product_cat-smd","10":"first","11":"instock","12":"taxable","13":"shipping-taxable","14":"purchasable","15":"product-type-variable"},"aioseo_notices":[],"_links":{"self":[{"href":"https:\/\/techtronik.store\/index.php?rest_route=\/wp\/v3\/product\/2292","targetHints":{"allow":["GET"]}}],"collection":[{"href":"https:\/\/techtronik.store\/index.php?rest_route=\/wp\/v3\/product"}],"about":[{"href":"https:\/\/techtronik.store\/index.php?rest_route=\/wp\/v2\/types\/product"}],"replies":[{"embeddable":true,"href":"https:\/\/techtronik.store\/index.php?rest_route=%2Fwp%2Fv2%2Fcomments&post=2292"}],"wp:featuredmedia":[{"embeddable":true,"href":"https:\/\/techtronik.store\/index.php?rest_route=\/wp\/v2\/media\/2323"}],"wp:attachment":[{"href":"https:\/\/techtronik.store\/index.php?rest_route=%2Fwp%2Fv2%2Fmedia&parent=2292"}],"wp:term":[{"taxonomy":"product_cat","embeddable":true,"href":"https:\/\/techtronik.store\/index.php?rest_route=%2Fwp%2Fv2%2Fproduct_cat&post=2292"},{"taxonomy":"product_tag","embeddable":true,"href":"https:\/\/techtronik.store\/index.php?rest_route=%2Fwp%2Fv2%2Fproduct_tag&post=2292"}],"curies":[{"name":"wp","href":"https:\/\/api.w.org\/{rel}","templated":true}]}}