{"id":2285,"date":"2022-09-15T04:24:16","date_gmt":"2022-09-15T04:24:16","guid":{"rendered":"https:\/\/techtronik.store\/?post_type=product&#038;p=2285"},"modified":"2023-08-08T03:51:51","modified_gmt":"2023-08-08T03:51:51","slug":"led-smd-0805","status":"publish","type":"product","link":"https:\/\/techtronik.store\/?product=led-smd-0805","title":{"rendered":"LED SMD 0805"},"content":{"rendered":"<div align=\"justify\">\n<p>Led Ultrabrillante SMD disponible en diferentes colores desde Verde, Rojo, Amarillo, Azul, Blanco de acuerdo a tu proyecto o necesidad podr\u00e1s elegir el que m\u00e1s se ajuste.<\/p>\n<div align=\"justify\">\n<p>Son componentes el\u00e9ctricos semiconductores (diodos) que son capaces de emitir luz al ser atravesados por una corriente peque\u00f1a. Las siglas \u201cLED\u201d provienen del ingl\u00e9s \u201cLight Emitting Diode\u201d, que traducido al espa\u00f1ol es \u201cDiodo Emisor de Luz\u201d.<\/p>\n<p>Los led\u00b4s SMD se utilizan en muchos dispositivos electr\u00f3nicos como pueden ser: Juguetes, Iluminaci\u00f3n, Sem\u00e1foro, Automotriz, Publicidad comercial al aire libre, indicador del panel frontal y m\u00e1s. Es ideal para practicas de electr\u00f3nica, es de f\u00e1cil utilizaci\u00f3n ya que se pueden conectar f\u00e1cilmente a un protoboard o implementarlos en tus propias placas de circuitos el\u00e9ctricos PCB.<\/p>\n<\/div>\n<hr \/>\n<h3><strong>ESPECIFICACIONES Y CARACTER\u00cdSTICAS<\/strong><\/h3>\n<ul>\n<li>Tipo: LED SMD 0805<\/li>\n<li>\u00c1ngulo de visi\u00f3n:<\/li>\n<li>N\u00famero de pines: 2<\/li>\n<li>Di\u00e1metro de encapsulado:<\/li>\n<li>Material de Shell: Ep\u00f3xico<\/li>\n<\/ul>\n<h4><strong>Conexi\u00f3n :<\/strong><\/h4>\n<ul>\n<li>Terminal negativa V(-) C\u00e1todo<\/li>\n<li>Terminal positiva v(+) \u00c1nodo<\/li>\n<\/ul>\n<\/div>\n","protected":false},"excerpt":{"rendered":"<p>Led Ultrabrillante SMD disponible en diferentes colores desde Verde, Rojo, Amarillo, Azul, Blanco de acuerdo a tu proyecto o necesidad podr\u00e1s elegir el que m\u00e1s se ajuste. Son componentes el\u00e9ctricos semiconductores (diodos) que son capaces de emitir luz al ser atravesados por una corriente peque\u00f1a. Las siglas \u201cLED\u201d provienen del&hellip; <\/p>\n","protected":false},"featured_media":2284,"comment_status":"open","ping_status":"closed","template":"","meta":{"om_disable_all_campaigns":false,"_monsterinsights_skip_tracking":false,"_monsterinsights_sitenote_active":false,"_monsterinsights_sitenote_note":"","_monsterinsights_sitenote_category":0},"product_cat":[330,329,328],"product_tag":[],"class_list":{"0":"post-2285","1":"product","2":"type-product","3":"status-publish","4":"has-post-thumbnail","6":"product_cat-leds-optoelectronica-smd","7":"product_cat-optoelectronica-smd","8":"product_cat-smd","10":"first","11":"instock","12":"taxable","13":"shipping-taxable","14":"purchasable","15":"product-type-variable"},"aioseo_notices":[],"_links":{"self":[{"href":"https:\/\/techtronik.store\/index.php?rest_route=\/wp\/v3\/product\/2285","targetHints":{"allow":["GET"]}}],"collection":[{"href":"https:\/\/techtronik.store\/index.php?rest_route=\/wp\/v3\/product"}],"about":[{"href":"https:\/\/techtronik.store\/index.php?rest_route=\/wp\/v2\/types\/product"}],"replies":[{"embeddable":true,"href":"https:\/\/techtronik.store\/index.php?rest_route=%2Fwp%2Fv2%2Fcomments&post=2285"}],"wp:featuredmedia":[{"embeddable":true,"href":"https:\/\/techtronik.store\/index.php?rest_route=\/wp\/v2\/media\/2284"}],"wp:attachment":[{"href":"https:\/\/techtronik.store\/index.php?rest_route=%2Fwp%2Fv2%2Fmedia&parent=2285"}],"wp:term":[{"taxonomy":"product_cat","embeddable":true,"href":"https:\/\/techtronik.store\/index.php?rest_route=%2Fwp%2Fv2%2Fproduct_cat&post=2285"},{"taxonomy":"product_tag","embeddable":true,"href":"https:\/\/techtronik.store\/index.php?rest_route=%2Fwp%2Fv2%2Fproduct_tag&post=2285"}],"curies":[{"name":"wp","href":"https:\/\/api.w.org\/{rel}","templated":true}]}}