{"id":1985,"date":"2022-09-15T03:19:09","date_gmt":"2022-09-15T03:19:09","guid":{"rendered":"https:\/\/techtronik.store\/?post_type=product&#038;p=1985"},"modified":"2023-02-06T07:24:16","modified_gmt":"2023-02-06T07:24:16","slug":"resistencia-smd-06022","status":"publish","type":"product","link":"https:\/\/techtronik.store\/?product=resistencia-smd-06022","title":{"rendered":"Resistencia SMD 0603 1%"},"content":{"rendered":"<p>Resistencia SMD 0603 al 1% de tolerancia disponibles en distintos valores, ideales para todo tipo de proyectos de electr\u00f3nica.<\/p>\n<p>Las resistencias son componentes pasivos que se utilizan para oponer resistencia al flujo de corriente en un punto dado, su magnitud de resistencia depende de su cantidad de Ohms [\u03a9] y mientras menor sea\u00a0 el valor de la resistencia, mayor ser\u00e1 el flujo de los electrones. Los valores de potencia m\u00e1s comunes de las resistencias son: 1\/4, 1\/2, 1 watt, una caracter\u00edstica de las resistencias es que a mayor tama\u00f1o de valor de potencia, habr\u00e1 una mayor capacidad de disipaci\u00f3n de calor.<\/p>\n<p>Algunos de los usos comunes de resistores son:<\/p>\n<ul>\n<li>Reducir amperaje.<\/li>\n<li>Divisores de tensi\u00f3n.<\/li>\n<li>Calefacci\u00f3n, entre otros.<\/li>\n<\/ul>\n<hr \/>\n<h3><b>ESPECIFICACIONES Y CARACTER\u00cdSTICAS\u00a0<\/b><\/h3>\n<ul>\n<li>Tipo: Resistencia 1\/4W SMD<\/li>\n<li>Resistencia: Variables<\/li>\n<li>Potencia:\u00a01\/4W<\/li>\n<li>Tolerancia: 1%<\/li>\n<\/ul>\n","protected":false},"excerpt":{"rendered":"<p>Resistencia SMD 0603 al 1% de tolerancia disponibles en distintos valores, ideales para todo tipo de proyectos de electr\u00f3nica. Las resistencias son componentes pasivos que se utilizan para oponer resistencia al flujo de corriente en un punto dado, su magnitud de resistencia depende de su cantidad de Ohms [\u03a9] y&hellip; <\/p>\n","protected":false},"featured_media":2202,"comment_status":"open","ping_status":"closed","template":"","meta":{"om_disable_all_campaigns":false,"_monsterinsights_skip_tracking":false,"_monsterinsights_sitenote_active":false,"_monsterinsights_sitenote_note":"","_monsterinsights_sitenote_category":0},"product_cat":[331,334,328],"product_tag":[],"class_list":{"0":"post-1985","1":"product","2":"type-product","3":"status-publish","4":"has-post-thumbnail","6":"product_cat-pasivos-smd","7":"product_cat-resistencias-pasivos-smd","8":"product_cat-smd","10":"first","11":"instock","12":"taxable","13":"shipping-taxable","14":"purchasable","15":"product-type-variable"},"aioseo_notices":[],"_links":{"self":[{"href":"https:\/\/techtronik.store\/index.php?rest_route=\/wp\/v3\/product\/1985","targetHints":{"allow":["GET"]}}],"collection":[{"href":"https:\/\/techtronik.store\/index.php?rest_route=\/wp\/v3\/product"}],"about":[{"href":"https:\/\/techtronik.store\/index.php?rest_route=\/wp\/v2\/types\/product"}],"replies":[{"embeddable":true,"href":"https:\/\/techtronik.store\/index.php?rest_route=%2Fwp%2Fv2%2Fcomments&post=1985"}],"wp:featuredmedia":[{"embeddable":true,"href":"https:\/\/techtronik.store\/index.php?rest_route=\/wp\/v2\/media\/2202"}],"wp:attachment":[{"href":"https:\/\/techtronik.store\/index.php?rest_route=%2Fwp%2Fv2%2Fmedia&parent=1985"}],"wp:term":[{"taxonomy":"product_cat","embeddable":true,"href":"https:\/\/techtronik.store\/index.php?rest_route=%2Fwp%2Fv2%2Fproduct_cat&post=1985"},{"taxonomy":"product_tag","embeddable":true,"href":"https:\/\/techtronik.store\/index.php?rest_route=%2Fwp%2Fv2%2Fproduct_tag&post=1985"}],"curies":[{"name":"wp","href":"https:\/\/api.w.org\/{rel}","templated":true}]}}