{"id":1963,"date":"2022-09-09T12:54:37","date_gmt":"2022-09-09T12:54:37","guid":{"rendered":"https:\/\/techtronik.store\/?post_type=product&#038;p=1963"},"modified":"2023-02-06T00:16:29","modified_gmt":"2023-02-06T00:16:29","slug":"cable-de-datos-usb-b","status":"publish","type":"product","link":"https:\/\/techtronik.store\/?product=cable-de-datos-usb-b","title":{"rendered":"Cable de Datos USB B"},"content":{"rendered":"<p>***Cable para Arduino Uno compatible***<\/p>\n<p>El Cable de Datos USB Tipo B permite transferir datos y fuente de alimentaci\u00f3n de dispositivos, con blindaje multicapa de cobre engrosado.<\/p>\n<p>Es \u00fatil para realizar la alimentaci\u00f3n de energ\u00eda y transferencia de datos en componentes o dispositivos, por ejemplo en tarjetas de desarrollo compatibles con\u00a0<strong>Arduino UNO Rev3,\u00a0Arduino Mega 2560 Rev3\u00a0<\/strong>o\u00a0<strong>UNO R3.<\/strong><\/p>\n","protected":false},"excerpt":{"rendered":"<p>***Cable para Arduino Uno compatible*** El Cable de Datos USB Tipo B permite transferir datos y fuente de alimentaci\u00f3n de dispositivos, con blindaje multicapa de cobre engrosado. Es \u00fatil para realizar la alimentaci\u00f3n de energ\u00eda y transferencia de datos en componentes o dispositivos, por ejemplo en tarjetas de desarrollo compatibles&hellip; <\/p>\n","protected":false},"featured_media":1965,"comment_status":"open","ping_status":"closed","template":"","meta":{"om_disable_all_campaigns":false,"_monsterinsights_skip_tracking":false,"_monsterinsights_sitenote_active":false,"_monsterinsights_sitenote_note":"","_monsterinsights_sitenote_category":0},"product_cat":[36,211],"product_tag":[],"class_list":{"0":"post-1963","1":"product","2":"type-product","3":"status-publish","4":"has-post-thumbnail","6":"product_cat-herramientas","7":"product_cat-placas-de-desarrollo","9":"first","10":"instock","11":"taxable","12":"shipping-taxable","13":"purchasable","14":"product-type-simple"},"aioseo_notices":[],"_links":{"self":[{"href":"https:\/\/techtronik.store\/index.php?rest_route=\/wp\/v3\/product\/1963","targetHints":{"allow":["GET"]}}],"collection":[{"href":"https:\/\/techtronik.store\/index.php?rest_route=\/wp\/v3\/product"}],"about":[{"href":"https:\/\/techtronik.store\/index.php?rest_route=\/wp\/v2\/types\/product"}],"replies":[{"embeddable":true,"href":"https:\/\/techtronik.store\/index.php?rest_route=%2Fwp%2Fv2%2Fcomments&post=1963"}],"wp:featuredmedia":[{"embeddable":true,"href":"https:\/\/techtronik.store\/index.php?rest_route=\/wp\/v2\/media\/1965"}],"wp:attachment":[{"href":"https:\/\/techtronik.store\/index.php?rest_route=%2Fwp%2Fv2%2Fmedia&parent=1963"}],"wp:term":[{"taxonomy":"product_cat","embeddable":true,"href":"https:\/\/techtronik.store\/index.php?rest_route=%2Fwp%2Fv2%2Fproduct_cat&post=1963"},{"taxonomy":"product_tag","embeddable":true,"href":"https:\/\/techtronik.store\/index.php?rest_route=%2Fwp%2Fv2%2Fproduct_tag&post=1963"}],"curies":[{"name":"wp","href":"https:\/\/api.w.org\/{rel}","templated":true}]}}