{"id":1957,"date":"2022-09-08T23:51:10","date_gmt":"2022-09-08T23:51:10","guid":{"rendered":"https:\/\/techtronik.store\/?post_type=product&#038;p=1957"},"modified":"2022-09-09T18:35:58","modified_gmt":"2022-09-09T18:35:58","slug":"modttp223-modulo-boton-sensor-tactil","status":"publish","type":"product","link":"https:\/\/techtronik.store\/?product=modttp223-modulo-boton-sensor-tactil","title":{"rendered":"MODTTP223 Modulo Bot\u00f3n Sensor T\u00e1ctil"},"content":{"rendered":"<p>El Bot\u00f3n T\u00e1ctil Capacitivo TTP223B es un dispositivo que presenta un comportamiento similar a un pulsador, pero puede ser activado con poca presi\u00f3n.<\/p>\n<p>Puede reemplazar la tecla tradicional de bot\u00f3n directo, por lo cual son empleados a la hora de hacer interruptores el\u00e9ctricos, por ejemplo, son frecuentes en ba\u00f1os y garajes. Tambi\u00e9n pueden ser \u00fatiles, por ejemplo, para ubicar un pulsador t\u00e1ctil bajo un panel interactivo, de un vinilo con artes gr\u00e1ficas, o integrado bajo la madera de un mueble.<\/p>\n","protected":false},"excerpt":{"rendered":"<p>El Bot\u00f3n T\u00e1ctil Capacitivo TTP223B es un dispositivo que presenta un comportamiento similar a un pulsador, pero puede ser activado con poca presi\u00f3n. Puede reemplazar la tecla tradicional de bot\u00f3n directo, por lo cual son empleados a la hora de hacer interruptores el\u00e9ctricos, por ejemplo, son frecuentes en ba\u00f1os y&hellip; <\/p>\n","protected":false},"featured_media":1958,"comment_status":"open","ping_status":"closed","template":"","meta":{"om_disable_all_campaigns":false,"_monsterinsights_skip_tracking":false,"_monsterinsights_sitenote_active":false,"_monsterinsights_sitenote_note":"","_monsterinsights_sitenote_category":0},"product_cat":[37,53],"product_tag":[],"class_list":{"0":"post-1957","1":"product","2":"type-product","3":"status-publish","4":"has-post-thumbnail","6":"product_cat-modulos","7":"product_cat-sensores","9":"first","10":"instock","11":"taxable","12":"shipping-taxable","13":"purchasable","14":"product-type-simple"},"aioseo_notices":[],"_links":{"self":[{"href":"https:\/\/techtronik.store\/index.php?rest_route=\/wp\/v3\/product\/1957","targetHints":{"allow":["GET"]}}],"collection":[{"href":"https:\/\/techtronik.store\/index.php?rest_route=\/wp\/v3\/product"}],"about":[{"href":"https:\/\/techtronik.store\/index.php?rest_route=\/wp\/v2\/types\/product"}],"replies":[{"embeddable":true,"href":"https:\/\/techtronik.store\/index.php?rest_route=%2Fwp%2Fv2%2Fcomments&post=1957"}],"wp:featuredmedia":[{"embeddable":true,"href":"https:\/\/techtronik.store\/index.php?rest_route=\/wp\/v2\/media\/1958"}],"wp:attachment":[{"href":"https:\/\/techtronik.store\/index.php?rest_route=%2Fwp%2Fv2%2Fmedia&parent=1957"}],"wp:term":[{"taxonomy":"product_cat","embeddable":true,"href":"https:\/\/techtronik.store\/index.php?rest_route=%2Fwp%2Fv2%2Fproduct_cat&post=1957"},{"taxonomy":"product_tag","embeddable":true,"href":"https:\/\/techtronik.store\/index.php?rest_route=%2Fwp%2Fv2%2Fproduct_tag&post=1957"}],"curies":[{"name":"wp","href":"https:\/\/api.w.org\/{rel}","templated":true}]}}