{"id":1950,"date":"2022-09-08T23:25:59","date_gmt":"2022-09-08T23:25:59","guid":{"rendered":"https:\/\/techtronik.store\/?post_type=product&#038;p=1950"},"modified":"2022-10-17T05:55:08","modified_gmt":"2022-10-17T05:55:08","slug":"ah49e-sensor-efecto-hall","status":"publish","type":"product","link":"https:\/\/techtronik.store\/?product=ah49e-sensor-efecto-hall","title":{"rendered":"AH49E Sensor Efecto Hall"},"content":{"rendered":"<p><strong>*** Este sensor viene montado en el modulo\u00a0 KY-035 Sensor Efecto Hall, por lo tanto tiene la misma funcion y caracter\u00edsticas ***<\/strong><\/p>\n<p>EL AH49E es un sensor de efecto Hall con salida anal\u00f3gica, el cual permite detectar de forma f\u00e1cil, r\u00e1pida y precisa campos magn\u00e9ticos producidos cerca de sensor.<\/p>\n<p>Es muy \u00fatil en proyectos de electr\u00f3nica, rob\u00f3tica y automatizaci\u00f3n ya que tiene una amplia gama de aplicaciones, como poder ser un excelente sensor de posici\u00f3n sin contacto, un contador de ciclos, es muy com\u00fan verlos en aplicaciones como veloc\u00edmetros sobre todo en bicicletas, etc.<\/p>\n","protected":false},"excerpt":{"rendered":"<p>*** Este sensor viene montado en el modulo\u00a0 KY-035 Sensor Efecto Hall, por lo tanto tiene la misma funcion y caracter\u00edsticas *** EL AH49E es un sensor de efecto Hall con salida anal\u00f3gica, el cual permite detectar de forma f\u00e1cil, r\u00e1pida y precisa campos magn\u00e9ticos producidos cerca de sensor. Es&hellip; <\/p>\n","protected":false},"featured_media":1952,"comment_status":"open","ping_status":"closed","template":"","meta":{"om_disable_all_campaigns":false,"_monsterinsights_skip_tracking":false,"_monsterinsights_sitenote_active":false,"_monsterinsights_sitenote_note":"","_monsterinsights_sitenote_category":0},"product_cat":[49,54,46,53],"product_tag":[],"class_list":{"0":"post-1950","1":"product","2":"type-product","3":"status-publish","4":"has-post-thumbnail","6":"product_cat-circuitos-integrados","7":"product_cat-corriente-y-voltaje","8":"product_cat-semiconductores","9":"product_cat-sensores","11":"first","12":"instock","13":"taxable","14":"shipping-taxable","15":"purchasable","16":"product-type-simple"},"aioseo_notices":[],"_links":{"self":[{"href":"https:\/\/techtronik.store\/index.php?rest_route=\/wp\/v3\/product\/1950","targetHints":{"allow":["GET"]}}],"collection":[{"href":"https:\/\/techtronik.store\/index.php?rest_route=\/wp\/v3\/product"}],"about":[{"href":"https:\/\/techtronik.store\/index.php?rest_route=\/wp\/v2\/types\/product"}],"replies":[{"embeddable":true,"href":"https:\/\/techtronik.store\/index.php?rest_route=%2Fwp%2Fv2%2Fcomments&post=1950"}],"wp:featuredmedia":[{"embeddable":true,"href":"https:\/\/techtronik.store\/index.php?rest_route=\/wp\/v2\/media\/1952"}],"wp:attachment":[{"href":"https:\/\/techtronik.store\/index.php?rest_route=%2Fwp%2Fv2%2Fmedia&parent=1950"}],"wp:term":[{"taxonomy":"product_cat","embeddable":true,"href":"https:\/\/techtronik.store\/index.php?rest_route=%2Fwp%2Fv2%2Fproduct_cat&post=1950"},{"taxonomy":"product_tag","embeddable":true,"href":"https:\/\/techtronik.store\/index.php?rest_route=%2Fwp%2Fv2%2Fproduct_tag&post=1950"}],"curies":[{"name":"wp","href":"https:\/\/api.w.org\/{rel}","templated":true}]}}