{"id":1786,"date":"2022-07-23T21:00:50","date_gmt":"2022-07-23T21:00:50","guid":{"rendered":"http:\/\/techtronik.store\/?post_type=product&#038;p=1786"},"modified":"2022-07-23T21:14:26","modified_gmt":"2022-07-23T21:14:26","slug":"cable-dupont-10cm-40-piezas","status":"publish","type":"product","link":"https:\/\/techtronik.store\/?product=cable-dupont-10cm-40-piezas","title":{"rendered":"Cable Dupont 10cm 40 Piezas"},"content":{"rendered":"<p>Los Cables Dupont vienen en un arn\u00e9s de cable plano (tipo list\u00f3n) de 40 conductores cortos\/largos, cada uno con su conector independiente. Puedes separarlos todos y utilizarlos de manera individual o crear tus arneses especiales de 2, 4, 8 o m\u00e1s conductores removiendo solamente unas piezas conforme se requieran.<\/p>\n<p>Tipos de cables:<\/p>\n<ul>\n<li>Hembra \u2013 Hembra: jack\/jack<\/li>\n<li>Macho \u2013 Hembra: plug\/jack<\/li>\n<li>Macho \u2013 Macho: plug\/plug<\/li>\n<\/ul>\n<p>Realiza tus conexiones de forma m\u00e1s profesional, sin soldaduras, sin falsos contactos y sin desorden con este arn\u00e9s de cable Dupont. Son de gran ayuda al realizar tus proyectos de electr\u00f3nica con Arduino, microcontroladores o protoboards.<\/p>\n","protected":false},"excerpt":{"rendered":"<p>Los Cables Dupont vienen en un arn\u00e9s de cable plano (tipo list\u00f3n) de 40 conductores cortos\/largos, cada uno con su conector independiente. Puedes separarlos todos y utilizarlos de manera individual o crear tus arneses especiales de 2, 4, 8 o m\u00e1s conductores removiendo solamente unas piezas conforme se requieran. Tipos&hellip; <\/p>\n","protected":false},"featured_media":1793,"comment_status":"open","ping_status":"closed","template":"","meta":{"om_disable_all_campaigns":false,"_monsterinsights_skip_tracking":false,"_monsterinsights_sitenote_active":false,"_monsterinsights_sitenote_note":"","_monsterinsights_sitenote_category":0},"product_cat":[36],"product_tag":[],"class_list":{"0":"post-1786","1":"product","2":"type-product","3":"status-publish","4":"has-post-thumbnail","6":"product_cat-herramientas","8":"first","9":"outofstock","10":"taxable","11":"shipping-taxable","12":"purchasable","13":"product-type-variable"},"aioseo_notices":[],"_links":{"self":[{"href":"https:\/\/techtronik.store\/index.php?rest_route=\/wp\/v3\/product\/1786","targetHints":{"allow":["GET"]}}],"collection":[{"href":"https:\/\/techtronik.store\/index.php?rest_route=\/wp\/v3\/product"}],"about":[{"href":"https:\/\/techtronik.store\/index.php?rest_route=\/wp\/v2\/types\/product"}],"replies":[{"embeddable":true,"href":"https:\/\/techtronik.store\/index.php?rest_route=%2Fwp%2Fv2%2Fcomments&post=1786"}],"wp:featuredmedia":[{"embeddable":true,"href":"https:\/\/techtronik.store\/index.php?rest_route=\/wp\/v2\/media\/1793"}],"wp:attachment":[{"href":"https:\/\/techtronik.store\/index.php?rest_route=%2Fwp%2Fv2%2Fmedia&parent=1786"}],"wp:term":[{"taxonomy":"product_cat","embeddable":true,"href":"https:\/\/techtronik.store\/index.php?rest_route=%2Fwp%2Fv2%2Fproduct_cat&post=1786"},{"taxonomy":"product_tag","embeddable":true,"href":"https:\/\/techtronik.store\/index.php?rest_route=%2Fwp%2Fv2%2Fproduct_tag&post=1786"}],"curies":[{"name":"wp","href":"https:\/\/api.w.org\/{rel}","templated":true}]}}