{"id":1783,"date":"2022-07-23T20:59:00","date_gmt":"2022-07-23T20:59:00","guid":{"rendered":"http:\/\/techtronik.store\/?post_type=product&#038;p=1783"},"modified":"2022-09-26T01:05:14","modified_gmt":"2022-09-26T01:05:14","slug":"diodo-laser-rojo","status":"publish","type":"product","link":"https:\/\/techtronik.store\/?product=diodo-laser-rojo","title":{"rendered":"Diodo Laser Rojo"},"content":{"rendered":"<p>Laser 5V 6mm es un dispositivo de emisi\u00f3n de luz o tambi\u00e9n conocido como tubo l\u00e1ser de punto rojo, integrado con un cabezal de cobre ajustable en l\u00e1ser. Este l\u00e1ser tiene un di\u00e1metro de 6mm y su longitud de onda es 650nm con alcance de hasta 15 metros, de igual forma cuenta con dos cables con longitud de 65mm para alimentar el laser entre 3V a 5V DC.<\/p>\n<p>Este tipo de laser son de prop\u00f3sito general y poden implantarse f\u00e1cilmente a cualquier proyecto de electr\u00f3nica, rob\u00f3tica y microcontroladores. Son ideales para desarrollar proyectos de observaci\u00f3n y orientaci\u00f3n o tener una referencia de concentricidad y posicionamiento en algunas herramientas ya sea de corte o taladros de banco y otras herramientas, tambi\u00e9n son implementados en equipos m\u00e9dicos, en juguetes y peque\u00f1os robots.<\/p>\n<hr \/>\n<h3><strong>ESPECIFICACI\u00d3N Y CARACTER\u00cdSTICAS<\/strong><\/h3>\n<ul>\n<li>Tipo de Salida: Punto, Salida continua<\/li>\n<li>Voltaje de Operaci\u00f3n: 3V ~ 5V (T\u00edpico 3.7V ~ 4.5V)<\/li>\n<li>Corriente de trabajo: &lt;40mA<\/li>\n<li>Potencia de salida: 150mW<\/li>\n<li>Longitud de onda: 650nm<\/li>\n<li>Di\u00e1metro del Punto: 6mm<\/li>\n<li>Longitud del Cable: 65mm<\/li>\n<li>Temperatura de funcionamiento: -30 \u00b0C ~ 60 \u00b0C<\/li>\n<li>Dimensiones: 6 mm x 10 mm<\/li>\n<li>Vida \u00fatil: 1000 horas<\/li>\n<li>Alcance de hasta 15 metros<\/li>\n<li>Pines:\n<ul>\n<li>Polaridad: Cable rojo +, cable azul \u2013<\/li>\n<\/ul>\n<\/li>\n<\/ul>\n","protected":false},"excerpt":{"rendered":"<p>Laser 5V 6mm es un dispositivo de emisi\u00f3n de luz o tambi\u00e9n conocido como tubo l\u00e1ser de punto rojo, integrado con un cabezal de cobre ajustable en l\u00e1ser. Este l\u00e1ser tiene un di\u00e1metro de 6mm y su longitud de onda es 650nm con alcance de hasta 15 metros, de igual&hellip; <\/p>\n","protected":false},"featured_media":1785,"comment_status":"open","ping_status":"closed","template":"","meta":{"om_disable_all_campaigns":false,"_monsterinsights_skip_tracking":false,"_monsterinsights_sitenote_active":false,"_monsterinsights_sitenote_note":"","_monsterinsights_sitenote_category":0},"product_cat":[48,40,39,46,53],"product_tag":[],"class_list":{"0":"post-1783","1":"product","2":"type-product","3":"status-publish","4":"has-post-thumbnail","6":"product_cat-diodos","7":"product_cat-leds","8":"product_cat-optoelectronica","9":"product_cat-semiconductores","10":"product_cat-sensores","12":"first","13":"instock","14":"taxable","15":"shipping-taxable","16":"purchasable","17":"product-type-simple"},"aioseo_notices":[],"_links":{"self":[{"href":"https:\/\/techtronik.store\/index.php?rest_route=\/wp\/v3\/product\/1783","targetHints":{"allow":["GET"]}}],"collection":[{"href":"https:\/\/techtronik.store\/index.php?rest_route=\/wp\/v3\/product"}],"about":[{"href":"https:\/\/techtronik.store\/index.php?rest_route=\/wp\/v2\/types\/product"}],"replies":[{"embeddable":true,"href":"https:\/\/techtronik.store\/index.php?rest_route=%2Fwp%2Fv2%2Fcomments&post=1783"}],"wp:featuredmedia":[{"embeddable":true,"href":"https:\/\/techtronik.store\/index.php?rest_route=\/wp\/v2\/media\/1785"}],"wp:attachment":[{"href":"https:\/\/techtronik.store\/index.php?rest_route=%2Fwp%2Fv2%2Fmedia&parent=1783"}],"wp:term":[{"taxonomy":"product_cat","embeddable":true,"href":"https:\/\/techtronik.store\/index.php?rest_route=%2Fwp%2Fv2%2Fproduct_cat&post=1783"},{"taxonomy":"product_tag","embeddable":true,"href":"https:\/\/techtronik.store\/index.php?rest_route=%2Fwp%2Fv2%2Fproduct_tag&post=1783"}],"curies":[{"name":"wp","href":"https:\/\/api.w.org\/{rel}","templated":true}]}}