{"id":1726,"date":"2022-07-14T04:44:43","date_gmt":"2022-07-14T04:44:43","guid":{"rendered":"http:\/\/techtronik.store\/?post_type=product&#038;p=1726"},"modified":"2023-06-28T16:15:23","modified_gmt":"2023-06-28T16:15:23","slug":"potenciometro-trimpot","status":"publish","type":"product","link":"https:\/\/techtronik.store\/?product=potenciometro-trimpot","title":{"rendered":"Potenciometro Trimpot"},"content":{"rendered":"<p>Potenci\u00f3metro trimpot trimmer 3296W disponible en distintos valores de resistencia desde 50\u03a9, 1k\u03a9, 2k\u03a9, 5k\u03a9, 50k\u03a9, 100k\u03a9 y 1M\u03a9. Estos potenci\u00f3metros son multivueltas, realizan una variedad de ajustes de circuitos en todo tipo de equipos electr\u00f3nicos.<br \/>\nLas aplicaciones t\u00edpicas son medir la distancia lineal, el \u00e1ngulo o la rotaci\u00f3n en los equipos de producci\u00f3n.<\/p>\n<p>&nbsp;<\/p>\n","protected":false},"excerpt":{"rendered":"<p>Potenci\u00f3metro trimpot trimmer 3296W disponible en distintos valores de resistencia desde 50\u03a9, 1k\u03a9, 2k\u03a9, 5k\u03a9, 50k\u03a9, 100k\u03a9 y 1M\u03a9. Estos potenci\u00f3metros son multivueltas, realizan una variedad de ajustes de circuitos en todo tipo de equipos electr\u00f3nicos. Las aplicaciones t\u00edpicas son medir la distancia lineal, el \u00e1ngulo o la rotaci\u00f3n en&hellip; <\/p>\n","protected":false},"featured_media":1727,"comment_status":"open","ping_status":"closed","template":"","meta":{"om_disable_all_campaigns":false,"_monsterinsights_skip_tracking":false,"_monsterinsights_sitenote_active":false,"_monsterinsights_sitenote_note":"","_monsterinsights_sitenote_category":0},"product_cat":[42,44,45],"product_tag":[],"class_list":{"0":"post-1726","1":"product","2":"type-product","3":"status-publish","4":"has-post-thumbnail","6":"product_cat-pasivos","7":"product_cat-potenciometros","8":"product_cat-resistencias","10":"first","11":"instock","12":"taxable","13":"shipping-taxable","14":"purchasable","15":"product-type-variable"},"aioseo_notices":[],"_links":{"self":[{"href":"https:\/\/techtronik.store\/index.php?rest_route=\/wp\/v3\/product\/1726","targetHints":{"allow":["GET"]}}],"collection":[{"href":"https:\/\/techtronik.store\/index.php?rest_route=\/wp\/v3\/product"}],"about":[{"href":"https:\/\/techtronik.store\/index.php?rest_route=\/wp\/v2\/types\/product"}],"replies":[{"embeddable":true,"href":"https:\/\/techtronik.store\/index.php?rest_route=%2Fwp%2Fv2%2Fcomments&post=1726"}],"wp:featuredmedia":[{"embeddable":true,"href":"https:\/\/techtronik.store\/index.php?rest_route=\/wp\/v2\/media\/1727"}],"wp:attachment":[{"href":"https:\/\/techtronik.store\/index.php?rest_route=%2Fwp%2Fv2%2Fmedia&parent=1726"}],"wp:term":[{"taxonomy":"product_cat","embeddable":true,"href":"https:\/\/techtronik.store\/index.php?rest_route=%2Fwp%2Fv2%2Fproduct_cat&post=1726"},{"taxonomy":"product_tag","embeddable":true,"href":"https:\/\/techtronik.store\/index.php?rest_route=%2Fwp%2Fv2%2Fproduct_tag&post=1726"}],"curies":[{"name":"wp","href":"https:\/\/api.w.org\/{rel}","templated":true}]}}