{"id":1703,"date":"2022-07-09T17:36:20","date_gmt":"2022-07-09T17:36:20","guid":{"rendered":"http:\/\/techtronik.store\/?post_type=product&#038;p=1703"},"modified":"2022-07-09T17:38:48","modified_gmt":"2022-07-09T17:38:48","slug":"modulo-ds3231-mini-rtc","status":"publish","type":"product","link":"https:\/\/techtronik.store\/?product=modulo-ds3231-mini-rtc","title":{"rendered":"Modulo DS3231 Mini RTC"},"content":{"rendered":"<p>Modulo DS3231 de tiempo real RTC lo podr\u00e1s integrar a tus proyectos para que tengan la capacidad de almacenar y llevar la cuenta de fecha y hora, este modulo es compacto y de f\u00e1cil utilizaci\u00f3n ya que tiene una interfaz de comunicaci\u00f3n I2C para establecer comunicaci\u00f3n con tarjetas de desarrollo o microcontroladores.<\/p>\n<p>Este tipo de m\u00f3dulos son ideales para proyectos donde se requiera obtener la hora y la fecha, de esta manera se puede obtener\u00a0 eventos para tener puntualidad y exactitud a lo largo del tiempo y as\u00ed tener control de temporizadores para el encendido y apagado de luces, sistemas de riego y otras aplicaciones. Estos m\u00f3dulos son una completa soluci\u00f3n para aprender sobre el circuito DS3231 y realizar proyectos que requieren de alguna forma de la fecha y hora actuales, de igual forma funciona en las 24 horas o en la indicaci\u00f3n de banda AM \/ PM del formato de 12 horas. Proporciona dos Despertadores configurables y un calendario se puede configurar en una salida de onda cuadrada. La direcci\u00f3n y los datos se transfieren serialmente a trav\u00e9s de un bus bidireccional I2C.<\/p>\n<hr \/>\n<h3><strong>ESPECIFICACIONES Y CARACTERISTICAS\u00a0<\/strong><\/h3>\n<ul>\n<li>Voltaje de Alimentaci\u00f3n DC: 3.3V ~ 5V<\/li>\n<li>Bajo consumo de energ\u00eda<\/li>\n<li>Soporta Raspberry Pi y Arduino<\/li>\n<li>Tipo de Comunicaci\u00f3n: I2C<\/li>\n<li>Funciones de reloj incluidos segundos, minutos, horas, d\u00edas, fecha, mes y a\u00f1o<\/li>\n<li>Soporta el Calendario hasta el a\u00f1o 2100<\/li>\n<li>Compensaci\u00f3n de a\u00f1o bisiesto<\/li>\n<li>Formato de hora configurable en 12 o 24 horas<\/li>\n<li>Frecuencia de Funcionamiento: 400 KHz<\/li>\n<li>Dimensiones: 13 mm x 13 mm x 14 mm<\/li>\n<\/ul>\n","protected":false},"excerpt":{"rendered":"<p>Modulo DS3231 de tiempo real RTC lo podr\u00e1s integrar a tus proyectos para que tengan la capacidad de almacenar y llevar la cuenta de fecha y hora, este modulo es compacto y de f\u00e1cil utilizaci\u00f3n ya que tiene una interfaz de comunicaci\u00f3n I2C para establecer comunicaci\u00f3n con tarjetas de desarrollo&hellip; <\/p>\n","protected":false},"featured_media":1705,"comment_status":"open","ping_status":"closed","template":"","meta":{"om_disable_all_campaigns":false,"_monsterinsights_skip_tracking":false,"_monsterinsights_sitenote_active":false,"_monsterinsights_sitenote_note":"","_monsterinsights_sitenote_category":0},"product_cat":[37],"product_tag":[],"class_list":{"0":"post-1703","1":"product","2":"type-product","3":"status-publish","4":"has-post-thumbnail","6":"product_cat-modulos","8":"first","9":"instock","10":"taxable","11":"shipping-taxable","12":"purchasable","13":"product-type-simple"},"aioseo_notices":[],"_links":{"self":[{"href":"https:\/\/techtronik.store\/index.php?rest_route=\/wp\/v3\/product\/1703","targetHints":{"allow":["GET"]}}],"collection":[{"href":"https:\/\/techtronik.store\/index.php?rest_route=\/wp\/v3\/product"}],"about":[{"href":"https:\/\/techtronik.store\/index.php?rest_route=\/wp\/v2\/types\/product"}],"replies":[{"embeddable":true,"href":"https:\/\/techtronik.store\/index.php?rest_route=%2Fwp%2Fv2%2Fcomments&post=1703"}],"wp:featuredmedia":[{"embeddable":true,"href":"https:\/\/techtronik.store\/index.php?rest_route=\/wp\/v2\/media\/1705"}],"wp:attachment":[{"href":"https:\/\/techtronik.store\/index.php?rest_route=%2Fwp%2Fv2%2Fmedia&parent=1703"}],"wp:term":[{"taxonomy":"product_cat","embeddable":true,"href":"https:\/\/techtronik.store\/index.php?rest_route=%2Fwp%2Fv2%2Fproduct_cat&post=1703"},{"taxonomy":"product_tag","embeddable":true,"href":"https:\/\/techtronik.store\/index.php?rest_route=%2Fwp%2Fv2%2Fproduct_tag&post=1703"}],"curies":[{"name":"wp","href":"https:\/\/api.w.org\/{rel}","templated":true}]}}