{"id":1700,"date":"2022-07-09T17:29:25","date_gmt":"2022-07-09T17:29:25","guid":{"rendered":"http:\/\/techtronik.store\/?post_type=product&#038;p=1700"},"modified":"2022-07-09T17:35:52","modified_gmt":"2022-07-09T17:35:52","slug":"modulo-ds3231-rtc","status":"publish","type":"product","link":"https:\/\/techtronik.store\/?product=modulo-ds3231-rtc","title":{"rendered":"Modulo DS3231 RTC"},"content":{"rendered":"<p>Es un m\u00f3dulo de tiempo real RTC (Real Time Clock) que podr\u00e1s integrar a tus proyectos para que tengan la capacidad de almacenar y llevar la cuenta de fecha y hora, este m\u00f3dulo es compacto y de f\u00e1cil utilizaci\u00f3n ya que tiene una interfaz de comunicaci\u00f3n I2C para establecer comunicaci\u00f3n con tarjetas de desarrollo o microcontroladores.<\/p>\n<p>El m\u00f3dulo est\u00e1 basado en el RTC DS3231 de MAXIM y la EEPROM AT24C32 de ATMEL. Ambos circuitos integrados comparten el mismo bus comunicaci\u00f3n con el Protocolo I2C. El RTC DS3231 es la evoluci\u00f3n del cl\u00e1sico RTC DS1307. La principal diferencia con el DS1307 es el oscilador interno compensado por temperatura, lo que hace que su precisi\u00f3n sea muy alta. La memoria EEPROM AT24C32 permite almacenar 32Kbits (4K Bytes) de datos de manera permanente.<\/p>\n<hr \/>\n<h3><strong>ESPECIFICACIONES Y CARACTERISTICAS\u00a0<\/strong><\/h3>\n<ul>\n<li>Voltaje de Alimentaci\u00f3n DC: 3.3V ~ 5V<\/li>\n<li>Tipo de Comunicaci\u00f3n: I2C<\/li>\n<li>Bajo consumo de energ\u00eda<\/li>\n<li>Compatible con Arduino, Raspberry Pi y otras tarjetas.<\/li>\n<li>Exactitud Reloj: 2ppm<\/li>\n<li>Direcci\u00f3n I2C del DS3132: Read(11010001) Write(11010000)<\/li>\n<li>Memoria EEPROM AT24C32 (4K * 8bit = 32Kbit = 4KByte)<\/li>\n<li>RTC de alta precisi\u00f3n DS3231 con oscilador interno<\/li>\n<li>Puede ser usado en cascada con otro dispositivo I2C, la direcci\u00f3n del AT24C32 puede ser modificada (por defecto es 0x57)<\/li>\n<li>No incluye bater\u00eda<\/li>\n<li>Dimensiones: 38 mm x 22 mm x 12 mm<\/li>\n<\/ul>\n<p><strong>Funciones RTC:<\/strong><\/p>\n<ul>\n<li>Fecha con segundos, minutos, horas, numero d\u00eda, d\u00eda de la semana, mes y a\u00f1o.<\/li>\n<li>Compensaci\u00f3n de a\u00f1o bisiesto.<\/li>\n<li>Formato de hora configurable en 12 o 24 horas.<\/li>\n<li>2 Alarmas configurables<\/li>\n<li>Circuito compensador de temperatura para el voltaje de referencia interno<\/li>\n<\/ul>\n","protected":false},"excerpt":{"rendered":"<p>Es un m\u00f3dulo de tiempo real RTC (Real Time Clock) que podr\u00e1s integrar a tus proyectos para que tengan la capacidad de almacenar y llevar la cuenta de fecha y hora, este m\u00f3dulo es compacto y de f\u00e1cil utilizaci\u00f3n ya que tiene una interfaz de comunicaci\u00f3n I2C para establecer comunicaci\u00f3n&hellip; <\/p>\n","protected":false},"featured_media":1702,"comment_status":"open","ping_status":"closed","template":"","meta":{"om_disable_all_campaigns":false,"_monsterinsights_skip_tracking":false,"_monsterinsights_sitenote_active":false,"_monsterinsights_sitenote_note":"","_monsterinsights_sitenote_category":0},"product_cat":[37],"product_tag":[],"class_list":{"0":"post-1700","1":"product","2":"type-product","3":"status-publish","4":"has-post-thumbnail","6":"product_cat-modulos","8":"first","9":"instock","10":"taxable","11":"shipping-taxable","12":"purchasable","13":"product-type-simple"},"aioseo_notices":[],"_links":{"self":[{"href":"https:\/\/techtronik.store\/index.php?rest_route=\/wp\/v3\/product\/1700","targetHints":{"allow":["GET"]}}],"collection":[{"href":"https:\/\/techtronik.store\/index.php?rest_route=\/wp\/v3\/product"}],"about":[{"href":"https:\/\/techtronik.store\/index.php?rest_route=\/wp\/v2\/types\/product"}],"replies":[{"embeddable":true,"href":"https:\/\/techtronik.store\/index.php?rest_route=%2Fwp%2Fv2%2Fcomments&post=1700"}],"wp:featuredmedia":[{"embeddable":true,"href":"https:\/\/techtronik.store\/index.php?rest_route=\/wp\/v2\/media\/1702"}],"wp:attachment":[{"href":"https:\/\/techtronik.store\/index.php?rest_route=%2Fwp%2Fv2%2Fmedia&parent=1700"}],"wp:term":[{"taxonomy":"product_cat","embeddable":true,"href":"https:\/\/techtronik.store\/index.php?rest_route=%2Fwp%2Fv2%2Fproduct_cat&post=1700"},{"taxonomy":"product_tag","embeddable":true,"href":"https:\/\/techtronik.store\/index.php?rest_route=%2Fwp%2Fv2%2Fproduct_tag&post=1700"}],"curies":[{"name":"wp","href":"https:\/\/api.w.org\/{rel}","templated":true}]}}