{"id":1650,"date":"2022-06-21T14:18:40","date_gmt":"2022-06-21T14:18:40","guid":{"rendered":"http:\/\/techtronik.store\/?post_type=product&#038;p=1650"},"modified":"2022-11-18T00:23:53","modified_gmt":"2022-11-18T00:23:53","slug":"arduino-mega-2560","status":"publish","type":"product","link":"https:\/\/techtronik.store\/?product=arduino-mega-2560","title":{"rendered":"Arduino Mega 2560"},"content":{"rendered":"<p>Es una placa de desarrollo programable que permite de forma practica y sencilla introducirte al mundo de la electr\u00f3nica y programaci\u00f3n en Arduino IDE. Esta basada en el microcontrolador ATmega2560. Tiene 54 pines de entrada \/ salida digital (de los cuales 15 se pueden usar como salidas PWM), 16 entradas anal\u00f3gicas, 4 UART (puertos serie de hardware), un oscilador de cristal de 16 MHz, una conexi\u00f3n USB, un conector de alimentaci\u00f3n, un encabezado para comunicaci\u00f3n ICSP y un bot\u00f3n de reinicio.<\/p>\n<p>Es utilizada para realizar todo tipo de prototipos, practicas y proyectos de electr\u00f3nica ya que puede ser programable para cumplir diferentes tareas o procesos que se le definan, desde recopilar informaci\u00f3n de sensores digitales y anal\u00f3gicos adem\u00e1s\u00a0 controlar diferentes dispositivos como leds, buzzers, motores, actuadores y m\u00e1s. Si eres estudiante, t\u00e9cnico, ingeniero, maker o docente de electr\u00f3nica esta placa te ayudara a introducirte de forma practica al mundo de la programaci\u00f3n y desarrollo de proyectos de electr\u00f3nica. La ventaja de esta placa con otras versiones es que desarrollaras proyectos m\u00e1s complejos.<\/p>\n","protected":false},"excerpt":{"rendered":"<p>Es una placa de desarrollo programable que permite de forma practica y sencilla introducirte al mundo de la electr\u00f3nica y programaci\u00f3n en Arduino IDE. Esta basada en el microcontrolador ATmega2560. Tiene 54 pines de entrada \/ salida digital (de los cuales 15 se pueden usar como salidas PWM), 16 entradas&hellip; <\/p>\n","protected":false},"featured_media":1651,"comment_status":"open","ping_status":"closed","template":"","meta":{"om_disable_all_campaigns":false,"_monsterinsights_skip_tracking":false,"_monsterinsights_sitenote_active":false,"_monsterinsights_sitenote_note":"","_monsterinsights_sitenote_category":0},"product_cat":[211],"product_tag":[],"class_list":{"0":"post-1650","1":"product","2":"type-product","3":"status-publish","4":"has-post-thumbnail","6":"product_cat-placas-de-desarrollo","8":"first","9":"instock","10":"taxable","11":"shipping-taxable","12":"purchasable","13":"product-type-simple"},"aioseo_notices":[],"_links":{"self":[{"href":"https:\/\/techtronik.store\/index.php?rest_route=\/wp\/v3\/product\/1650","targetHints":{"allow":["GET"]}}],"collection":[{"href":"https:\/\/techtronik.store\/index.php?rest_route=\/wp\/v3\/product"}],"about":[{"href":"https:\/\/techtronik.store\/index.php?rest_route=\/wp\/v2\/types\/product"}],"replies":[{"embeddable":true,"href":"https:\/\/techtronik.store\/index.php?rest_route=%2Fwp%2Fv2%2Fcomments&post=1650"}],"wp:featuredmedia":[{"embeddable":true,"href":"https:\/\/techtronik.store\/index.php?rest_route=\/wp\/v2\/media\/1651"}],"wp:attachment":[{"href":"https:\/\/techtronik.store\/index.php?rest_route=%2Fwp%2Fv2%2Fmedia&parent=1650"}],"wp:term":[{"taxonomy":"product_cat","embeddable":true,"href":"https:\/\/techtronik.store\/index.php?rest_route=%2Fwp%2Fv2%2Fproduct_cat&post=1650"},{"taxonomy":"product_tag","embeddable":true,"href":"https:\/\/techtronik.store\/index.php?rest_route=%2Fwp%2Fv2%2Fproduct_tag&post=1650"}],"curies":[{"name":"wp","href":"https:\/\/api.w.org\/{rel}","templated":true}]}}