{"id":1648,"date":"2022-06-21T14:15:17","date_gmt":"2022-06-21T14:15:17","guid":{"rendered":"http:\/\/techtronik.store\/?post_type=product&#038;p=1648"},"modified":"2022-07-14T15:14:24","modified_gmt":"2022-07-14T15:14:24","slug":"arduino-pro-mini-atmega328-5v","status":"publish","type":"product","link":"https:\/\/techtronik.store\/?product=arduino-pro-mini-atmega328-5v","title":{"rendered":"Arduino Pro Mini ATmega328 5V"},"content":{"rendered":"<p>El Pro Mini compatible con Arduino es una tarjeta de desarrollo basada en el ATmega328 con 32 KB de memoria flash, \u00fatil en proyectos donde el tama\u00f1o sea un factor limitante, por lo dem\u00e1s es tan vers\u00e1til c\u00f3mo un Arduino UNO.<\/p>\n","protected":false},"excerpt":{"rendered":"<p>El Pro Mini compatible con Arduino es una tarjeta de desarrollo basada en el ATmega328 con 32 KB de memoria flash, \u00fatil en proyectos donde el tama\u00f1o sea un factor limitante, por lo dem\u00e1s es tan vers\u00e1til c\u00f3mo un Arduino UNO.<\/p>\n","protected":false},"featured_media":1649,"comment_status":"open","ping_status":"closed","template":"","meta":{"om_disable_all_campaigns":false,"_monsterinsights_skip_tracking":false,"_monsterinsights_sitenote_active":false,"_monsterinsights_sitenote_note":"","_monsterinsights_sitenote_category":0},"product_cat":[211],"product_tag":[],"class_list":{"0":"post-1648","1":"product","2":"type-product","3":"status-publish","4":"has-post-thumbnail","6":"product_cat-placas-de-desarrollo","8":"first","9":"instock","10":"taxable","11":"shipping-taxable","12":"purchasable","13":"product-type-simple"},"aioseo_notices":[],"_links":{"self":[{"href":"https:\/\/techtronik.store\/index.php?rest_route=\/wp\/v3\/product\/1648","targetHints":{"allow":["GET"]}}],"collection":[{"href":"https:\/\/techtronik.store\/index.php?rest_route=\/wp\/v3\/product"}],"about":[{"href":"https:\/\/techtronik.store\/index.php?rest_route=\/wp\/v2\/types\/product"}],"replies":[{"embeddable":true,"href":"https:\/\/techtronik.store\/index.php?rest_route=%2Fwp%2Fv2%2Fcomments&post=1648"}],"wp:featuredmedia":[{"embeddable":true,"href":"https:\/\/techtronik.store\/index.php?rest_route=\/wp\/v2\/media\/1649"}],"wp:attachment":[{"href":"https:\/\/techtronik.store\/index.php?rest_route=%2Fwp%2Fv2%2Fmedia&parent=1648"}],"wp:term":[{"taxonomy":"product_cat","embeddable":true,"href":"https:\/\/techtronik.store\/index.php?rest_route=%2Fwp%2Fv2%2Fproduct_cat&post=1648"},{"taxonomy":"product_tag","embeddable":true,"href":"https:\/\/techtronik.store\/index.php?rest_route=%2Fwp%2Fv2%2Fproduct_tag&post=1648"}],"curies":[{"name":"wp","href":"https:\/\/api.w.org\/{rel}","templated":true}]}}