{"id":1642,"date":"2022-06-21T13:37:36","date_gmt":"2022-06-21T13:37:36","guid":{"rendered":"http:\/\/techtronik.store\/?post_type=product&#038;p=1642"},"modified":"2022-06-29T05:29:24","modified_gmt":"2022-06-29T05:29:24","slug":"max30102-pulso-concentracion-oxigeno","status":"publish","type":"product","link":"https:\/\/techtronik.store\/?product=max30102-pulso-concentracion-oxigeno","title":{"rendered":"MAX30102 Pulso Concentracion Oxigeno"},"content":{"rendered":"<div align=\"justify\">\n<p>El sensor\u00a0 de pulso MAX30102 es dispositivo que integra un pulsiox\u00edmetro y\u00a0 monitor de frecuencia cardiaca. Cuenta con infrarrojo, detectores fotoel\u00e9ctricos, dispositivos \u00f3pticos y circuitos electr\u00f3nicos de baja frecuencia con supresi\u00f3n de luz ambiental. Es compatible con la interfaz de comunicaci\u00f3n I2C para facilitar la transmisi\u00f3n de informaci\u00f3n a Arduino, KL25Z u otros microcontroladores de pulso y oxigenaci\u00f3n. El chip puede apagar el modulo o entrar en modo reposo. Para poder tener lectura del pulso y\/o ritmo cardiaco coloca el dispositivo en los dedos, l\u00f3bulo o mu\u00f1eca.<\/p>\n<p>El Sensor de Pulso MAX30102 es \u00fatil para int\u00e9gralo en proyectos donde se mida el pulso y pulso cardiaco , ya que funciona de la siguiente manera:<\/p>\n<\/div>\n<ul>\n<li>Por M\u00e9todo de foto disoluci\u00f3n: La medida del pulso y saturaci\u00f3n de oxigeno en la sangre es realizado por medio del tejido humano que provoca diferentes transmitancias en la luz cuando los vasos sangu\u00edneos laten.<\/li>\n<li>Fuente de luz: Una longitud de onda especifica de luz emitida por un diodo para medir la oxihemoglobina (HbO2) y la hemoglobina (Hb) de la sangre arterial.<\/li>\n<li>La transmitancia se convierte en se\u00f1al el\u00e9ctrica: El cambio en el volumen de las pulsaciones arteriales provoca que la transmitancia de la luz cambie. En este momento la luz reflejada por el tejido humano es recibida por el transductor fotoel\u00e9ctrico, transform\u00e1ndola en una se\u00f1al el\u00e9ctrica.<\/li>\n<\/ul>\n","protected":false},"excerpt":{"rendered":"<p>El sensor\u00a0 de pulso MAX30102 es dispositivo que integra un pulsiox\u00edmetro y\u00a0 monitor de frecuencia cardiaca. Cuenta con infrarrojo, detectores fotoel\u00e9ctricos, dispositivos \u00f3pticos y circuitos electr\u00f3nicos de baja frecuencia con supresi\u00f3n de luz ambiental. Es compatible con la interfaz de comunicaci\u00f3n I2C para facilitar la transmisi\u00f3n de informaci\u00f3n a Arduino,&hellip; <\/p>\n","protected":false},"featured_media":1645,"comment_status":"open","ping_status":"closed","template":"","meta":{"om_disable_all_campaigns":false,"_monsterinsights_skip_tracking":false,"_monsterinsights_sitenote_active":false,"_monsterinsights_sitenote_note":"","_monsterinsights_sitenote_category":0},"product_cat":[37,53],"product_tag":[],"class_list":{"0":"post-1642","1":"product","2":"type-product","3":"status-publish","4":"has-post-thumbnail","6":"product_cat-modulos","7":"product_cat-sensores","9":"first","10":"instock","11":"taxable","12":"shipping-taxable","13":"purchasable","14":"product-type-simple"},"aioseo_notices":[],"_links":{"self":[{"href":"https:\/\/techtronik.store\/index.php?rest_route=\/wp\/v3\/product\/1642","targetHints":{"allow":["GET"]}}],"collection":[{"href":"https:\/\/techtronik.store\/index.php?rest_route=\/wp\/v3\/product"}],"about":[{"href":"https:\/\/techtronik.store\/index.php?rest_route=\/wp\/v2\/types\/product"}],"replies":[{"embeddable":true,"href":"https:\/\/techtronik.store\/index.php?rest_route=%2Fwp%2Fv2%2Fcomments&post=1642"}],"wp:featuredmedia":[{"embeddable":true,"href":"https:\/\/techtronik.store\/index.php?rest_route=\/wp\/v2\/media\/1645"}],"wp:attachment":[{"href":"https:\/\/techtronik.store\/index.php?rest_route=%2Fwp%2Fv2%2Fmedia&parent=1642"}],"wp:term":[{"taxonomy":"product_cat","embeddable":true,"href":"https:\/\/techtronik.store\/index.php?rest_route=%2Fwp%2Fv2%2Fproduct_cat&post=1642"},{"taxonomy":"product_tag","embeddable":true,"href":"https:\/\/techtronik.store\/index.php?rest_route=%2Fwp%2Fv2%2Fproduct_tag&post=1642"}],"curies":[{"name":"wp","href":"https:\/\/api.w.org\/{rel}","templated":true}]}}