{"id":1640,"date":"2022-06-21T13:28:37","date_gmt":"2022-06-21T13:28:37","guid":{"rendered":"http:\/\/techtronik.store\/?post_type=product&#038;p=1640"},"modified":"2022-09-08T00:51:19","modified_gmt":"2022-09-08T00:51:19","slug":"bateria-lipo-3-7v-400mah","status":"publish","type":"product","link":"https:\/\/techtronik.store\/?product=bateria-lipo-3-7v-400mah","title":{"rendered":"Bater\u00eda LiPo 3.7V 400mAh"},"content":{"rendered":"<p align=\"justify\">La Bater\u00eda LiPo 3.7V 400mAh o bater\u00eda de litio-pol\u00edmero, es una pila recargable constituida por varias celdas lo que permite almacenar una gran cantidad de energ\u00eda. El voltaje es de 3.7V a 4.2V y una corriente de 400mAh.<\/p>\n<p>Para suministrar un voltaje de 3.7V a proyectos, dispositivos y\/o equipos que requieran una corriente de 400mAh. Por ejemplo: en auriculares Bluetooth, altavoz Bluetooth, productos port\u00e1tiles inteligentes, electr\u00f3nica para autom\u00f3viles, GPS, tel\u00e9fono inteligente, productos digitales, DVD port\u00e1til, tableta, libro electr\u00f3nico, terminal POS, PDA, banco de energ\u00eda, juguetes RC, m\u00e9dico dispositivo, etc. En el \u00e1mbito de la electr\u00f3nica y desarrollo de proyectos son utilizadas para crear prototipos que tenga una fuente de alimentaci\u00f3n recargable.<\/p>\n","protected":false},"excerpt":{"rendered":"<p>La Bater\u00eda LiPo 3.7V 400mAh o bater\u00eda de litio-pol\u00edmero, es una pila recargable constituida por varias celdas lo que permite almacenar una gran cantidad de energ\u00eda. El voltaje es de 3.7V a 4.2V y una corriente de 400mAh. Para suministrar un voltaje de 3.7V a proyectos, dispositivos y\/o equipos que&hellip; <\/p>\n","protected":false},"featured_media":1641,"comment_status":"open","ping_status":"closed","template":"","meta":{"om_disable_all_campaigns":false,"_monsterinsights_skip_tracking":false,"_monsterinsights_sitenote_active":false,"_monsterinsights_sitenote_note":"","_monsterinsights_sitenote_category":0},"product_cat":[32,25],"product_tag":[],"class_list":{"0":"post-1640","1":"product","2":"type-product","3":"status-publish","4":"has-post-thumbnail","6":"product_cat-baterias","7":"product_cat-fuentes-y-reguladores","9":"first","10":"instock","11":"taxable","12":"shipping-taxable","13":"purchasable","14":"product-type-simple"},"aioseo_notices":[],"_links":{"self":[{"href":"https:\/\/techtronik.store\/index.php?rest_route=\/wp\/v3\/product\/1640","targetHints":{"allow":["GET"]}}],"collection":[{"href":"https:\/\/techtronik.store\/index.php?rest_route=\/wp\/v3\/product"}],"about":[{"href":"https:\/\/techtronik.store\/index.php?rest_route=\/wp\/v2\/types\/product"}],"replies":[{"embeddable":true,"href":"https:\/\/techtronik.store\/index.php?rest_route=%2Fwp%2Fv2%2Fcomments&post=1640"}],"wp:featuredmedia":[{"embeddable":true,"href":"https:\/\/techtronik.store\/index.php?rest_route=\/wp\/v2\/media\/1641"}],"wp:attachment":[{"href":"https:\/\/techtronik.store\/index.php?rest_route=%2Fwp%2Fv2%2Fmedia&parent=1640"}],"wp:term":[{"taxonomy":"product_cat","embeddable":true,"href":"https:\/\/techtronik.store\/index.php?rest_route=%2Fwp%2Fv2%2Fproduct_cat&post=1640"},{"taxonomy":"product_tag","embeddable":true,"href":"https:\/\/techtronik.store\/index.php?rest_route=%2Fwp%2Fv2%2Fproduct_tag&post=1640"}],"curies":[{"name":"wp","href":"https:\/\/api.w.org\/{rel}","templated":true}]}}