{"id":1636,"date":"2022-06-21T13:08:54","date_gmt":"2022-06-21T13:08:54","guid":{"rendered":"http:\/\/techtronik.store\/?post_type=product&#038;p=1636"},"modified":"2023-02-13T07:07:38","modified_gmt":"2023-02-13T07:07:38","slug":"esp32-wroom32-smd-dual-core-32bits-4-mb","status":"publish","type":"product","link":"https:\/\/techtronik.store\/?product=esp32-wroom32-smd-dual-core-32bits-4-mb","title":{"rendered":"ESP32-WROOM-32D 4MB SMD"},"content":{"rendered":"<p>Es un microcontrolador de 32 bits y de doble n\u00facleo, cuenta con WIFI y BLUETOOTH, es de montaje superficial SMD, tiene 32 pines. Adem\u00e1s este chip es el sucesor de la familia ESP8266.<\/p>\n<p>Es ideal para proyectos de internet de las cosas IoT, de igual forma si te dedicas al desarrollo de PCBs o necesitas reducir el tama\u00f1o de tus prototipos basados en ESP32 este chip es para ti, tambi\u00e9n sirve para tener el remplazo ideal si se a da\u00f1ado tu ESP32-WROOM-32E.<\/p>\n","protected":false},"excerpt":{"rendered":"<p>Es un microcontrolador de 32 bits y de doble n\u00facleo, cuenta con WIFI y BLUETOOTH, es de montaje superficial SMD, tiene 32 pines. Adem\u00e1s este chip es el sucesor de la familia ESP8266. Es ideal para proyectos de internet de las cosas IoT, de igual forma si te dedicas al&hellip; <\/p>\n","protected":false},"featured_media":1638,"comment_status":"open","ping_status":"closed","template":"","meta":{"om_disable_all_campaigns":false,"_monsterinsights_skip_tracking":false,"_monsterinsights_sitenote_active":false,"_monsterinsights_sitenote_note":"","_monsterinsights_sitenote_category":0},"product_cat":[49,75,74,37,211,46,328,73],"product_tag":[],"class_list":{"0":"post-1636","1":"product","2":"type-product","3":"status-publish","4":"has-post-thumbnail","6":"product_cat-circuitos-integrados","7":"product_cat-comunicaciones","8":"product_cat-iot","9":"product_cat-modulos","10":"product_cat-placas-de-desarrollo","11":"product_cat-semiconductores","12":"product_cat-smd","13":"product_cat-wireless","15":"first","16":"instock","17":"taxable","18":"shipping-taxable","19":"purchasable","20":"product-type-simple"},"aioseo_notices":[],"_links":{"self":[{"href":"https:\/\/techtronik.store\/index.php?rest_route=\/wp\/v3\/product\/1636","targetHints":{"allow":["GET"]}}],"collection":[{"href":"https:\/\/techtronik.store\/index.php?rest_route=\/wp\/v3\/product"}],"about":[{"href":"https:\/\/techtronik.store\/index.php?rest_route=\/wp\/v2\/types\/product"}],"replies":[{"embeddable":true,"href":"https:\/\/techtronik.store\/index.php?rest_route=%2Fwp%2Fv2%2Fcomments&post=1636"}],"wp:featuredmedia":[{"embeddable":true,"href":"https:\/\/techtronik.store\/index.php?rest_route=\/wp\/v2\/media\/1638"}],"wp:attachment":[{"href":"https:\/\/techtronik.store\/index.php?rest_route=%2Fwp%2Fv2%2Fmedia&parent=1636"}],"wp:term":[{"taxonomy":"product_cat","embeddable":true,"href":"https:\/\/techtronik.store\/index.php?rest_route=%2Fwp%2Fv2%2Fproduct_cat&post=1636"},{"taxonomy":"product_tag","embeddable":true,"href":"https:\/\/techtronik.store\/index.php?rest_route=%2Fwp%2Fv2%2Fproduct_tag&post=1636"}],"curies":[{"name":"wp","href":"https:\/\/api.w.org\/{rel}","templated":true}]}}