{"id":1634,"date":"2022-06-21T13:08:21","date_gmt":"2022-06-21T13:08:21","guid":{"rendered":"http:\/\/techtronik.store\/?post_type=product&#038;p=1634"},"modified":"2023-02-13T06:58:19","modified_gmt":"2023-02-13T06:58:19","slug":"esp32-d0wd-v3","status":"publish","type":"product","link":"https:\/\/techtronik.store\/?product=esp32-d0wd-v3","title":{"rendered":"ESP32-D0WD-V3"},"content":{"rendered":"<p>ESP32-D0WD-V3 SMD, es un peque\u00f1o MCU que incorpora WiFi y Bluetooth, si te dedicas al desarrollo de placas de circuito impreso PCBs, podr\u00e1s implementar este MCU para crear proyectos de internet de las cosas o realizar la reparaci\u00f3n de placas que incorporen este microcontrolador.<\/p>\n","protected":false},"excerpt":{"rendered":"<p>ESP32-D0WD-V3 SMD, es un peque\u00f1o MCU que incorpora WiFi y Bluetooth, si te dedicas al desarrollo de placas de circuito impreso PCBs, podr\u00e1s implementar este MCU para crear proyectos de internet de las cosas o realizar la reparaci\u00f3n de placas que incorporen este microcontrolador.<\/p>\n","protected":false},"featured_media":1635,"comment_status":"open","ping_status":"closed","template":"","meta":{"om_disable_all_campaigns":false,"_monsterinsights_skip_tracking":false,"_monsterinsights_sitenote_active":false,"_monsterinsights_sitenote_note":"","_monsterinsights_sitenote_category":0},"product_cat":[49,335,75,74,211,46,332,328,73],"product_tag":[],"class_list":{"0":"post-1634","1":"product","2":"type-product","3":"status-publish","4":"has-post-thumbnail","6":"product_cat-circuitos-integrados","7":"product_cat-circuitos-integrados-semiconductores-smd","8":"product_cat-comunicaciones","9":"product_cat-iot","10":"product_cat-placas-de-desarrollo","11":"product_cat-semiconductores","12":"product_cat-semiconductores-smd","13":"product_cat-smd","14":"product_cat-wireless","16":"first","17":"instock","18":"taxable","19":"shipping-taxable","20":"purchasable","21":"product-type-simple"},"aioseo_notices":[],"_links":{"self":[{"href":"https:\/\/techtronik.store\/index.php?rest_route=\/wp\/v3\/product\/1634","targetHints":{"allow":["GET"]}}],"collection":[{"href":"https:\/\/techtronik.store\/index.php?rest_route=\/wp\/v3\/product"}],"about":[{"href":"https:\/\/techtronik.store\/index.php?rest_route=\/wp\/v2\/types\/product"}],"replies":[{"embeddable":true,"href":"https:\/\/techtronik.store\/index.php?rest_route=%2Fwp%2Fv2%2Fcomments&post=1634"}],"wp:featuredmedia":[{"embeddable":true,"href":"https:\/\/techtronik.store\/index.php?rest_route=\/wp\/v2\/media\/1635"}],"wp:attachment":[{"href":"https:\/\/techtronik.store\/index.php?rest_route=%2Fwp%2Fv2%2Fmedia&parent=1634"}],"wp:term":[{"taxonomy":"product_cat","embeddable":true,"href":"https:\/\/techtronik.store\/index.php?rest_route=%2Fwp%2Fv2%2Fproduct_cat&post=1634"},{"taxonomy":"product_tag","embeddable":true,"href":"https:\/\/techtronik.store\/index.php?rest_route=%2Fwp%2Fv2%2Fproduct_tag&post=1634"}],"curies":[{"name":"wp","href":"https:\/\/api.w.org\/{rel}","templated":true}]}}