{"id":1628,"date":"2022-06-20T02:11:24","date_gmt":"2022-06-20T02:11:24","guid":{"rendered":"http:\/\/techtronik.store\/?post_type=product&#038;p=1628"},"modified":"2022-11-15T04:52:34","modified_gmt":"2022-11-15T04:52:34","slug":"modulo-fuente-alimentacion-protoboard-mb-102-light","status":"publish","type":"product","link":"https:\/\/techtronik.store\/?product=modulo-fuente-alimentacion-protoboard-mb-102-light","title":{"rendered":"Modulo Fuente Alimentacion Protoboard MB-102 Light"},"content":{"rendered":"<div align=\"justify\">\n<div align=\"justify\">\n<p>La fuente para protoboard es un m\u00f3dulo que permite alimentar protoboard\u00b4s de 400 y 830, puede suministrar una alimentaci\u00f3n de 5 o 3.3V, es compatible con las protoboards que tengan rieles o lineas de VCC \u2013 GND, es ideal para proyectos o prototipos en donde se requiera una fuente regulada.<\/p>\n<p>Este modulo cuenta con una peque\u00f1a protecci\u00f3n contra cortocircuito adem\u00e1s tiene un LED indicador de alimentaci\u00f3n, de igual forma tiene dos entradas de alimentaci\u00f3n. A trav\u00e9s del USB y de un plug de 5.5 mm universal, el cual puedes suministrar un voltaje desde los 6.5 V hasta los 12 V, incorpora un interruptor para controlar el suministro de energ\u00eda. La corriente m\u00e1xima que suministra es de 700mA, puedes utilizar el USB de la computadora pero aproximadamente tendr\u00e1s una corriente de 400mA.<\/p>\n<\/div>\n<hr \/>\n<h3><strong>ESPECIFICACIONES Y CARACTER\u00cdSTICAS<\/strong><\/h3>\n<ul>\n<li>Tipo: Fuente de voltaje<\/li>\n<li>Serie: MB-102<\/li>\n<li>Longitud: 53 mm<\/li>\n<li>Ancho: 32 mm<\/li>\n<li>Altura: 13 mm<\/li>\n<li>Peso: \u00a05 gramos<\/li>\n<li>Voltaje de entrada: 6.5 V a 12 V mediante el Jack<\/li>\n<li>Salida de voltaje en USB: 5 V<\/li>\n<li>Voltaje de salida de 2 l\u00edneas independientes: 3.3 V o 5 V (Seleccionables por el interruptor)<\/li>\n<li>Corriente m\u00e1xima: 700 mA<\/li>\n<li>Potencia: 2.31 W a 3.5 W<\/li>\n<li>Bot\u00f3n: Encendido\/apagado<\/li>\n<li>Conectores entrada: Plug invertido 5.5 mm X 2.1 mm y Jack USB-A<\/li>\n<li>Bot\u00f3n: Encendido\/apagado<\/li>\n<li>Dos canales de salida, uno para cada fila de alimentaci\u00f3n del protoboard<\/li>\n<\/ul>\n<\/div>\n","protected":false},"excerpt":{"rendered":"<p>La fuente para protoboard es un m\u00f3dulo que permite alimentar protoboard\u00b4s de 400 y 830, puede suministrar una alimentaci\u00f3n de 5 o 3.3V, es compatible con las protoboards que tengan rieles o lineas de VCC \u2013 GND, es ideal para proyectos o prototipos en donde se requiera una fuente regulada.&hellip; <\/p>\n","protected":false},"featured_media":1629,"comment_status":"open","ping_status":"closed","template":"","meta":{"om_disable_all_campaigns":false,"_monsterinsights_skip_tracking":false,"_monsterinsights_sitenote_active":false,"_monsterinsights_sitenote_note":"","_monsterinsights_sitenote_category":0},"product_cat":[37,25],"product_tag":[],"class_list":{"0":"post-1628","1":"product","2":"type-product","3":"status-publish","4":"has-post-thumbnail","6":"product_cat-modulos","7":"product_cat-fuentes-y-reguladores","9":"first","10":"outofstock","11":"taxable","12":"shipping-taxable","13":"purchasable","14":"product-type-simple"},"aioseo_notices":[],"_links":{"self":[{"href":"https:\/\/techtronik.store\/index.php?rest_route=\/wp\/v3\/product\/1628","targetHints":{"allow":["GET"]}}],"collection":[{"href":"https:\/\/techtronik.store\/index.php?rest_route=\/wp\/v3\/product"}],"about":[{"href":"https:\/\/techtronik.store\/index.php?rest_route=\/wp\/v2\/types\/product"}],"replies":[{"embeddable":true,"href":"https:\/\/techtronik.store\/index.php?rest_route=%2Fwp%2Fv2%2Fcomments&post=1628"}],"wp:featuredmedia":[{"embeddable":true,"href":"https:\/\/techtronik.store\/index.php?rest_route=\/wp\/v2\/media\/1629"}],"wp:attachment":[{"href":"https:\/\/techtronik.store\/index.php?rest_route=%2Fwp%2Fv2%2Fmedia&parent=1628"}],"wp:term":[{"taxonomy":"product_cat","embeddable":true,"href":"https:\/\/techtronik.store\/index.php?rest_route=%2Fwp%2Fv2%2Fproduct_cat&post=1628"},{"taxonomy":"product_tag","embeddable":true,"href":"https:\/\/techtronik.store\/index.php?rest_route=%2Fwp%2Fv2%2Fproduct_tag&post=1628"}],"curies":[{"name":"wp","href":"https:\/\/api.w.org\/{rel}","templated":true}]}}