{"id":1609,"date":"2022-06-19T22:26:11","date_gmt":"2022-06-19T22:26:11","guid":{"rendered":"http:\/\/techtronik.store\/?post_type=product&#038;p=1609"},"modified":"2025-11-02T00:13:38","modified_gmt":"2025-11-02T00:13:38","slug":"buzzer-zumbador-pasivo-5v","status":"publish","type":"product","link":"https:\/\/techtronik.store\/?product=buzzer-zumbador-pasivo-5v","title":{"rendered":"Buzzer Zumbador Pasivo 5V"},"content":{"rendered":"<div align=\"justify\">\n<p>El Buzzer Zumbador Pasivo 5V es un piezoel\u00e9ctrico que se encuentra adherido a un disco cer\u00e1mico sobre una placa vibrante. La tensi\u00f3n aplicada causa una contracci\u00f3n o expansi\u00f3n del disco cer\u00e1mico generando sonidos.<\/p>\n<p>La electr\u00f3nica interna del Buzzer Zumbador Pasivo es simple por lo cual, se le tiene que proporcionar una frecuencia\u00a0 para conseguir un sonido deseado. Todo lo que necesitas hacer es conectar el Buzzer al microcontrolador y enviar la se\u00f1al indicada para la frecuencia que desea escuchar.<\/p>\n<p>Se utiliza com\u00fanmente\u00a0 para generar alarmas\u00a0 sonoras en tarjetas electr\u00f3nicas, computadoras, mult\u00edmetros, en las series de luces de navide\u00f1as, mecanismo de se\u00f1alizaci\u00f3n, alarma en autom\u00f3viles u hogar, electrodom\u00e9sticos y su uso mas com\u00fan es como despertador.<\/p>\n<hr \/>\n<h3><strong>ESPECIFICACI\u00d3N Y CARACTER\u00cdSTICAS<\/strong><\/h3>\n<ul>\n<li>Frecuencia de Trabajo: 100Hz a 10KHz<\/li>\n<li>Corriente de Consumo: 30 mA (aproximada)<\/li>\n<li>Impedancia: 16\u03a9<\/li>\n<\/ul>\n<\/div>\n","protected":false},"excerpt":{"rendered":"<p>El Buzzer Zumbador Pasivo 5V es un piezoel\u00e9ctrico que se encuentra adherido a un disco cer\u00e1mico sobre una placa vibrante. La tensi\u00f3n aplicada causa una contracci\u00f3n o expansi\u00f3n del disco cer\u00e1mico generando sonidos. La electr\u00f3nica interna del Buzzer Zumbador Pasivo es simple por lo cual, se le tiene que proporcionar&hellip; <\/p>\n","protected":false},"featured_media":1612,"comment_status":"open","ping_status":"closed","template":"","meta":{"om_disable_all_campaigns":false,"_monsterinsights_skip_tracking":false,"_monsterinsights_sitenote_active":false,"_monsterinsights_sitenote_note":"","_monsterinsights_sitenote_category":0},"product_cat":[36,37],"product_tag":[],"class_list":{"0":"post-1609","1":"product","2":"type-product","3":"status-publish","4":"has-post-thumbnail","6":"product_cat-herramientas","7":"product_cat-modulos","9":"first","10":"instock","11":"taxable","12":"shipping-taxable","13":"purchasable","14":"product-type-simple"},"aioseo_notices":[],"_links":{"self":[{"href":"https:\/\/techtronik.store\/index.php?rest_route=\/wp\/v3\/product\/1609","targetHints":{"allow":["GET"]}}],"collection":[{"href":"https:\/\/techtronik.store\/index.php?rest_route=\/wp\/v3\/product"}],"about":[{"href":"https:\/\/techtronik.store\/index.php?rest_route=\/wp\/v2\/types\/product"}],"replies":[{"embeddable":true,"href":"https:\/\/techtronik.store\/index.php?rest_route=%2Fwp%2Fv2%2Fcomments&post=1609"}],"wp:featuredmedia":[{"embeddable":true,"href":"https:\/\/techtronik.store\/index.php?rest_route=\/wp\/v2\/media\/1612"}],"wp:attachment":[{"href":"https:\/\/techtronik.store\/index.php?rest_route=%2Fwp%2Fv2%2Fmedia&parent=1609"}],"wp:term":[{"taxonomy":"product_cat","embeddable":true,"href":"https:\/\/techtronik.store\/index.php?rest_route=%2Fwp%2Fv2%2Fproduct_cat&post=1609"},{"taxonomy":"product_tag","embeddable":true,"href":"https:\/\/techtronik.store\/index.php?rest_route=%2Fwp%2Fv2%2Fproduct_tag&post=1609"}],"curies":[{"name":"wp","href":"https:\/\/api.w.org\/{rel}","templated":true}]}}