{"id":1605,"date":"2022-06-19T22:25:15","date_gmt":"2022-06-19T22:25:15","guid":{"rendered":"http:\/\/techtronik.store\/?post_type=product&#038;p=1605"},"modified":"2023-04-26T02:50:11","modified_gmt":"2023-04-26T02:50:11","slug":"buzzer-zumbador-activo-5v","status":"publish","type":"product","link":"https:\/\/techtronik.store\/?product=buzzer-zumbador-activo-5v","title":{"rendered":"Buzzer Zumbador Activo 5V"},"content":{"rendered":"<div align=\"justify\">\n<p>Buzzer Activo 5v es un transductor electroac\u00fastico, es decir, un dispositivo que convierte la se\u00f1al el\u00e9ctrica en ac\u00fastica. Su construcci\u00f3n consta de una bobina y un electroim\u00e1n.<\/p>\n<p>Se utiliza com\u00fanmente\u00a0 para generar alarmas\u00a0 sonoras en tarjetas electr\u00f3nicas, computadoras, mult\u00edmetros, en las series de luces de navide\u00f1as, mecanismo de se\u00f1alizaci\u00f3n, alarma en autom\u00f3viles u hogar, electrodom\u00e9sticos y su uso mas com\u00fan es como despertador.<\/p>\n<p>Cuando es conectado la corriente pasa por la bobina del electroim\u00e1n y produce un campo magn\u00e9tico variable que hace vibrar la lamina de acero sobre la armadura.<\/p>\n<\/div>\n<hr \/>\n<h3><strong>ESPECIFICACIONES Y CARACTER\u00cdSTICAS<\/strong><\/h3>\n<ul>\n<li>Voltaje de operaci\u00f3n: 5V DC (3.3V-8V)<\/li>\n<li>Corriente m\u00e1xima: 30 mA<\/li>\n<li>Dimensiones:12 mm x 9.5 mm<\/li>\n<li>Peso: 2 g<\/li>\n<li>Frecuencia de resonancia: 2.3kHz<\/li>\n<li>Salida de sonido m\u00ednimo a 10 cm: 85 dB<\/li>\n<li>Temperatura de trabajo: -20\u00b0C a 70\u00b0C<\/li>\n<li>Temperatura de almacenamiento:-30\u00b0C a 105\u00b0C<\/li>\n<li>\u00a0Pines\n<ul>\n<li>VCC (+)<\/li>\n<li>GND<\/li>\n<\/ul>\n<\/li>\n<\/ul>\n","protected":false},"excerpt":{"rendered":"<p>Buzzer Activo 5v es un transductor electroac\u00fastico, es decir, un dispositivo que convierte la se\u00f1al el\u00e9ctrica en ac\u00fastica. Su construcci\u00f3n consta de una bobina y un electroim\u00e1n. Se utiliza com\u00fanmente\u00a0 para generar alarmas\u00a0 sonoras en tarjetas electr\u00f3nicas, computadoras, mult\u00edmetros, en las series de luces de navide\u00f1as, mecanismo de se\u00f1alizaci\u00f3n, alarma&hellip; <\/p>\n","protected":false},"featured_media":1608,"comment_status":"open","ping_status":"closed","template":"","meta":{"om_disable_all_campaigns":false,"_monsterinsights_skip_tracking":false,"_monsterinsights_sitenote_active":false,"_monsterinsights_sitenote_note":"","_monsterinsights_sitenote_category":0},"product_cat":[36,37],"product_tag":[],"class_list":{"0":"post-1605","1":"product","2":"type-product","3":"status-publish","4":"has-post-thumbnail","6":"product_cat-herramientas","7":"product_cat-modulos","9":"first","10":"instock","11":"taxable","12":"shipping-taxable","13":"purchasable","14":"product-type-simple"},"aioseo_notices":[],"_links":{"self":[{"href":"https:\/\/techtronik.store\/index.php?rest_route=\/wp\/v3\/product\/1605","targetHints":{"allow":["GET"]}}],"collection":[{"href":"https:\/\/techtronik.store\/index.php?rest_route=\/wp\/v3\/product"}],"about":[{"href":"https:\/\/techtronik.store\/index.php?rest_route=\/wp\/v2\/types\/product"}],"replies":[{"embeddable":true,"href":"https:\/\/techtronik.store\/index.php?rest_route=%2Fwp%2Fv2%2Fcomments&post=1605"}],"wp:featuredmedia":[{"embeddable":true,"href":"https:\/\/techtronik.store\/index.php?rest_route=\/wp\/v2\/media\/1608"}],"wp:attachment":[{"href":"https:\/\/techtronik.store\/index.php?rest_route=%2Fwp%2Fv2%2Fmedia&parent=1605"}],"wp:term":[{"taxonomy":"product_cat","embeddable":true,"href":"https:\/\/techtronik.store\/index.php?rest_route=%2Fwp%2Fv2%2Fproduct_cat&post=1605"},{"taxonomy":"product_tag","embeddable":true,"href":"https:\/\/techtronik.store\/index.php?rest_route=%2Fwp%2Fv2%2Fproduct_tag&post=1605"}],"curies":[{"name":"wp","href":"https:\/\/api.w.org\/{rel}","templated":true}]}}