{"id":1514,"date":"2022-06-02T12:39:24","date_gmt":"2022-06-02T12:39:24","guid":{"rendered":"http:\/\/techtronik.store\/?post_type=product&#038;p=1514"},"modified":"2023-10-13T00:56:41","modified_gmt":"2023-10-13T00:56:41","slug":"dfplayer-mini-reproductor-mp3-tf-16p-mh2024k-16ss","status":"publish","type":"product","link":"https:\/\/techtronik.store\/?product=dfplayer-mini-reproductor-mp3-tf-16p-mh2024k-16ss","title":{"rendered":"DFplayer Mini Reproductor MP3-TF-16P MH2024K-16SS"},"content":{"rendered":"<div align=\"justify\">\n<p>DFPlayer Mini es un peque\u00f1o modulo reproductor MP3, ideal para reproducir m\u00fasica desde una MicroSD, tiene diferentes modos de control,\u00a0 puede funcionar de forma independiente mediante botones y una fuente de alimentaci\u00f3n, utilizarse con un Jack USB hembra y tener control mediante comunicaci\u00f3n serial con sus pines TX y RX. Es compatible con las placas de desarrollo de Arduino o bien con cualquier otro microcontrolador que tenga puertos de UART.<\/p>\n<p>Sirve para desarrollar diferentes prototipos que permitan reproducir audio en formato MP3. Es utilizado para reproducir audio de forma aut\u00f3noma con ayuda de un MCU y crear sistemas de alarma para dar avisos, contra incendios, sismos y otros.<\/p>\n<p>Adem\u00e1s, tiene un amplificador integrado de 3W para conectar directamente una bocina. Tambi\u00e9n hay una salida para auriculares y amplificador.<\/p>\n<p>El m\u00f3dulo admite decodificaci\u00f3n MP3 y WMV y velocidades de muestreo de hasta 48 kHz. La tarjeta SD admite FAT16, FAT32 hasta 32 GB con un m\u00e1ximo de 100 carpetas con cada 1000 canciones. Los conectores de altavoces y auriculares est\u00e1n conectados a un DAC de 24 bits con un rango din\u00e1mico de hasta 90dB.<\/p>\n<\/div>\n<hr \/>\n<h3><b>ESPECIFICACIONES Y\u00a0<\/b><b>CARACTER\u00cdSTICAS<\/b><b>\u00a0<\/b><\/h3>\n<div>\n<ul>\n<li>Modelo: MP3-TF-16P<\/li>\n<li>Chip: MH2024K-16SS<\/li>\n<li>Dimensiones: 21 mm x 21 mm x 12 mm<\/li>\n<li>Voltaje de alimentaci\u00f3n: 5V DC<\/li>\n<li>Voltaje l\u00f3gico: 5V no es compatible con MCU de 3.3V<\/li>\n<li>Modos de control: Control de E\/S | Modo serie | Control de bot\u00f3n AD<\/li>\n<li>Volumen ajustable de 30 niveles<\/li>\n<li>Admite tasas de muestreo (KHz): 8\/11.025\/12\/16\/22,05\/24\/32\/44,1\/48<\/li>\n<li>Salida DAC: 24 bits<\/li>\n<li>Rango din\u00e1mico: 90dB<\/li>\n<li>Soporte SNR: 85dB<\/li>\n<li>Compatibilidad: FAT16 y FAT32<\/li>\n<li>MicroSD: No se incluye. Soporta M\u00e1ximo 32G<\/li>\n<li>Bocina: No se incluye. Soporta una sola bocina de 3W no exceder este par\u00e1metro<\/li>\n<li>El nombre de los archivos debe ser numeral, no incluir texto<\/li>\n<li>Led de encendido: No<\/li>\n<li>Led indicador: Si, cuando comienza a reproducir audio el led prender\u00e1 de lo contrario estar\u00e1 apagado<\/li>\n<li>Compatible con MCU: Ideal para placas de Arduino y MCU logica de 5V, recomendable alimentar de forma independiente el mini reproductor con una fuente externa.<\/li>\n<\/ul>\n<p><strong>*Nota:\u00a0<\/strong>El mini reproductor mp3 solo funciona con placas con l\u00f3gica de 5V, para placas que manejan una l\u00f3gica de 3.3V como ESP32, NodeMCU y otras, el m\u00f3dulo no funcionara correctamente, \u00fanicamente utilizar con MCU y placas de desarrollo que tengan l\u00f3gica de 5V.<\/p>\n<\/div>\n","protected":false},"excerpt":{"rendered":"<p>DFPlayer Mini es un peque\u00f1o modulo reproductor MP3, ideal para reproducir m\u00fasica desde una MicroSD, tiene diferentes modos de control,\u00a0 puede funcionar de forma independiente mediante botones y una fuente de alimentaci\u00f3n, utilizarse con un Jack USB hembra y tener control mediante comunicaci\u00f3n serial con sus pines TX y RX.&hellip; <\/p>\n","protected":false},"featured_media":1518,"comment_status":"open","ping_status":"closed","template":"","meta":{"om_disable_all_campaigns":false,"_monsterinsights_skip_tracking":false,"_monsterinsights_sitenote_active":false,"_monsterinsights_sitenote_note":"","_monsterinsights_sitenote_category":0},"product_cat":[37],"product_tag":[],"class_list":{"0":"post-1514","1":"product","2":"type-product","3":"status-publish","4":"has-post-thumbnail","6":"product_cat-modulos","8":"first","9":"instock","10":"taxable","11":"shipping-taxable","12":"purchasable","13":"product-type-simple"},"aioseo_notices":[],"_links":{"self":[{"href":"https:\/\/techtronik.store\/index.php?rest_route=\/wp\/v3\/product\/1514","targetHints":{"allow":["GET"]}}],"collection":[{"href":"https:\/\/techtronik.store\/index.php?rest_route=\/wp\/v3\/product"}],"about":[{"href":"https:\/\/techtronik.store\/index.php?rest_route=\/wp\/v2\/types\/product"}],"replies":[{"embeddable":true,"href":"https:\/\/techtronik.store\/index.php?rest_route=%2Fwp%2Fv2%2Fcomments&post=1514"}],"wp:featuredmedia":[{"embeddable":true,"href":"https:\/\/techtronik.store\/index.php?rest_route=\/wp\/v2\/media\/1518"}],"wp:attachment":[{"href":"https:\/\/techtronik.store\/index.php?rest_route=%2Fwp%2Fv2%2Fmedia&parent=1514"}],"wp:term":[{"taxonomy":"product_cat","embeddable":true,"href":"https:\/\/techtronik.store\/index.php?rest_route=%2Fwp%2Fv2%2Fproduct_cat&post=1514"},{"taxonomy":"product_tag","embeddable":true,"href":"https:\/\/techtronik.store\/index.php?rest_route=%2Fwp%2Fv2%2Fproduct_tag&post=1514"}],"curies":[{"name":"wp","href":"https:\/\/api.w.org\/{rel}","templated":true}]}}