{"id":1485,"date":"2022-05-30T00:20:08","date_gmt":"2022-05-30T00:20:08","guid":{"rendered":"http:\/\/techtronik.store\/?post_type=product&#038;p=1485"},"modified":"2022-07-23T22:46:24","modified_gmt":"2022-07-23T22:46:24","slug":"adaptador-esp-01","status":"publish","type":"product","link":"https:\/\/techtronik.store\/?product=adaptador-esp-01","title":{"rendered":"Modulo Adaptador ESP-01"},"content":{"rendered":"<p>Modulo\/base para comunicarse con el ESP-01 ya que normalmente los pines no permiten la conexi\u00f3n en la protoboard y pueden provocar un cortocircuito.<\/p>\n<p>CARACTERISTICAS:<\/p>\n<ul>\n<li>Alimentaci\u00f3n de 5V a 3.3V<\/li>\n<li>Soporta se\u00f1ales de 5V sin riesgo de da\u00f1ar<\/li>\n<\/ul>\n","protected":false},"excerpt":{"rendered":"<p>Modulo\/base para comunicarse con el ESP-01 ya que normalmente los pines no permiten la conexi\u00f3n en la protoboard y pueden provocar un cortocircuito. CARACTERISTICAS: Alimentaci\u00f3n de 5V a 3.3V Soporta se\u00f1ales de 5V sin riesgo de da\u00f1ar<\/p>\n","protected":false},"featured_media":1488,"comment_status":"open","ping_status":"closed","template":"","meta":{"om_disable_all_campaigns":false,"_monsterinsights_skip_tracking":false,"_monsterinsights_sitenote_active":false,"_monsterinsights_sitenote_note":"","_monsterinsights_sitenote_category":0},"product_cat":[75,74,37,211,73],"product_tag":[],"class_list":{"0":"post-1485","1":"product","2":"type-product","3":"status-publish","4":"has-post-thumbnail","6":"product_cat-comunicaciones","7":"product_cat-iot","8":"product_cat-modulos","9":"product_cat-placas-de-desarrollo","10":"product_cat-wireless","12":"first","13":"instock","14":"taxable","15":"shipping-taxable","16":"purchasable","17":"product-type-simple"},"aioseo_notices":[],"_links":{"self":[{"href":"https:\/\/techtronik.store\/index.php?rest_route=\/wp\/v3\/product\/1485","targetHints":{"allow":["GET"]}}],"collection":[{"href":"https:\/\/techtronik.store\/index.php?rest_route=\/wp\/v3\/product"}],"about":[{"href":"https:\/\/techtronik.store\/index.php?rest_route=\/wp\/v2\/types\/product"}],"replies":[{"embeddable":true,"href":"https:\/\/techtronik.store\/index.php?rest_route=%2Fwp%2Fv2%2Fcomments&post=1485"}],"wp:featuredmedia":[{"embeddable":true,"href":"https:\/\/techtronik.store\/index.php?rest_route=\/wp\/v2\/media\/1488"}],"wp:attachment":[{"href":"https:\/\/techtronik.store\/index.php?rest_route=%2Fwp%2Fv2%2Fmedia&parent=1485"}],"wp:term":[{"taxonomy":"product_cat","embeddable":true,"href":"https:\/\/techtronik.store\/index.php?rest_route=%2Fwp%2Fv2%2Fproduct_cat&post=1485"},{"taxonomy":"product_tag","embeddable":true,"href":"https:\/\/techtronik.store\/index.php?rest_route=%2Fwp%2Fv2%2Fproduct_tag&post=1485"}],"curies":[{"name":"wp","href":"https:\/\/api.w.org\/{rel}","templated":true}]}}