{"id":1482,"date":"2022-05-29T06:29:46","date_gmt":"2022-05-29T06:29:46","guid":{"rendered":"http:\/\/techtronik.store\/?post_type=product&#038;p=1482"},"modified":"2022-11-22T22:29:51","modified_gmt":"2022-11-22T22:29:51","slug":"bateria-de-9v-recargable-usb-c","status":"publish","type":"product","link":"https:\/\/techtronik.store\/?product=bateria-de-9v-recargable-usb-c","title":{"rendered":"Bater\u00eda de 9V Recargable USB C"},"content":{"rendered":"<p>Utiliza esta pila o bater\u00eda el\u00e9ctrica cuadrada de 9 volts para dar energ\u00eda a aparatos electr\u00f3nicos, juguetes o proyectos de electr\u00f3nica: es recargable de larga duraci\u00f3n.<\/p>\n<p>Complementa esta bater\u00eda con:<\/p>\n<ul>\n<li>\n<p class=\"woocommerce-loop-product__title\">Modulo Fuente Alimentacion Protoboard MB-102<\/p>\n<\/li>\n<li>\n<p class=\"woocommerce-loop-product__title\">Conector Bater\u00eda 9V Arduino y Fuente Protoboard<\/p>\n<\/li>\n<\/ul>\n","protected":false},"excerpt":{"rendered":"<p>Utiliza esta pila o bater\u00eda el\u00e9ctrica cuadrada de 9 volts para dar energ\u00eda a aparatos electr\u00f3nicos, juguetes o proyectos de electr\u00f3nica: es recargable de larga duraci\u00f3n. Complementa esta bater\u00eda con: Modulo Fuente Alimentacion Protoboard MB-102 Conector Bater\u00eda 9V Arduino y Fuente Protoboard<\/p>\n","protected":false},"featured_media":1484,"comment_status":"open","ping_status":"closed","template":"","meta":{"om_disable_all_campaigns":false,"_monsterinsights_skip_tracking":false,"_monsterinsights_sitenote_active":false,"_monsterinsights_sitenote_note":"","_monsterinsights_sitenote_category":0},"product_cat":[32,25],"product_tag":[],"class_list":{"0":"post-1482","1":"product","2":"type-product","3":"status-publish","4":"has-post-thumbnail","6":"product_cat-baterias","7":"product_cat-fuentes-y-reguladores","9":"first","10":"instock","11":"taxable","12":"shipping-taxable","13":"purchasable","14":"product-type-simple"},"aioseo_notices":[],"_links":{"self":[{"href":"https:\/\/techtronik.store\/index.php?rest_route=\/wp\/v3\/product\/1482","targetHints":{"allow":["GET"]}}],"collection":[{"href":"https:\/\/techtronik.store\/index.php?rest_route=\/wp\/v3\/product"}],"about":[{"href":"https:\/\/techtronik.store\/index.php?rest_route=\/wp\/v2\/types\/product"}],"replies":[{"embeddable":true,"href":"https:\/\/techtronik.store\/index.php?rest_route=%2Fwp%2Fv2%2Fcomments&post=1482"}],"wp:featuredmedia":[{"embeddable":true,"href":"https:\/\/techtronik.store\/index.php?rest_route=\/wp\/v2\/media\/1484"}],"wp:attachment":[{"href":"https:\/\/techtronik.store\/index.php?rest_route=%2Fwp%2Fv2%2Fmedia&parent=1482"}],"wp:term":[{"taxonomy":"product_cat","embeddable":true,"href":"https:\/\/techtronik.store\/index.php?rest_route=%2Fwp%2Fv2%2Fproduct_cat&post=1482"},{"taxonomy":"product_tag","embeddable":true,"href":"https:\/\/techtronik.store\/index.php?rest_route=%2Fwp%2Fv2%2Fproduct_tag&post=1482"}],"curies":[{"name":"wp","href":"https:\/\/api.w.org\/{rel}","templated":true}]}}