{"id":1348,"date":"2022-05-15T03:05:26","date_gmt":"2022-05-15T03:05:26","guid":{"rendered":"http:\/\/techtronik.store\/?post_type=product&#038;p=1348"},"modified":"2023-06-09T23:53:13","modified_gmt":"2023-06-09T23:53:13","slug":"modulo-fc-51-obstaculo-infrarrojo","status":"publish","type":"product","link":"https:\/\/techtronik.store\/?product=modulo-fc-51-obstaculo-infrarrojo","title":{"rendered":"Modulo FC-51 Obstaculo Infrarrojo"},"content":{"rendered":"<div align=\"justify\">\n<p>El M\u00f3dulo Sensor De Obst\u00e1culos Reflectivo Infrarrojo FC-51 es un dispositivo optoelectr\u00f3nico activo capaz de medir proximidad por infrarrojo IR, esta compuesto por un transmisor que emite energ\u00eda infrarroja IR y un receptor que detecta la energ\u00eda IR reflejada por la presencia de cualquier obst\u00e1culo en la parte frontal del m\u00f3dulo. El sensor puede ser usado con luz ambiente o en la obscuridad.<\/p>\n<p>El sensor de obst\u00e1culos reflectivo infrarrojo es usado en proyectos de rob\u00f3tica, que tengan como prop\u00f3sito el evitar obst\u00e1culos; de manera industrial para el conteo de la producci\u00f3n; en uso personal para sistemas de seguridad y\/o detecci\u00f3n de presencia. El m\u00f3dulo sensor se puede comunicar con Arduino, Raspberry Pi o cualquier microcontrolador que tenga un nivel de tensi\u00f3n de IO de 3.3V a 5V.<\/p>\n<\/div>\n<hr \/>\n<h3><strong>ESPECIFICACI\u00d3N Y CARACTER\u00cdSTICAS<\/strong><\/h3>\n<ul>\n<li>Modelo: FC-51<\/li>\n<li>Chip de funcionamiento: LM393<\/li>\n<li>Voltaje de alimentaci\u00f3n: 3.3V \u2013 5V<\/li>\n<li>Voltaje de salida digital : 5V<\/li>\n<li>Dimensiones: 31 mm\u00a0 x 15 mm x 7 mm<\/li>\n<li>Distancia de detecci\u00f3n: 20 mm \u2013 300 mm (ajustable)<\/li>\n<li>Angulo de detecci\u00f3n: 35\u00b0<\/li>\n<li>Pines:\n<ul>\n<li>VCC: Voltaje de alimentaci\u00f3n<\/li>\n<li>OUT: Salida de tensi\u00f3n digital (0,1)<\/li>\n<li>GND: Tierra<\/li>\n<\/ul>\n<\/li>\n<\/ul>\n","protected":false},"excerpt":{"rendered":"<p>El M\u00f3dulo Sensor De Obst\u00e1culos Reflectivo Infrarrojo FC-51 es un dispositivo optoelectr\u00f3nico activo capaz de medir proximidad por infrarrojo IR, esta compuesto por un transmisor que emite energ\u00eda infrarroja IR y un receptor que detecta la energ\u00eda IR reflejada por la presencia de cualquier obst\u00e1culo en la parte frontal del&hellip; <\/p>\n","protected":false},"featured_media":1351,"comment_status":"open","ping_status":"closed","template":"","meta":{"om_disable_all_campaigns":false,"_monsterinsights_skip_tracking":false,"_monsterinsights_sitenote_active":false,"_monsterinsights_sitenote_note":"","_monsterinsights_sitenote_category":0},"product_cat":[37,53],"product_tag":[],"class_list":{"0":"post-1348","1":"product","2":"type-product","3":"status-publish","4":"has-post-thumbnail","6":"product_cat-modulos","7":"product_cat-sensores","9":"first","10":"instock","11":"taxable","12":"shipping-taxable","13":"purchasable","14":"product-type-simple"},"aioseo_notices":[],"_links":{"self":[{"href":"https:\/\/techtronik.store\/index.php?rest_route=\/wp\/v3\/product\/1348","targetHints":{"allow":["GET"]}}],"collection":[{"href":"https:\/\/techtronik.store\/index.php?rest_route=\/wp\/v3\/product"}],"about":[{"href":"https:\/\/techtronik.store\/index.php?rest_route=\/wp\/v2\/types\/product"}],"replies":[{"embeddable":true,"href":"https:\/\/techtronik.store\/index.php?rest_route=%2Fwp%2Fv2%2Fcomments&post=1348"}],"wp:featuredmedia":[{"embeddable":true,"href":"https:\/\/techtronik.store\/index.php?rest_route=\/wp\/v2\/media\/1351"}],"wp:attachment":[{"href":"https:\/\/techtronik.store\/index.php?rest_route=%2Fwp%2Fv2%2Fmedia&parent=1348"}],"wp:term":[{"taxonomy":"product_cat","embeddable":true,"href":"https:\/\/techtronik.store\/index.php?rest_route=%2Fwp%2Fv2%2Fproduct_cat&post=1348"},{"taxonomy":"product_tag","embeddable":true,"href":"https:\/\/techtronik.store\/index.php?rest_route=%2Fwp%2Fv2%2Fproduct_tag&post=1348"}],"curies":[{"name":"wp","href":"https:\/\/api.w.org\/{rel}","templated":true}]}}