{"id":1345,"date":"2022-05-15T02:55:40","date_gmt":"2022-05-15T02:55:40","guid":{"rendered":"http:\/\/techtronik.store\/?post_type=product&#038;p=1345"},"modified":"2023-10-16T15:26:32","modified_gmt":"2023-10-16T15:26:32","slug":"modulo-tcrt5000-seguidor-de-linea-infrarrojo","status":"publish","type":"product","link":"https:\/\/techtronik.store\/?product=modulo-tcrt5000-seguidor-de-linea-infrarrojo","title":{"rendered":"Modulo TCRT5000 Seguidor de Linea Infrarrojo"},"content":{"rendered":"<div align=\"justify\">\n<p>El Seguidor de L\u00ednea \u00d3ptico Infrarrojo posee un emisor de luz infrarroja y de un fototransistor que recibe la luz reflejada por un posible obst\u00e1culo. La cantidad de luz recibida depende del color y reflectividad del objeto. Contamos con el sensor TCRT5000 y en modulo en donde podr\u00e1s ajustar la distancia de detecci\u00f3n y pines de salida digital y anal\u00f3gico; para f\u00e1cil conexi\u00f3n a tarjetas de desarrollo.<\/p>\n<p>El Seguidor es usado com\u00fanmente en proyectos con seguidores de l\u00ednea integrados. Puede ser utilizado con microcontroladores y\/o tarjetas: Arduino, 8051, AVR, PIC, DSP and ARM.<\/p>\n<\/div>\n<hr \/>\n<h3><strong>ESPECIFICACI\u00d3N Y CARACTER\u00cdSTICAS<\/strong><\/h3>\n<h4><b>Modulo Seguidor de L\u00ednea\u00a0\u00d3ptico Infrarrojo<\/b><\/h4>\n<table width=\"1152\">\n<tbody>\n<tr>\n<td width=\"283\">\n<ul>\n<li>Chip Principal: TCRT5000<\/li>\n<li>Voltaje de operaci\u00f3n: 3.3 V a 5 V<\/li>\n<li>Consumo de corriente: 15 mA<\/li>\n<li>Dimensiones: 31 mm \u00d7 13 mm \u00d7 2 mm<\/li>\n<li>Rango de detecci\u00f3n: 0.5 mm y 15 mm<\/li>\n<li>Longitud de onda: 950 nm.<\/li>\n<li>Peso: 3 g<\/li>\n<li>N\u00famero de salidas:\u00a02 (una anal\u00f3gica y una digital).<\/li>\n<li>\u00a0Pines:\n<ul>\n<li>VCC: Voltaje de entrada<\/li>\n<li>GND<\/li>\n<li>DO: Salida digital<\/li>\n<li>AO: Salida anal\u00f3gica<\/li>\n<\/ul>\n<\/li>\n<\/ul>\n<\/td>\n<\/tr>\n<\/tbody>\n<\/table>\n","protected":false},"excerpt":{"rendered":"<p>El Seguidor de L\u00ednea \u00d3ptico Infrarrojo posee un emisor de luz infrarroja y de un fototransistor que recibe la luz reflejada por un posible obst\u00e1culo. La cantidad de luz recibida depende del color y reflectividad del objeto. Contamos con el sensor TCRT5000 y en modulo en donde podr\u00e1s ajustar la&hellip; <\/p>\n","protected":false},"featured_media":1347,"comment_status":"open","ping_status":"closed","template":"","meta":{"om_disable_all_campaigns":false,"_monsterinsights_skip_tracking":false,"_monsterinsights_sitenote_active":false,"_monsterinsights_sitenote_note":"","_monsterinsights_sitenote_category":0},"product_cat":[37,53],"product_tag":[],"class_list":{"0":"post-1345","1":"product","2":"type-product","3":"status-publish","4":"has-post-thumbnail","6":"product_cat-modulos","7":"product_cat-sensores","9":"first","10":"instock","11":"taxable","12":"shipping-taxable","13":"purchasable","14":"product-type-simple"},"aioseo_notices":[],"_links":{"self":[{"href":"https:\/\/techtronik.store\/index.php?rest_route=\/wp\/v3\/product\/1345","targetHints":{"allow":["GET"]}}],"collection":[{"href":"https:\/\/techtronik.store\/index.php?rest_route=\/wp\/v3\/product"}],"about":[{"href":"https:\/\/techtronik.store\/index.php?rest_route=\/wp\/v2\/types\/product"}],"replies":[{"embeddable":true,"href":"https:\/\/techtronik.store\/index.php?rest_route=%2Fwp%2Fv2%2Fcomments&post=1345"}],"wp:featuredmedia":[{"embeddable":true,"href":"https:\/\/techtronik.store\/index.php?rest_route=\/wp\/v2\/media\/1347"}],"wp:attachment":[{"href":"https:\/\/techtronik.store\/index.php?rest_route=%2Fwp%2Fv2%2Fmedia&parent=1345"}],"wp:term":[{"taxonomy":"product_cat","embeddable":true,"href":"https:\/\/techtronik.store\/index.php?rest_route=%2Fwp%2Fv2%2Fproduct_cat&post=1345"},{"taxonomy":"product_tag","embeddable":true,"href":"https:\/\/techtronik.store\/index.php?rest_route=%2Fwp%2Fv2%2Fproduct_tag&post=1345"}],"curies":[{"name":"wp","href":"https:\/\/api.w.org\/{rel}","templated":true}]}}