{"id":1341,"date":"2022-05-15T02:44:08","date_gmt":"2022-05-15T02:44:08","guid":{"rendered":"http:\/\/techtronik.store\/?post_type=product&#038;p=1341"},"modified":"2022-09-26T02:02:13","modified_gmt":"2022-09-26T02:02:13","slug":"transmisor-receptor-radiofrecuencia-fs1000a-433mhz","status":"publish","type":"product","link":"https:\/\/techtronik.store\/?product=transmisor-receptor-radiofrecuencia-fs1000a-433mhz","title":{"rendered":"Transmisor Receptor Radiofrecuencia FS1000A 433MHz"},"content":{"rendered":"<div>\n<p>M\u00f3dulos RF de 433Mhz son muy populares por su bajo costo y f\u00e1cil uso. Vienen en pareja, emisor (FS1000A) y receptor (MX-RM-5V), el tipo de comunicaci\u00f3n es simplex, es decir en un solo canal y unidireccional, son de baja velocidad de transmisi\u00f3n pero para aplicaciones b\u00e1sicas son muy \u00fatiles.<\/p>\n<\/div>\n<hr \/>\n<h3><strong>ESPECIFICACIONES Y CARACTER\u00cdSTICAS<\/strong><\/h3>\n<h4><strong>Transmisor (FS1000A):<\/strong><\/h4>\n<div>\n<ul>\n<li>Voltaje de Operaci\u00f3n: 3.5V a 12V<\/li>\n<li>Corriente de trabajo:\u00a0 40mA (12V), 9 mA (3.5V);<\/li>\n<li>Alcance: 20 a 200m depender\u00e1 del voltaje de alimentaci\u00f3n y el tipo de antena que se le agregue adicionalmente<\/li>\n<li>Potencia de transmisi\u00f3n: 10 mW<\/li>\n<li>Frecuencia de transmisi\u00f3n: 433MHz<\/li>\n<li>Tasa de transferencia de datos: 4KB\/seg<\/li>\n<li>Alineaci\u00f3n de pines(Izquierda a Derecha): DATA, VCC y GND<\/li>\n<li>Antena externa: No se incluye, pero puedes fabricar una con alambre de un solo n\u00facleo con longitud de 25cm, el cable debe ser enrollado en un di\u00e1metro de 5.5 o 6mm con forma en h\u00e9lice.<\/li>\n<\/ul>\n<h4><strong>Receptor (MX-RM-5V):<\/strong><\/h4>\n<ul>\n<li>Voltaje de Operaci\u00f3n: 5V DC<\/li>\n<li>Consumo de corriente: 4mA<\/li>\n<li>Sensibilidad del receptor: -105dB<\/li>\n<li>Frecuencia de recepci\u00f3n: 433MHz<\/li>\n<li>Antena externa: No se incluye, pero puedes fabricar una con alambre de un solo n\u00facleo con longitud de 32cm, el cable debe ser enrollado en un di\u00e1metro de 5.5 o 6mm con forma en h\u00e9lice<\/li>\n<\/ul>\n<\/div>\n","protected":false},"excerpt":{"rendered":"<p>M\u00f3dulos RF de 433Mhz son muy populares por su bajo costo y f\u00e1cil uso. Vienen en pareja, emisor (FS1000A) y receptor (MX-RM-5V), el tipo de comunicaci\u00f3n es simplex, es decir en un solo canal y unidireccional, son de baja velocidad de transmisi\u00f3n pero para aplicaciones b\u00e1sicas son muy \u00fatiles. ESPECIFICACIONES&hellip; <\/p>\n","protected":false},"featured_media":1344,"comment_status":"open","ping_status":"closed","template":"","meta":{"om_disable_all_campaigns":false,"_monsterinsights_skip_tracking":false,"_monsterinsights_sitenote_active":false,"_monsterinsights_sitenote_note":"","_monsterinsights_sitenote_category":0},"product_cat":[37,73],"product_tag":[],"class_list":{"0":"post-1341","1":"product","2":"type-product","3":"status-publish","4":"has-post-thumbnail","6":"product_cat-modulos","7":"product_cat-wireless","9":"first","10":"instock","11":"taxable","12":"shipping-taxable","13":"purchasable","14":"product-type-simple"},"aioseo_notices":[],"_links":{"self":[{"href":"https:\/\/techtronik.store\/index.php?rest_route=\/wp\/v3\/product\/1341","targetHints":{"allow":["GET"]}}],"collection":[{"href":"https:\/\/techtronik.store\/index.php?rest_route=\/wp\/v3\/product"}],"about":[{"href":"https:\/\/techtronik.store\/index.php?rest_route=\/wp\/v2\/types\/product"}],"replies":[{"embeddable":true,"href":"https:\/\/techtronik.store\/index.php?rest_route=%2Fwp%2Fv2%2Fcomments&post=1341"}],"wp:featuredmedia":[{"embeddable":true,"href":"https:\/\/techtronik.store\/index.php?rest_route=\/wp\/v2\/media\/1344"}],"wp:attachment":[{"href":"https:\/\/techtronik.store\/index.php?rest_route=%2Fwp%2Fv2%2Fmedia&parent=1341"}],"wp:term":[{"taxonomy":"product_cat","embeddable":true,"href":"https:\/\/techtronik.store\/index.php?rest_route=%2Fwp%2Fv2%2Fproduct_cat&post=1341"},{"taxonomy":"product_tag","embeddable":true,"href":"https:\/\/techtronik.store\/index.php?rest_route=%2Fwp%2Fv2%2Fproduct_tag&post=1341"}],"curies":[{"name":"wp","href":"https:\/\/api.w.org\/{rel}","templated":true}]}}